{"id":27308,"date":"2022-03-28T10:49:54","date_gmt":"2022-03-28T08:49:54","guid":{"rendered":"https:\/\/www.seleneshop.net\/shop\/unkategorisiert\/wuenschelrute\/"},"modified":"2022-04-04T10:08:16","modified_gmt":"2022-04-04T08:08:16","slug":"wunschelrute","status":"publish","type":"product","link":"https:\/\/www.seleneshop.net\/de\/shop\/dowsing\/wunschelrute\/","title":{"rendered":"W\u00fcnschelrute"},"content":{"rendered":"<h1>W\u00fcnschelrute<\/h1>\n<div class=\"ph-product-price\">\n<div class=\"cmp-product-price\">\n<p>Eine W\u00fcnschelrute kann verwendet werden, um Brunnen, Metalle, Edelsteine oder andere Gegenst\u00e4nde unter der Erdoberfl\u00e4che zu lokalisieren, oder sie kann energetische St\u00f6rungen innerhalb eines Hauses aufnehmen.<\/p>\n<p>Komplett mit Transportbox<\/p>\n<p>Material: Birkenholz und Aluminium<\/p>\n<p><strong>Gebrauchsanweisung<\/strong><br \/>\nHalten Sie den Zauberstab in Ihren H\u00e4nden, mit Ihren Fingern und Daumen nicht zu fest, aber fest um die Griffe. Der lange Teil sollte die H\u00e4nde nicht ber\u00fchren, damit er sich ungehindert bewegen kann.<\/p>\n<div>\n<div>\n<p>Halten Sie den Zauberstab so und bitten Sie darum, die Antwort &#8220;Ja&#8221; zu zeigen. Der Zauberstab schwingt auf und ab oder von links nach rechts, um anzuzeigen, was die &#8220;Ja&#8221;-Antwort sein wird. Bitten Sie an diesem Punkt den Zauberstab zu zeigen, was die &#8220;Nein&#8221;-Antwort sein wird. Auch hier wird der Zauberstab auf und ab oder von links nach rechts schwingen, aber er sollte sich entgegengesetzt zu dem bewegen, was er f\u00fcr die &#8220;Ja&#8221;-Antwort gezeigt hat. Wiederholen Sie den Vorgang so, dass die &#8220;Ja&#8221;- und &#8220;Nein&#8221;-Bewegungen vollst\u00e4ndig klar sind.<\/p>\n<p>Stellen Sie an dieser Stelle Fragen, bei denen die Antwort nur ein einfaches \u201eJa\u201c oder \u201eNein\u201c sein kann. Stellen Sie Fragen, um herauszufinden, in welche Richtung sich ein bestimmtes Objekt, eine Quelle oder eine Person befindet.<\/p>\n<\/div>\n<\/div>\n<\/div>\n<\/div>\n","protected":false},"excerpt":{"rendered":"<p>W\u00fcnschelrute Eine W\u00fcnschelrute kann verwendet werden, um Brunnen, Metalle, Edelsteine oder andere Gegenst\u00e4nde unter der Erdoberfl\u00e4che zu lokalisieren, oder sie kann energetische St\u00f6rungen innerhalb eines Hauses aufnehmen. Komplett mit Transportbox Material: Birkenholz und Aluminium Gebrauchsanweisung Halten Sie den Zauberstab in Ihren H\u00e4nden, mit Ihren Fingern und Daumen nicht zu fest, aber fest um die Griffe. [&hellip;]<\/p>\n","protected":false},"featured_media":26982,"comment_status":"open","ping_status":"closed","template":"","meta":{"_acf_changed":false},"product_brand":[],"product_cat":[4090,895],"product_tag":[2517,4087,1757],"class_list":{"0":"post-27308","1":"product","2":"type-product","3":"status-publish","4":"has-post-thumbnail","6":"product_cat-dowsing","7":"product_cat-divination-de","8":"product_tag-dowsing-de-2","9":"product_tag-wahrsager","10":"product_tag-zauberstab","12":"first","13":"instock","14":"shipping-taxable","15":"purchasable","16":"product-type-simple"},"acf":[],"_links":{"self":[{"href":"https:\/\/www.seleneshop.net\/de\/wp-json\/wp\/v2\/product\/27308","targetHints":{"allow":["GET"]}}],"collection":[{"href":"https:\/\/www.seleneshop.net\/de\/wp-json\/wp\/v2\/product"}],"about":[{"href":"https:\/\/www.seleneshop.net\/de\/wp-json\/wp\/v2\/types\/product"}],"replies":[{"embeddable":true,"href":"https:\/\/www.seleneshop.net\/de\/wp-json\/wp\/v2\/comments?post=27308"}],"wp:featuredmedia":[{"embeddable":true,"href":"https:\/\/www.seleneshop.net\/de\/wp-json\/wp\/v2\/media\/26982"}],"wp:attachment":[{"href":"https:\/\/www.seleneshop.net\/de\/wp-json\/wp\/v2\/media?parent=27308"}],"wp:term":[{"taxonomy":"product_brand","embeddable":true,"href":"https:\/\/www.seleneshop.net\/de\/wp-json\/wp\/v2\/product_brand?post=27308"},{"taxonomy":"product_cat","embeddable":true,"href":"https:\/\/www.seleneshop.net\/de\/wp-json\/wp\/v2\/product_cat?post=27308"},{"taxonomy":"product_tag","embeddable":true,"href":"https:\/\/www.seleneshop.net\/de\/wp-json\/wp\/v2\/product_tag?post=27308"}],"curies":[{"name":"wp","href":"https:\/\/api.w.org\/{rel}","templated":true}]}}