{"id":29705,"date":"2015-08-12T22:52:03","date_gmt":"2022-07-01T10:59:12","guid":{"rendered":"https:\/\/www.seleneshop.net\/shop\/unkategorisiert\/einfacher-pentagramm-anhaenger\/"},"modified":"2024-08-17T17:47:41","modified_gmt":"2024-08-17T15:47:41","slug":"anhanger-pentakel","status":"publish","type":"product","link":"https:\/\/www.seleneshop.net\/de\/shop\/anhanger\/anhanger-pentakel\/","title":{"rendered":"Einfacher Pentagramm-Anh\u00e4nger"},"content":{"rendered":"<div class=\"flex-shrink-0 flex flex-col relative items-end\">\n<div>\n<div class=\"pt-0\">\n<div class=\"gizmo-bot-avatar flex h-8 w-8 items-center justify-center overflow-hidden rounded-full\">\n<h2 class=\"relative p-1 rounded-sm flex items-center justify-center bg-token-main-surface-primary text-token-text-primary h-8 w-8\"><strong>Einfacher Pentagramm-Anh\u00e4nger<\/strong><\/h2>\n<\/div>\n<\/div>\n<\/div>\n<\/div>\n<div class=\"group\/conversation-turn relative flex w-full min-w-0 flex-col agent-turn\">\n<div class=\"flex-col gap-1 md:gap-3\">\n<div class=\"flex max-w-full flex-col flex-grow\">\n<div class=\"min-h-[20px] text-message flex w-full flex-col items-end gap-2 whitespace-pre-wrap break-words [.text-message+&amp;]:mt-5 overflow-x-auto\" dir=\"auto\" data-message-author-role=\"assistant\" data-message-id=\"9f90157c-ca3d-48ad-93c7-657fda3b4ec7\">\n<div class=\"flex w-full flex-col gap-1 empty:hidden first:pt-[3px]\">\n<div class=\"markdown prose w-full break-words dark:prose-invert dark\">  Der <strong>einfache Pentagramm-Anh\u00e4nger<\/strong> ist ein elegantes und kraftvolles esoterisches Symbol, perfekt f\u00fcr diejenigen, die einen st\u00e4ndigen Schutz und ein Symbol der Verbindung mit den Kr\u00e4ften der Natur tragen m\u00f6chten. <strong>Produktmerkmale:<\/strong><\/p>\n<ul>\n<li><strong>Minimalistisches Design:<\/strong> Ein einfaches und raffiniertes Pentagramm, ideal f\u00fcr diejenigen, die einen n\u00fcchternen, aber bedeutungsvollen Stil bevorzugen.<\/li>\n<li><strong>Ma\u00dfe:<\/strong> 29 mm x 25 mm, eine perfekte Gr\u00f6\u00dfe f\u00fcr den t\u00e4glichen Gebrauch, ohne sperrig zu sein.<\/li>\n<li><strong>Symbolik:<\/strong> Das Pentagramm ist ein uraltes Symbol f\u00fcr Schutz und Gleichgewicht zwischen den f\u00fcnf Elementen: Erde, Luft, Feuer, Wasser und Geist.<\/li>\n<\/ul>\n<p>  Tragen Sie den <strong>einfachen Pentagramm-Anh\u00e4nger<\/strong>, um Ihrem t\u00e4glichen Leben einen Hauch von Spiritualit\u00e4t und Schutz zu verleihen.  <\/div>\n<\/div>\n<\/div>\n<\/div>\n<\/div>\n<\/div>\n","protected":false},"excerpt":{"rendered":"<p> <b>Einfacher Pentagramm-Anh\u00e4nger<\/b><\/p>\n","protected":false},"featured_media":19394,"comment_status":"open","ping_status":"closed","template":"","meta":{"_acf_changed":false},"product_brand":[],"product_cat":[883],"product_tag":[1226,1201],"class_list":{"0":"post-29705","1":"product","2":"type-product","3":"status-publish","4":"has-post-thumbnail","6":"product_cat-anhanger","7":"product_tag-anhanger","8":"product_tag-pentagramm","10":"first","11":"instock","12":"shipping-taxable","13":"purchasable","14":"product-type-variable","15":"has-default-attributes"},"acf":[],"_links":{"self":[{"href":"https:\/\/www.seleneshop.net\/de\/wp-json\/wp\/v2\/product\/29705","targetHints":{"allow":["GET"]}}],"collection":[{"href":"https:\/\/www.seleneshop.net\/de\/wp-json\/wp\/v2\/product"}],"about":[{"href":"https:\/\/www.seleneshop.net\/de\/wp-json\/wp\/v2\/types\/product"}],"replies":[{"embeddable":true,"href":"https:\/\/www.seleneshop.net\/de\/wp-json\/wp\/v2\/comments?post=29705"}],"wp:featuredmedia":[{"embeddable":true,"href":"https:\/\/www.seleneshop.net\/de\/wp-json\/wp\/v2\/media\/19394"}],"wp:attachment":[{"href":"https:\/\/www.seleneshop.net\/de\/wp-json\/wp\/v2\/media?parent=29705"}],"wp:term":[{"taxonomy":"product_brand","embeddable":true,"href":"https:\/\/www.seleneshop.net\/de\/wp-json\/wp\/v2\/product_brand?post=29705"},{"taxonomy":"product_cat","embeddable":true,"href":"https:\/\/www.seleneshop.net\/de\/wp-json\/wp\/v2\/product_cat?post=29705"},{"taxonomy":"product_tag","embeddable":true,"href":"https:\/\/www.seleneshop.net\/de\/wp-json\/wp\/v2\/product_tag?post=29705"}],"curies":[{"name":"wp","href":"https:\/\/api.w.org\/{rel}","templated":true}]}}