{"id":37410,"date":"2023-05-13T19:10:29","date_gmt":"2023-05-13T17:10:29","guid":{"rendered":"https:\/\/www.seleneshop.net\/shop\/unkategorisiert\/grosses-ritual-der-venus-liebesbindung\/"},"modified":"2026-01-01T03:24:04","modified_gmt":"2026-01-01T02:24:04","slug":"ritual-zu-sein-liebe-binden","status":"publish","type":"product","link":"https:\/\/www.seleneshop.net\/de\/shop\/kraftvolle-rituale\/ritual-zu-sein-liebe-binden\/","title":{"rendered":"Gro\u00dfes Ritual der Venus-Liebesbindung"},"content":{"rendered":"<h2>Gro\u00dfes Ritual der Venus-Liebesbindung<\/h2>\n<p>Dieses gro\u00dfe Ritual der Venus-Liebesbindung enth\u00e4lt alle Komponenten, um eine Person an uns zu binden, das Ritual ist vollst\u00e4ndig, es wird nichts weiter ben\u00f6tigt.<\/p>\n<p>Diese Komponenten wurden speziell entwickelt, um Verf\u00fchrung, k\u00f6rperliche Anziehung und Leidenschaft zu f\u00f6rdern. Venus-Parf\u00fcm und Venus-\u00d6l sind besonders gut geeignet, um die Anziehungskraft zu steigern und das Selbstwertgef\u00fchl zu verbessern. Venus-Aphrodite Soapy Bath und Venus-Aphrodite Esoteric Powder wurden entwickelt, um amour\u00f6se und sinnliche Gef\u00fchle zu wecken.<\/p>\n<p>Im Folgenden finden Sie eine Beschreibung einiger Bestandteile dieses Venus-Liebesbindungsrituals:<\/p>\n<p>Parf\u00fcm Brasilien Die G\u00f6ttin Venus liebt es, einen Mann oder eine Frau zu verf\u00fchren. Sie hilft uns bei Sex, Lust und Sch\u00f6nheit. Ideal, um nach der Person zu fragen, die wir uns w\u00fcnschen. Sie dient dazu, die Sinnlichkeit, die Sie in sich tragen, zu verst\u00e4rken. Mit diesem Parf\u00fcm wecken Sie Leidenschaft und Anziehung f\u00fcr die Person, die Sie begehren.<\/p>\n<p>Ein umh\u00fcllender und subtiler Duft, der speziell kreiert wurde, um Ihre\/n Liebste\/n zu verzaubern und zu halten.<\/p>\n<p>Denken Sie daran, dass Venus Aphrodite ist eine der am meisten beschworenen G\u00f6ttinnen und es ist, dass ohne Liebe, Sch\u00f6nheit und Sex kann man nicht leben!<\/p>\n<p>Das Seifenbad Venus Aphrodite wird verwendet, um die gew\u00fcnschte Person sexuell zu begl\u00fccken, um amour\u00f6se und sinnliche Gef\u00fchle zu wecken. Sie hilft uns bei Sex, Lust und Sch\u00f6nheit. Ideal, um die Person zu haben, die wir uns w\u00fcnschen.<\/p>\n<p>Das Venus-Aphrodite-Seifenbad ist besonders gut geeignet, um die Anziehungskraft zu steigern und das Selbstwertgef\u00fchl zu st\u00e4rken. Sein s\u00fc\u00dfes und exquisites Aroma f\u00f6rdert die Liebe, verbessert den Charakter, vers\u00fc\u00dft Beziehungen und erweckt die Libido. Es ist besonders f\u00fcr Frauen geeignet, die sich bewundert und geliebt f\u00fchlen wollen. Auch um sexuelle Begegnungen, Vers\u00f6hnungen und Eroberungen zu f\u00f6rdern.<\/p>\n<p><span class=\"HwtZe\" lang=\"it\"><span class=\"jCAhz ChMk0b\"><span class=\"ryNqvb\">Dieses esoterische Venus-Aphrodite-Pulver wird verwendet, um die gew\u00fcnschte Person zu verf\u00fchren.<\/span><\/span> <span class=\"jCAhz ChMk0b\"><span class=\"ryNqvb\">Sie hilft uns bei Verf\u00fchrung, Sex, Lust und Sch\u00f6nheit.<\/span><\/span> <span class=\"jCAhz ChMk0b\"><span class=\"ryNqvb\">Es ist ideal f\u00fcr die Person, die wir so sehr lieben.<\/span><\/span> <span class=\"jCAhz ChMk0b\"><span class=\"ryNqvb\">Mit diesem Pulver lassen Sie all die negative Energie, die Sie angezogen haben, hinter sich.<\/span><\/span> <span class=\"jCAhz ChMk0b\"><span class=\"ryNqvb\">Dar\u00fcber hinaus werden Sie sich emotional attraktiver und interessanter f\u00fchlen.<\/span><\/span><\/span><\/p>\n<p>Venus\u00f6l wird verwendet, um die gew\u00fcnschte Person sexuell zu begl\u00fccken, um amour\u00f6se und sinnliche Gef\u00fchle zu wecken.<\/p>\n<p>Das \u00d6l ist besonders geeignet, um die Anziehungskraft zu erh\u00f6hen und das Selbstwertgef\u00fchl zu st\u00e4rken. Sein s\u00fc\u00dfes und exquisites Aroma f\u00f6rdert die Liebe, verbessert den Charakter, vers\u00fc\u00dft Beziehungen und erweckt die Libido. Es ist besonders f\u00fcr Frauen geeignet, die sich bewundert und geliebt f\u00fchlen wollen. Auch um sexuelle Begegnungen, Vers\u00f6hnungen und Eroberungen zu f\u00f6rdern.<\/p>\n<p>Schlie\u00dflich vervollst\u00e4ndigen die Venus-Aphrodite Union Candles das Set und bieten ein wichtiges symbolisches Element f\u00fcr dieses Liebesritual. All diese Komponenten sind in einem einzigen Ritual miteinander verbunden, das Sie pers\u00f6nlich f\u00fcr sich selbst durchf\u00fchren m\u00fcssen, indem Sie die Schritt-f\u00fcr-Schritt-Anleitung befolgen, die dem Kit beiliegt.<br \/>\nDas Gro\u00dfe Ritual der Venus-Liebesbindung ist von der griechischen und r\u00f6mischen Mythologie inspiriert, insbesondere von der Figur der Aphrodite, der G\u00f6ttin der Liebe, der Lust, der k\u00f6rperlichen Anziehung, des Sex und der Sch\u00f6nheit. Mit Hilfe dieses Kits hofft man, die Energie dieser Gottheit herbeizurufen, um die gew\u00fcnschte Person anzuziehen und an sich zu binden.<\/p>\n<p>Komplett mit Schritt-f\u00fcr-Schritt-Anleitung.<\/p>\n<p>&nbsp;<\/p>\n","protected":false},"excerpt":{"rendered":"<p>Gro\u00dfes Ritual der Venus-Liebesbindung Dieses gro\u00dfe Ritual der Venus-Liebesbindung enth\u00e4lt alle Komponenten, um eine Person an uns zu binden, das Ritual ist vollst\u00e4ndig, es wird nichts weiter ben\u00f6tigt. Diese Komponenten wurden speziell entwickelt, um Verf\u00fchrung, k\u00f6rperliche Anziehung und Leidenschaft zu f\u00f6rdern. Venus-Parf\u00fcm und Venus-\u00d6l sind besonders gut geeignet, um die Anziehungskraft zu steigern und das [&hellip;]<\/p>\n","protected":false},"featured_media":37406,"comment_status":"open","ping_status":"closed","template":"","meta":{"_acf_changed":false},"product_brand":[],"product_cat":[4357,911],"product_tag":[3862,2733,1900,4348,2129,1959],"class_list":{"0":"post-37410","1":"product","2":"type-product","3":"status-publish","4":"has-post-thumbnail","6":"product_cat-kraftvolle-rituale","7":"product_cat-ritual-kits-de","8":"product_tag-aphrodite-de","9":"product_tag-band","10":"product_tag-liebe","11":"product_tag-machtig","12":"product_tag-ritual-de","13":"product_tag-venus-de","15":"first","16":"instock","17":"shipping-taxable","18":"purchasable","19":"product-type-simple"},"acf":[],"_links":{"self":[{"href":"https:\/\/www.seleneshop.net\/de\/wp-json\/wp\/v2\/product\/37410","targetHints":{"allow":["GET"]}}],"collection":[{"href":"https:\/\/www.seleneshop.net\/de\/wp-json\/wp\/v2\/product"}],"about":[{"href":"https:\/\/www.seleneshop.net\/de\/wp-json\/wp\/v2\/types\/product"}],"replies":[{"embeddable":true,"href":"https:\/\/www.seleneshop.net\/de\/wp-json\/wp\/v2\/comments?post=37410"}],"wp:featuredmedia":[{"embeddable":true,"href":"https:\/\/www.seleneshop.net\/de\/wp-json\/wp\/v2\/media\/37406"}],"wp:attachment":[{"href":"https:\/\/www.seleneshop.net\/de\/wp-json\/wp\/v2\/media?parent=37410"}],"wp:term":[{"taxonomy":"product_brand","embeddable":true,"href":"https:\/\/www.seleneshop.net\/de\/wp-json\/wp\/v2\/product_brand?post=37410"},{"taxonomy":"product_cat","embeddable":true,"href":"https:\/\/www.seleneshop.net\/de\/wp-json\/wp\/v2\/product_cat?post=37410"},{"taxonomy":"product_tag","embeddable":true,"href":"https:\/\/www.seleneshop.net\/de\/wp-json\/wp\/v2\/product_tag?post=37410"}],"curies":[{"name":"wp","href":"https:\/\/api.w.org\/{rel}","templated":true}]}}