{"id":47490,"date":"2024-10-26T13:02:29","date_gmt":"2024-10-26T11:14:28","guid":{"rendered":"https:\/\/www.seleneshop.net\/shop\/unkategorisiert\/pusanga-amore-esoterische-seife\/"},"modified":"2024-10-26T13:14:28","modified_gmt":"2024-10-26T11:14:28","slug":"pusanga-amore-esoterische-seife","status":"publish","type":"product","link":"https:\/\/www.seleneshop.net\/de\/shop\/seifenstuecke\/pusanga-amore-esoterische-seife\/","title":{"rendered":"Pusanga Amore esoterische Seife"},"content":{"rendered":"<h2>Pusanga Amore esoterische Seife<\/h2>\n<div class=\"flex-shrink-0 flex flex-col relative items-end\">\n<div>\n<div class=\"pt-0\">\n<div class=\"gizmo-bot-avatar flex h-8 w-8 items-center justify-center overflow-hidden rounded-full\">\n<div class=\"relative p-1 rounded-sm flex items-center justify-center bg-token-main-surface-primary text-token-text-primary h-8 w-8\"><strong>Pusanga Esoteric Soap<\/strong> ist ein Produkt, das tief in den schamanischen und spirituellen Traditionen des Amazonas verwurzelt ist und insbesondere von peruanischen und brasilianischen Curanderos verwendet wird. Sie wird aus nat\u00fcrlichen und heiligen Zutaten hergestellt und soll die Anziehungskraft, den Schutz von Beziehungen und die pers\u00f6nliche Ausstrahlung f\u00f6rdern. <\/div>\n<\/div>\n<\/div>\n<\/div>\n<\/div>\n<div class=\"group\/conversation-turn relative flex w-full min-w-0 flex-col agent-turn\">\n<div class=\"flex-col gap-1 md:gap-3\">\n<div class=\"flex max-w-full flex-col flex-grow\">\n<div class=\"min-h-8 text-message flex w-full flex-col items-end gap-2 whitespace-normal break-words [.text-message+&amp;]:mt-5\" dir=\"auto\" data-message-author-role=\"assistant\" data-message-id=\"b0a34634-8fff-403d-8bab-991875a85116\" data-message-model-slug=\"gpt-4o\">\n<div class=\"flex w-full flex-col gap-1 empty:hidden first:pt-[3px]\">\n<div class=\"markdown prose w-full break-words dark:prose-invert dark\">\n<p><strong>Merkmale von Pusanga:<\/strong><\/p>\n<ul>\n<li><strong>Herkunft<\/strong>: Stammt aus den schamanischen Traditionen des Amazonas, wo Curanderos die esoterischen Eigenschaften von Pflanzen durch Rituale und spirituelle Ges\u00e4nge nutzen.<\/li>\n<li><strong>Heilige Ingredienzien<\/strong>: Enth\u00e4lt Pflanzen aus dem Amazonasgebiet wie Guayusa, To\u00e9, Drachenblut und Chiric Sanango sowie intensiv duftende Bl\u00fcten (Rose, Lotus, Jasmin) und fl\u00fcssige Grundlagen zur Extraktion und Konservierung der Essenzen.<\/li>\n<\/ul>\n<p><strong>Esoterische Verwendungen von Pusanga:<\/strong><\/p>\n<ul>\n<li><strong>Anziehung und emotionale Bindungen<\/strong>: Wird verwendet, um romantisches Verlangen zu wecken und emotionale Bindungen zu intensivieren.<\/li>\n<li><strong>Gesteigerte pers\u00f6nliche Ausstrahlung<\/strong>: Verbessert das Charisma und erleichtert neue Verbindungen, wodurch der Benutzer attraktiver und anziehender wird.<\/li>\n<li><strong>Spirituelle Bindung und Schutz<\/strong>: F\u00f6rdert tiefe Verbindungen und sch\u00fctzt Beziehungen vor negativen Energien oder \u00e4u\u00dferen Einfl\u00fcssen.<\/li>\n<\/ul>\n<p><strong>Anwendung:<\/strong> Tragen Sie die Seife beim Baden auf, um den K\u00f6rper und die Aura zu reinigen und die Absicht aufrecht zu erhalten, Liebe, Charme und Harmonie in Beziehungen anzuziehen. Perfekt f\u00fcr Anziehungsrituale oder als t\u00e4glicher energetischer Schutz. <\/p>\n<\/div>\n<\/div>\n<\/div>\n<\/div>\n<\/div>\n<\/div>\n","protected":false},"excerpt":{"rendered":"<p>Pusanga Amore esoterische Seife Pusanga Esoteric Soap ist ein Produkt, das tief in den schamanischen und spirituellen Traditionen des Amazonas verwurzelt ist und insbesondere von peruanischen und brasilianischen Curanderos verwendet wird. Sie wird aus nat\u00fcrlichen und heiligen Zutaten hergestellt und soll die Anziehungskraft, den Schutz von Beziehungen und die pers\u00f6nliche Ausstrahlung f\u00f6rdern. Merkmale von Pusanga: [&hellip;]<\/p>\n","protected":false},"featured_media":47485,"comment_status":"open","ping_status":"closed","template":"","meta":{"_acf_changed":false},"product_brand":[],"product_cat":[5443],"product_tag":[5922,1900,4695,5451],"class_list":{"0":"post-47490","1":"product","2":"type-product","3":"status-publish","4":"has-post-thumbnail","6":"product_cat-seifenstuecke","7":"product_tag-amor-de","8":"product_tag-liebe","9":"product_tag-pusanga-de","10":"product_tag-seife","12":"first","13":"instock","14":"shipping-taxable","15":"purchasable","16":"product-type-simple"},"acf":[],"_links":{"self":[{"href":"https:\/\/www.seleneshop.net\/de\/wp-json\/wp\/v2\/product\/47490","targetHints":{"allow":["GET"]}}],"collection":[{"href":"https:\/\/www.seleneshop.net\/de\/wp-json\/wp\/v2\/product"}],"about":[{"href":"https:\/\/www.seleneshop.net\/de\/wp-json\/wp\/v2\/types\/product"}],"replies":[{"embeddable":true,"href":"https:\/\/www.seleneshop.net\/de\/wp-json\/wp\/v2\/comments?post=47490"}],"wp:featuredmedia":[{"embeddable":true,"href":"https:\/\/www.seleneshop.net\/de\/wp-json\/wp\/v2\/media\/47485"}],"wp:attachment":[{"href":"https:\/\/www.seleneshop.net\/de\/wp-json\/wp\/v2\/media?parent=47490"}],"wp:term":[{"taxonomy":"product_brand","embeddable":true,"href":"https:\/\/www.seleneshop.net\/de\/wp-json\/wp\/v2\/product_brand?post=47490"},{"taxonomy":"product_cat","embeddable":true,"href":"https:\/\/www.seleneshop.net\/de\/wp-json\/wp\/v2\/product_cat?post=47490"},{"taxonomy":"product_tag","embeddable":true,"href":"https:\/\/www.seleneshop.net\/de\/wp-json\/wp\/v2\/product_tag?post=47490"}],"curies":[{"name":"wp","href":"https:\/\/api.w.org\/{rel}","templated":true}]}}