{"id":48156,"date":"2024-12-06T17:31:45","date_gmt":"2024-12-06T16:31:45","guid":{"rendered":"https:\/\/www.seleneshop.net\/shop\/unkategorisiert\/san-alejo-reinigungsbad-gegen-feinde\/"},"modified":"2025-04-01T01:00:05","modified_gmt":"2025-03-31T23:00:05","slug":"san-alejo-reinigungsbad-gegen-feinde","status":"publish","type":"product","link":"https:\/\/www.seleneshop.net\/de\/shop\/esoterische-bader\/san-alejo-reinigungsbad-gegen-feinde\/","title":{"rendered":"San Alejo-Reinigungsbad &#8211; gegen Feinde"},"content":{"rendered":"<div class=\"flex-shrink-0 flex flex-col relative items-end\">\n<div>\n<div class=\"pt-0\">\n<div class=\"gizmo-bot-avatar flex h-8 w-8 items-center justify-center overflow-hidden rounded-full\">\n<h2 class=\"relative p-1 rounded-sm flex items-center justify-center bg-token-main-surface-primary text-token-text-primary h-8 w-8\"><strong>San Alejo Reinigungsbad gegen Feinde<\/strong><\/h2>\n<\/div>\n<\/div>\n<\/div>\n<\/div>\n<div class=\"group\/conversation-turn relative flex w-full min-w-0 flex-col agent-turn\">\n<div class=\"flex-col gap-1 md:gap-3\">\n<div class=\"flex max-w-full flex-col flex-grow\">\n<div class=\"min-h-8 text-message flex w-full flex-col items-end gap-2 whitespace-normal break-words text-start [.text-message+&amp;]:mt-5\" dir=\"auto\" data-message-author-role=\"assistant\" data-message-id=\"70e13cb5-c839-4032-9c4c-da710120c477\" data-message-model-slug=\"gpt-4o\">\n<div class=\"flex w-full flex-col gap-1 empty:hidden first:pt-[3px]\">\n<div class=\"markdown prose w-full break-words dark:prose-invert dark\">\n<p>Das <strong>San Alejo Reinigungsbad<\/strong> ist ein m\u00e4chtiges esoterisches Werkzeug, um die Hilfe von San Alejo anzurufen und Feinde, negative Energien und schlechte Einfl\u00fcsse aus dem Leben zu verbannen. Dank seiner reinigenden Eigenschaften f\u00f6rdert dieses Bad spirituellen Schutz und Gelassenheit, stellt das energetische Gleichgewicht wieder her und schafft einen Schutzschild gegen \u00e4u\u00dfere Einfl\u00fcsse. <\/p>\n<p><strong>Hauptmerkmale:<\/strong><\/p>\n<ul>\n<li><strong>Format<\/strong>: 250 ml<\/li>\n<li><strong>Esoterische Eigenschaften<\/strong>: Energetische Reinigung, Beseitigung von Feinden und Schutz vor schlechten Einfl\u00fcssen.<\/li>\n<li><strong>Spirituelle Inspiration<\/strong>: Anrufung von San Alejo, bekannt f\u00fcr seine F\u00e4higkeit, negative Energien zu trennen und diejenigen zu sch\u00fctzen, die ihn um Hilfe bitten.<\/li>\n<\/ul>\n<p><strong>Vorteile:<\/strong><\/p>\n<ul>\n<li>Es vertreibt giftige Menschen und schlechte Gesellschaft.<\/li>\n<li>Es sch\u00fctzt vor b\u00f6sen Blicken, Neid und negativen Einfl\u00fcssen.<\/li>\n<li>Es f\u00f6rdert eine energetisch saubere und harmonische Umgebung.<\/li>\n<\/ul>\n<p><strong>Perfekt f\u00fcr:<\/strong><\/p>\n<ul>\n<li>Jeder, der sich von feindlichen Energien umgeben f\u00fchlt oder seinen pers\u00f6nlichen Raum reinigen m\u00f6chte.<\/li>\n<li>Situationen, in denen es notwendig ist, sich von Feinden oder schlechter Gesellschaft zu trennen.<\/li>\n<\/ul>\n<p><strong>Besonderer Hinweis:<\/strong> Um die Wirksamkeit des rituellen Bades zu verst\u00e4rken, kombinieren Sie das Bad mit Kerzen oder R\u00e4ucherst\u00e4bchen, die San Alejo gewidmet sind, oder \u00e4hnlichen Produkten, um die spirituelle Verbindung und die Schutzabsicht zu verst\u00e4rken.<\/p>\n<p><strong>Ein wertvoller Verb\u00fcndeter<\/strong> f\u00fcr alle, die sich Gelassenheit und Schutz im t\u00e4glichen Leben w\u00fcnschen.<\/p>\n<\/div>\n<\/div>\n<\/div>\n<\/div>\n<\/div>\n<\/div>\n","protected":false},"excerpt":{"rendered":"<p>San Alejo Reinigungsbad gegen Feinde Das San Alejo Reinigungsbad ist ein m\u00e4chtiges esoterisches Werkzeug, um die Hilfe von San Alejo anzurufen und Feinde, negative Energien und schlechte Einfl\u00fcsse aus dem Leben zu verbannen. Dank seiner reinigenden Eigenschaften f\u00f6rdert dieses Bad spirituellen Schutz und Gelassenheit, stellt das energetische Gleichgewicht wieder her und schafft einen Schutzschild gegen [&hellip;]<\/p>\n","protected":false},"featured_media":48151,"comment_status":"open","ping_status":"closed","template":"","meta":{"_acf_changed":false},"product_brand":[],"product_cat":[3575],"product_tag":[3576,3780,5946,2457],"class_list":{"0":"post-48156","1":"product","2":"type-product","3":"status-publish","4":"has-post-thumbnail","6":"product_cat-esoterische-bader","7":"product_tag-bad","8":"product_tag-feinde","9":"product_tag-san-alejo-de","10":"product_tag-verteidigung","12":"first","13":"instock","14":"shipping-taxable","15":"purchasable","16":"product-type-simple"},"acf":[],"_links":{"self":[{"href":"https:\/\/www.seleneshop.net\/de\/wp-json\/wp\/v2\/product\/48156","targetHints":{"allow":["GET"]}}],"collection":[{"href":"https:\/\/www.seleneshop.net\/de\/wp-json\/wp\/v2\/product"}],"about":[{"href":"https:\/\/www.seleneshop.net\/de\/wp-json\/wp\/v2\/types\/product"}],"replies":[{"embeddable":true,"href":"https:\/\/www.seleneshop.net\/de\/wp-json\/wp\/v2\/comments?post=48156"}],"wp:featuredmedia":[{"embeddable":true,"href":"https:\/\/www.seleneshop.net\/de\/wp-json\/wp\/v2\/media\/48151"}],"wp:attachment":[{"href":"https:\/\/www.seleneshop.net\/de\/wp-json\/wp\/v2\/media?parent=48156"}],"wp:term":[{"taxonomy":"product_brand","embeddable":true,"href":"https:\/\/www.seleneshop.net\/de\/wp-json\/wp\/v2\/product_brand?post=48156"},{"taxonomy":"product_cat","embeddable":true,"href":"https:\/\/www.seleneshop.net\/de\/wp-json\/wp\/v2\/product_cat?post=48156"},{"taxonomy":"product_tag","embeddable":true,"href":"https:\/\/www.seleneshop.net\/de\/wp-json\/wp\/v2\/product_tag?post=48156"}],"curies":[{"name":"wp","href":"https:\/\/api.w.org\/{rel}","templated":true}]}}