{"id":49571,"date":"2015-08-17T01:24:37","date_gmt":"2025-03-21T21:50:40","guid":{"rendered":"https:\/\/www.seleneshop.net\/shop\/unkategorisiert\/mjollnir-hammer-von-thor\/"},"modified":"2025-03-21T22:50:40","modified_gmt":"2025-03-21T21:50:40","slug":"mjollnir-hammer-von-thor","status":"publish","type":"product","link":"https:\/\/www.seleneshop.net\/de\/shop\/gegenstaende-zum-aufhaengen\/mjollnir-hammer-von-thor\/","title":{"rendered":"Mjollnir &#8211; Hammer von Thor"},"content":{"rendered":"<h2><strong>Mjollnir<\/strong> &#8211; <strong>Hammer von Thor <\/strong> <\/h2>\n<h3>Wandrelief Thors Hammer &#8211; Symbol f\u00fcr St\u00e4rke und Schutz<\/h3>\n<p data-start=\"73\" data-end=\"370\">Holen Sie sich die uralte Kraft der nordischen Mythologie in Ihr Zuhause mit dem <strong data-start=\"147\" data-end=\"182\">Thor&#8217;s Hammer Wandrelief<\/strong>. Dieses au\u00dfergew\u00f6hnliche Wandrelief <strong data-start=\"223\" data-end=\"253\">wurde von Hand in Holz geschnitzt<\/strong> und stellt den mythischen <strong data-start=\"278\" data-end=\"289\">Mj\u00f6lnir<\/strong> dar, den Hammer des Gottes Thor, Symbol f\u00fcr <strong data-start=\"328\" data-end=\"369\">St\u00e4rke, Schutz, Macht und Fruchtbarkeit<\/strong>. <\/p>\n<p data-start=\"372\" data-end=\"555\">Jedes Relief ist <strong data-start=\"387\" data-end=\"402\">handgefertigt<\/strong> und wird in <strong data-start=\"427\" data-end=\"440\">Indonesien<\/strong> sorgf\u00e4ltig hergestellt. <strong data-start=\"450\" data-end=\"508\">Form, Farbe und Gr\u00f6\u00dfe k\u00f6nnen<\/strong> daher <strong data-start=\"450\" data-end=\"508\">leicht variieren<\/strong>, was <strong data-start=\"519\" data-end=\"539\">jedes St\u00fcck zu einem Unikat<\/strong> macht.<\/p>\n<h3>Die Bedeutung von Thors Hammer:<\/h3>\n<p data-start=\"603\" data-end=\"872\">Der Mj\u00f6lnir war nicht nur eine g\u00f6ttliche Waffe, sondern auch ein heiliges Symbol f\u00fcr die germanischen St\u00e4mme. Er wurde als Symbol f\u00fcr die <strong data-start=\"722\" data-end=\"743\">Macht der Krieger<\/strong> verehrt, aber auch mit dem <strong data-start=\"773\" data-end=\"802\">Schutz der Familien<\/strong>, dem <strong data-start=\"809\" data-end=\"838\">Segen der Ehen<\/strong> und der <strong data-start=\"846\" data-end=\"871\">Fruchtbarkeit des Landes<\/strong> in Verbindung gebracht. <\/p>\n<ul data-start=\"903\" data-end=\"1101\">\n<li data-start=\"903\" data-end=\"943\"><strong data-start=\"905\" data-end=\"918\">Material<\/strong>: handgeschnitztes Holz<\/li>\n<li data-start=\"944\" data-end=\"968\"><strong data-start=\"946\" data-end=\"957\">Herkunft<\/strong>: Indonesien<\/li>\n<li data-start=\"969\" data-end=\"1018\"><strong data-start=\"971\" data-end=\"988\">Installation<\/strong>: Fertig zum Aufh\u00e4ngen an der Wand<\/li>\n<li data-start=\"1019\" data-end=\"1101\"><strong data-start=\"1021\" data-end=\"1031\">Design<\/strong>: Thors Hammer (Mj\u00f6lnir), mit vielen Details und nordischer Symbolik<\/li>\n<\/ul>\n<p>Die <i><b>Mj\u00f6llnir, auch bekannt als Thors Hammer, <\/b><\/i> <span style=\"color: #252525; font-family: sans-serif;\"><i>ist die Waffe von Thor, dem Gott des Blitzes und Donners in der germanischen Mythologie. Sie wird gew\u00f6hnlich als Hammer dargestellt, obwohl sie urspr\u00fcnglich eine Axt oder Keule war. Er wird von den Zwergen oder, laut Snorri Sturlusons prosaischer Edda aus dem 13. Jahrhundert, von der Elfe Sindri f\u00fcr einen Streit mit dem Gott Loki dar\u00fcber hergestellt, wer die wunderbarste Waffe f\u00fcr die G\u00f6tter erschaffen kann.  <\/i><\/span><\/p>\n<p><i><\/i><span style=\"color: #252525; font-family: sans-serif;\"><i>Thors Hammer ist heute zweifellos eines der beliebtesten Objekte der antiken Mythologie, vor allem dank der Thor-Comics von Marvel und der Wikinger- und Epic-Metal-Bands.  <\/i><\/span><i>Reproduktionen von Mj\u00f6llnir werden heute in Schmuckgesch\u00e4ften verkauft und von einer Vielzahl von Menschen getragen: Gelehrte, Kenner oder Sympathisanten der nordischen Mythologie und der alten skandinavischen Geschichte; Liebhaber skandinavischer Heavy-Metal-Musik; Anh\u00e4nger der nordischen neuheidnischen Religionen (\u00c1satr\u00fa, Irminismus, Odinismus usw.), in denen Thor, der (k\u00f6rperlich) st\u00e4rkste der G\u00f6tter, der Besch\u00fctzer der Menschheit im st\u00e4ndigen Konflikt mit den b\u00f6sen Kr\u00e4ften der Riesen ist.<\/i><\/p>\n<p><strong>Thor<\/strong><br \/>\nHerkunft: Germanischer Gott des Donners, des Sturms und der Fruchtbarkeit, sch\u00fctzt Menschen und G\u00f6tter vor Riesen (auf Altgermanisch Donar oder Donner).<br \/>\nSymbole: Dorn (die Rune) ist das Symbol von Thor, dem m\u00e4chtigen Gott mit seinem Hammer Mj\u00f2llnir. Sie stellt den Moment des Handelns dar. Er ist der st\u00e4rkste aller G\u00f6tter und Menschen. Und der Gott der St\u00fcrme und des Wetters (f\u00fcr Schiffe) und der Fruchtbarkeit (f\u00fcr Bauern), der gro\u00dfe Besch\u00fctzer von Midgard.<\/p>\n<p>Bedeutung als Talisman oder Amulett: F\u00fcr Aufrichtigkeit, Treue, Zuverl\u00e4ssigkeit, St\u00e4rke, Vernunft und impulsives Handeln und Spontaneit\u00e4t.<\/p>\n<p><strong>Hammer von Thor<\/strong><br \/>\nHerkunft: Thors Hammer wurde von Sindri dem Zwerg geschmiedet. Der Griff ist zu kurz, weil Brock, Sindris Bruder, der den Blasebalg bediente, von einer Pferdefliege gestochen wurde und dadurch abgelenkt war, was den Luftstrom f\u00fcr einige Augenblicke unterbrach. Es gibt praktisch nichts, was der Kraft des Hammers widerstehen kann. Er kehrt immer zu demjenigen zur\u00fcck, der ihn geworfen hat, und ist somit das Symbol f\u00fcr die unzerst\u00f6rbare und unersch\u00f6pfliche Lebenskraft der Natur. L\u00e4hmt die Feinde des Tr\u00e4gers.<\/p>\n<p>Es ist das st\u00e4rkste nordische Symbol. Symbole: Thors Hammer ist das am h\u00e4ufigsten auf Runensteinen und Inschriften zu findende Symbol. Er wird auch oft auf Felsen und vor allem auf Gr\u00e4bern abgebildet, um die Ruhe des Verstorbenen zu gew\u00e4hrleisten. Sie wird als Symbol des Glaubens an die alten G\u00f6tter getragen.<\/p>\n<p>Thors Hammer wurde von den Heiden als Amulett getragen, als Zeichen des Schutzes gegen den christlichen Brauch, Kreuze zu tragen.<br \/>\nBedeutung als Talisman oder Amulett: Sch\u00fctzt vor b\u00f6sartigen Angriffen jeglicher Art. Er sch\u00fctzt vor Gefahren und dem B\u00f6sen und sorgt f\u00fcr kraftvolle Unterst\u00fctzung und einen freien Energiefluss.<\/p>\n<div id=\"description\" class=\"textstyles text-word-wrap info-panel\">\n<div id=\"description-collapse\" class=\"collapse collapse-auto-toggle-xs in\" aria-expanded=\"true\">\n<p>Ma\u00dfe: 36 cm x 28 cm<\/p>\n<\/div>\n<\/div>\n","protected":false},"excerpt":{"rendered":"<p><strong>Mjollnir<\/strong> &#8211; <strong>Hammer von Thor <\/strong> <\/p>\n","protected":false},"featured_media":49567,"comment_status":"open","ping_status":"closed","template":"","meta":{"_acf_changed":false},"product_brand":[],"product_cat":[927],"product_tag":[4664,4877,4663],"class_list":{"0":"post-49571","1":"product","2":"type-product","3":"status-publish","4":"has-post-thumbnail","6":"product_cat-gegenstaende-zum-aufhaengen","7":"product_tag-hammer-de","8":"product_tag-mjollnir-de","9":"product_tag-thor-de","11":"first","12":"instock","13":"shipping-taxable","14":"purchasable","15":"product-type-simple"},"acf":[],"_links":{"self":[{"href":"https:\/\/www.seleneshop.net\/de\/wp-json\/wp\/v2\/product\/49571","targetHints":{"allow":["GET"]}}],"collection":[{"href":"https:\/\/www.seleneshop.net\/de\/wp-json\/wp\/v2\/product"}],"about":[{"href":"https:\/\/www.seleneshop.net\/de\/wp-json\/wp\/v2\/types\/product"}],"replies":[{"embeddable":true,"href":"https:\/\/www.seleneshop.net\/de\/wp-json\/wp\/v2\/comments?post=49571"}],"wp:featuredmedia":[{"embeddable":true,"href":"https:\/\/www.seleneshop.net\/de\/wp-json\/wp\/v2\/media\/49567"}],"wp:attachment":[{"href":"https:\/\/www.seleneshop.net\/de\/wp-json\/wp\/v2\/media?parent=49571"}],"wp:term":[{"taxonomy":"product_brand","embeddable":true,"href":"https:\/\/www.seleneshop.net\/de\/wp-json\/wp\/v2\/product_brand?post=49571"},{"taxonomy":"product_cat","embeddable":true,"href":"https:\/\/www.seleneshop.net\/de\/wp-json\/wp\/v2\/product_cat?post=49571"},{"taxonomy":"product_tag","embeddable":true,"href":"https:\/\/www.seleneshop.net\/de\/wp-json\/wp\/v2\/product_tag?post=49571"}],"curies":[{"name":"wp","href":"https:\/\/api.w.org\/{rel}","templated":true}]}}