{"id":53252,"date":"2026-03-20T20:39:47","date_gmt":"2026-03-20T19:39:47","guid":{"rendered":"https:\/\/www.seleneshop.net\/shop\/unkategorisiert\/silberne-weihrauchkoerner-rain-of-plata\/"},"modified":"2026-03-20T20:44:55","modified_gmt":"2026-03-20T19:44:55","slug":"silberne-weihrauchkoerner-rain-of-plata","status":"publish","type":"product","link":"https:\/\/www.seleneshop.net\/de\/shop\/weihrauch\/silberne-weihrauchkoerner-rain-of-plata\/","title":{"rendered":"Silberne Weihrauchk\u00f6rner &#8211; Rain of Plata"},"content":{"rendered":"<h2 data-section-id=\"5z7zls\" data-start=\"175\" data-end=\"261\">Silberne R\u00e4ucherk\u00f6rner &#8211; Rain of Plata &#8211; Reinigung, Schutz und Intuition<\/h2>\n<p data-start=\"263\" data-end=\"320\"><strong data-start=\"266\" data-end=\"320\">Silberne Energie zum Reinigen und Sch\u00fctzen<\/strong><\/p>\n<p data-start=\"322\" data-end=\"514\"><strong data-start=\"324\" data-end=\"362\">Silver Incense &#8211; Rain of Plata<\/strong> ist eine rituelle Getreidemischung, die in esoterischen Praktiken zur <strong data-start=\"435\" data-end=\"513\">energetischen Reinigung, zum spirituellen Schutz und zur Entwicklung der Intuition<\/strong> verwendet wird.<\/p>\n<p data-start=\"516\" data-end=\"787\">Die Farbe Silber wird traditionell mit dem <strong data-start=\"568\" data-end=\"626\">Mond, \u00fcbersinnlicher Sensibilit\u00e4t und feinstofflichen Energien<\/strong> in Verbindung gebracht. In der esoterischen Tradition wird sie verwendet, um <strong data-start=\"675\" data-end=\"786\">R\u00e4ume von negativen Energien zu reinigen, den spirituellen Schutz zu st\u00e4rken und die Hellsichtigkeit zu f\u00f6rdern<\/strong>. <\/p>\n<p data-start=\"789\" data-end=\"985\">Bei der Verbrennung auf liturgischer Holzkohle verstr\u00f6mt dieser Weihrauch einen intensiven, einh\u00fcllenden Duft, der eine ideale Atmosph\u00e4re f\u00fcr <strong data-start=\"923\" data-end=\"984\">Meditation, Schutzrituale und divinatorische Praktiken<\/strong> schafft.<\/p>\n<h2 data-section-id=\"1mlf0qk\" data-start=\"992\" data-end=\"1018\">\ud83d\udd2e Esoterische Eigenschaften<\/h2>\n<p data-start=\"1020\" data-end=\"1125\">Nach magischer und spiritueller Tradition wird<strong data-start=\"1065\" data-end=\"1103\">Silberweihrauch (Plata Rain)<\/strong> f\u00fcr folgende Zwecke verwendet:<\/p>\n<p data-start=\"1127\" data-end=\"1367\">\ud83e\uddff <strong data-start=\"1130\" data-end=\"1155\">spiritueller Schutz<\/strong><br data-start=\"1155\" data-end=\"1158\">\u2728 <strong data-start=\"1160\" data-end=\"1210\">energetische Reinigung von R\u00e4umen und Gegenst\u00e4nden<\/strong><br data-start=\"1210\" data-end=\"1213\">\ud83c\udf19 St\u00e4rkung der <strong data-start=\"1227\" data-end=\"1262\">Intuition und subtilen Wahrnehmungen<\/strong><br data-start=\"1262\" data-end=\"1265\">\ud83d\udd2e Unterst\u00fctzung von <strong data-start=\"1279\" data-end=\"1315\">Divinationsritualen und Wahrsagerei<\/strong><br data-start=\"1315\" data-end=\"1318\">\ud83d\udd4a F\u00f6rderung von <strong data-start=\"1330\" data-end=\"1367\">geistigem Frieden und spiritueller Harmonie<\/strong><\/p>\n<p data-start=\"1369\" data-end=\"1411\">Es ist besonders geeignet f\u00fcr Rituale von:<\/p>\n<ul data-start=\"1413\" data-end=\"1580\">\n<li data-section-id=\"13pf4jm\" data-start=\"1413\" data-end=\"1438\">\n<p data-start=\"1415\" data-end=\"1438\">Energieschutz<\/p>\n<\/li>\n<li data-section-id=\"1vetaj6\" data-start=\"1439\" data-end=\"1472\">\n<p data-start=\"1441\" data-end=\"1472\">spiritueller Hausputz<\/p>\n<\/li>\n<li data-section-id=\"1qd9f84\" data-start=\"1473\" data-end=\"1510\">\n<p data-start=\"1475\" data-end=\"1510\">Er\u00f6ffnung intuitiver Kapazit\u00e4ten<\/p>\n<\/li>\n<li data-section-id=\"5x0w14\" data-start=\"1511\" data-end=\"1548\">\n<p data-start=\"1513\" data-end=\"1548\">Meditation und spirituelle Entwicklung<\/p>\n<\/li>\n<li data-section-id=\"i9qghc\" data-start=\"1549\" data-end=\"1580\">\n<p data-start=\"1551\" data-end=\"1580\">Vorbereitung auf das Wahrsagen<\/p>\n<\/li>\n<\/ul>\n<h2 data-section-id=\"2xjmay\" data-start=\"1587\" data-end=\"1626\">\ud83d\udd6f Wie man Silber Weihrauch verwendet<\/h2>\n<ol data-start=\"1628\" data-end=\"1891\">\n<li data-section-id=\"rksb1b\" data-start=\"1628\" data-end=\"1671\">\n<p data-start=\"1631\" data-end=\"1671\">Anz\u00fcnden einer <strong data-start=\"1644\" data-end=\"1670\">Weihrauchkohle<\/strong>.<\/p>\n<\/li>\n<li data-section-id=\"gthaey\" data-start=\"1672\" data-end=\"1734\">\n<p data-start=\"1675\" data-end=\"1734\">Legen Sie sie in ein <strong data-start=\"1694\" data-end=\"1733\">hitzebest\u00e4ndiges R\u00e4uchergef\u00e4\u00df<\/strong>.<\/p>\n<\/li>\n<li data-section-id=\"3n62ul\" data-start=\"1735\" data-end=\"1804\">\n<p data-start=\"1738\" data-end=\"1804\">Geben Sie ein paar <strong data-start=\"1753\" data-end=\"1781\">K\u00f6rnchen Silberweihrauch<\/strong> auf die brennende Holzkohle.<\/p>\n<\/li>\n<li data-section-id=\"1l6vjag\" data-start=\"1805\" data-end=\"1891\">\n<p data-start=\"1808\" data-end=\"1891\">Lassen Sie den Rauch die Umgebung reinigen, w\u00e4hrend Sie die rituelle Absicht fokussieren.<\/p>\n<\/li>\n<\/ol>\n<p data-start=\"1893\" data-end=\"2077\">\ud83d\udca1 <strong data-start=\"1896\" data-end=\"1920\">Esoterischer Tipp:<\/strong><br data-start=\"1920\" data-end=\"1923\">Ideal, um <strong data-start=\"1944\" data-end=\"2026\">vor dem Konsultieren von Tarotkarten, dem Kartenlesen oder der Durchf\u00fchrung spiritueller Rituale<\/strong> ein sauberes und gesch\u00fctztes Energiefeld zu schaffen.<\/p>\n<h2 data-section-id=\"4uy6q5\" data-start=\"2084\" data-end=\"2099\">\ud83d\udce6 Inhalt<\/h2>\n<ul data-start=\"2101\" data-end=\"2196\">\n<li data-section-id=\"dmszn5\" data-start=\"2101\" data-end=\"2158\">\n<p data-start=\"2103\" data-end=\"2158\"><strong data-start=\"2119\" data-end=\"2158\">Silbernes<\/strong> Ritual-R\u00e4ucherwerk <strong data-start=\"2119\" data-end=\"2158\">&#8211; Regen aus Plata-K\u00f6rnern<\/strong><\/p>\n<\/li>\n<li data-section-id=\"1j02zyx\" data-start=\"2159\" data-end=\"2196\">\n<p data-start=\"2161\" data-end=\"2196\">Gebrauchsfertige versiegelte Verpackung<\/p>\n<\/li>\n<\/ul>\n<h2 data-section-id=\"1cuee4\" data-start=\"2203\" data-end=\"2219\">\u26a0\ufe0f Warnungen<\/h2>\n<ul data-start=\"2221\" data-end=\"2363\">\n<li data-section-id=\"1w1gc5k\" data-start=\"2221\" data-end=\"2271\">\n<p data-start=\"2223\" data-end=\"2271\">Nur f\u00fcr <strong data-start=\"2242\" data-end=\"2268\">Weihrauchkohle<\/strong> verwenden.<\/p>\n<\/li>\n<li data-section-id=\"5mw4h4\" data-start=\"2272\" data-end=\"2324\">\n<p data-start=\"2274\" data-end=\"2324\">Lassen Sie das Ger\u00e4t w\u00e4hrend der Verbrennung nicht unbeaufsichtigt.<\/p>\n<\/li>\n<li data-section-id=\"1dlu6an\" data-start=\"2325\" data-end=\"2363\">\n<p data-start=\"2327\" data-end=\"2363\">Halten Sie es von Kindern und Tieren fern.<\/p>\n<\/li>\n<\/ul>\n","protected":false},"excerpt":{"rendered":"<p>Silberne R\u00e4ucherk\u00f6rner &#8211; Rain of Plata &#8211; Reinigung, Schutz und Intuition Silberne Energie zum Reinigen und Sch\u00fctzen Silver Incense &#8211; Rain of Plata ist eine rituelle Getreidemischung, die in esoterischen Praktiken zur energetischen Reinigung, zum spirituellen Schutz und zur Entwicklung der Intuition verwendet wird. Die Farbe Silber wird traditionell mit dem Mond, \u00fcbersinnlicher Sensibilit\u00e4t und [&hellip;]<\/p>\n","protected":false},"featured_media":53251,"comment_status":"open","ping_status":"closed","template":"","meta":{"_acf_changed":false},"product_brand":[],"product_cat":[903],"product_tag":[1908,1502,1711,6129,1468],"class_list":{"0":"post-53252","1":"product","2":"type-product","3":"status-publish","4":"has-post-thumbnail","6":"product_cat-weihrauch","7":"product_tag-geld","8":"product_tag-korner","9":"product_tag-schutz","10":"product_tag-silber","11":"product_tag-weihrauch","13":"first","14":"instock","15":"shipping-taxable","16":"purchasable","17":"product-type-simple"},"acf":[],"_links":{"self":[{"href":"https:\/\/www.seleneshop.net\/de\/wp-json\/wp\/v2\/product\/53252","targetHints":{"allow":["GET"]}}],"collection":[{"href":"https:\/\/www.seleneshop.net\/de\/wp-json\/wp\/v2\/product"}],"about":[{"href":"https:\/\/www.seleneshop.net\/de\/wp-json\/wp\/v2\/types\/product"}],"replies":[{"embeddable":true,"href":"https:\/\/www.seleneshop.net\/de\/wp-json\/wp\/v2\/comments?post=53252"}],"wp:featuredmedia":[{"embeddable":true,"href":"https:\/\/www.seleneshop.net\/de\/wp-json\/wp\/v2\/media\/53251"}],"wp:attachment":[{"href":"https:\/\/www.seleneshop.net\/de\/wp-json\/wp\/v2\/media?parent=53252"}],"wp:term":[{"taxonomy":"product_brand","embeddable":true,"href":"https:\/\/www.seleneshop.net\/de\/wp-json\/wp\/v2\/product_brand?post=53252"},{"taxonomy":"product_cat","embeddable":true,"href":"https:\/\/www.seleneshop.net\/de\/wp-json\/wp\/v2\/product_cat?post=53252"},{"taxonomy":"product_tag","embeddable":true,"href":"https:\/\/www.seleneshop.net\/de\/wp-json\/wp\/v2\/product_tag?post=53252"}],"curies":[{"name":"wp","href":"https:\/\/api.w.org\/{rel}","templated":true}]}}