{"id":15984,"date":"2021-07-15T16:46:13","date_gmt":"2021-07-15T14:46:15","guid":{"rendered":"https:\/\/www.seleneshop.net\/?post_type=product&#038;p=15984"},"modified":"2024-07-01T00:00:18","modified_gmt":"2024-06-30T22:00:18","slug":"ojo-de-gato-de-piedra-caido","status":"publish","type":"product","link":"https:\/\/www.seleneshop.net\/es\/shop\/piedras-y-cristales\/ojo-de-gato-de-piedra-caido\/","title":{"rendered":"Ojo de gato de piedra ca\u00eddo"},"content":{"rendered":"<p>Ojo de gato de piedra ca\u00eddo<br \/>\nCat&#8217;s Eye fortalece la fuerza de voluntad y la confianza. Una piedra muy buena para llevar a una entrevista de trabajo, presentaci\u00f3n o en una situaci\u00f3n en la que necesite protegerse. La piedra tambi\u00e9n crea armon\u00eda dentro de un grupo y mejora los lazos familiares. Tradicionalmente, la piedra se usaba para ver mejor en la oscuridad y viajar con seguridad a trav\u00e9s de la oscuridad.<\/p>\n<p>Limpieza y recarga: inmersi\u00f3n en agua fr\u00eda con sal (incluso unas pocas horas); alternativamente descansando sobre una familia de amatista o cristal de roca; Los ba\u00f1os de sol (sin luz directa) y los ba\u00f1os de luna regeneran su vitalidad. Cuando el jaspe haya abandonado todo el potencial energ\u00e9tico que tiene, se volver\u00e1 fr\u00e1gil y se romper\u00e1; en ese momento conviene devolverlo a la naturaleza, solt\u00e1ndolo en el mar o en un arroyo<\/p>\n<p>Uso: ll\u00e9velo con usted (en el bolsillo o en una bolsa de fibra natural colgada del cuello); ll\u00e9velo como una piedra montada en collares, pulseras o colgantes; no se recomienda usarlo en la funda de la almohada porque, al aportar mucha energ\u00eda f\u00edsica, especialmente las variedades tintas, f\u00e1cilmente podr\u00edan dificultar la conciliaci\u00f3n del sue\u00f1o; excelente en momentos de meditaci\u00f3n y tratamientos de reiki; se puede hacer que se adhiera con un yeso a la piel en correspondencia con el chakra 1-2-3, seg\u00fan los colores; mineral fundamental en tratamientos de cristaloterapia<\/p>\n","protected":false},"excerpt":{"rendered":"<p>Ojo de gato de piedra ca\u00eddo Cat&#8217;s Eye fortalece la fuerza de voluntad y la confianza. Una piedra muy buena para llevar a una entrevista de trabajo, presentaci\u00f3n o en una situaci\u00f3n en la que necesite protegerse. La piedra tambi\u00e9n crea armon\u00eda dentro de un grupo y mejora los lazos familiares. Tradicionalmente, la piedra se [&hellip;]<\/p>\n","protected":false},"featured_media":15994,"comment_status":"open","ping_status":"closed","template":"","meta":{"_acf_changed":false},"product_brand":[],"product_cat":[1147,270],"product_tag":[1148,1246,1149,1146],"class_list":{"0":"post-15984","1":"product","2":"type-product","3":"status-publish","4":"has-post-thumbnail","6":"product_cat-piedras-y-cristales","7":"product_cat-uncategorized","8":"product_tag-cayo","9":"product_tag-gato","10":"product_tag-ojo","11":"product_tag-roca","13":"first","14":"instock","15":"shipping-taxable","16":"purchasable","17":"product-type-variable","18":"has-default-attributes"},"acf":[],"_links":{"self":[{"href":"https:\/\/www.seleneshop.net\/es\/wp-json\/wp\/v2\/product\/15984","targetHints":{"allow":["GET"]}}],"collection":[{"href":"https:\/\/www.seleneshop.net\/es\/wp-json\/wp\/v2\/product"}],"about":[{"href":"https:\/\/www.seleneshop.net\/es\/wp-json\/wp\/v2\/types\/product"}],"replies":[{"embeddable":true,"href":"https:\/\/www.seleneshop.net\/es\/wp-json\/wp\/v2\/comments?post=15984"}],"wp:featuredmedia":[{"embeddable":true,"href":"https:\/\/www.seleneshop.net\/es\/wp-json\/wp\/v2\/media\/15994"}],"wp:attachment":[{"href":"https:\/\/www.seleneshop.net\/es\/wp-json\/wp\/v2\/media?parent=15984"}],"wp:term":[{"taxonomy":"product_brand","embeddable":true,"href":"https:\/\/www.seleneshop.net\/es\/wp-json\/wp\/v2\/product_brand?post=15984"},{"taxonomy":"product_cat","embeddable":true,"href":"https:\/\/www.seleneshop.net\/es\/wp-json\/wp\/v2\/product_cat?post=15984"},{"taxonomy":"product_tag","embeddable":true,"href":"https:\/\/www.seleneshop.net\/es\/wp-json\/wp\/v2\/product_tag?post=15984"}],"curies":[{"name":"wp","href":"https:\/\/api.w.org\/{rel}","templated":true}]}}