{"id":16153,"date":"2021-07-17T15:10:53","date_gmt":"2021-07-17T13:10:54","guid":{"rendered":"https:\/\/www.seleneshop.net\/?post_type=product&#038;p=16153"},"modified":"2024-07-01T00:00:17","modified_gmt":"2024-06-30T22:00:17","slug":"piedra-caida-de-feldespato","status":"publish","type":"product","link":"https:\/\/www.seleneshop.net\/es\/shop\/piedras-y-cristales\/piedra-caida-de-feldespato\/","title":{"rendered":"Piedra ca\u00edda de feldespato"},"content":{"rendered":"<p>Piedra ca\u00edda de feldespato<br \/>\nEl feldespato le ayuda a encontrar formas poco convencionales y emocionantes de lograr sus objetivos a trav\u00e9s del pensamiento creativo. Se cree que el feldespato ayuda a alinear los Chakras y a aliviar el estr\u00e9s y los miedos.<\/p>\n<p>Mineralog\u00eda: Mezcla de diferentes feldespatos. SC: monocl\u00ednica \/ triclina. PL: primario.<br \/>\nIndicaciones: Deseo de conocimiento, nuevas perspectivas, flexibilidad; Bienestar, equilibrio; despierta y promueve el inter\u00e9s por la vida. Ampliar la percepci\u00f3n, inspirar nuevos puntos de vista.<\/p>\n<p>Limpieza y recarga: inmersi\u00f3n en agua fr\u00eda con sal (incluso unas pocas horas); alternativamente descansando sobre una familia de amatista o cristal de roca; los ba\u00f1os de sol (sin luz directa) y los ba\u00f1os de luna regeneran su vitalidad. Cuando el jaspe haya abandonado todo el potencial energ\u00e9tico que tiene, se volver\u00e1 fr\u00e1gil y se romper\u00e1; en ese momento conviene devolverlo a la naturaleza, solt\u00e1ndolo en el mar o en un arroyo<\/p>\n<p>Uso: ll\u00e9velo con usted (en el bolsillo o en una bolsa de fibra natural colgada del cuello); ll\u00e9velo como una piedra montada en collares, pulseras o colgantes; no se recomienda usarlo en la funda de la almohada porque, al aportar mucha energ\u00eda f\u00edsica, especialmente las variedades tintas, f\u00e1cilmente podr\u00edan dificultar el sue\u00f1o; excelente en momentos de meditaci\u00f3n y tratamientos de reiki; se puede hacer que se adhiera con un yeso a la piel en correspondencia con el chakra 1-2-3, seg\u00fan los colores; mineral fundamental en tratamientos de cristaloterapia<\/p>\n","protected":false},"excerpt":{"rendered":"<p>Piedra ca\u00edda de feldespato El feldespato le ayuda a encontrar formas poco convencionales y emocionantes de lograr sus objetivos a trav\u00e9s del pensamiento creativo. Se cree que el feldespato ayuda a alinear los Chakras y a aliviar el estr\u00e9s y los miedos. Mineralog\u00eda: Mezcla de diferentes feldespatos. SC: monocl\u00ednica \/ triclina. PL: primario. Indicaciones: Deseo [&hellip;]<\/p>\n","protected":false},"featured_media":16163,"comment_status":"open","ping_status":"closed","template":"","meta":{"_acf_changed":false},"product_brand":[],"product_cat":[1147,270],"product_tag":[1148,1268,1146],"class_list":{"0":"post-16153","1":"product","2":"type-product","3":"status-publish","4":"has-post-thumbnail","6":"product_cat-piedras-y-cristales","7":"product_cat-uncategorized","8":"product_tag-cayo","9":"product_tag-feldspato-es","10":"product_tag-roca","12":"first","13":"instock","14":"shipping-taxable","15":"purchasable","16":"product-type-variable","17":"has-default-attributes"},"acf":[],"_links":{"self":[{"href":"https:\/\/www.seleneshop.net\/es\/wp-json\/wp\/v2\/product\/16153","targetHints":{"allow":["GET"]}}],"collection":[{"href":"https:\/\/www.seleneshop.net\/es\/wp-json\/wp\/v2\/product"}],"about":[{"href":"https:\/\/www.seleneshop.net\/es\/wp-json\/wp\/v2\/types\/product"}],"replies":[{"embeddable":true,"href":"https:\/\/www.seleneshop.net\/es\/wp-json\/wp\/v2\/comments?post=16153"}],"wp:featuredmedia":[{"embeddable":true,"href":"https:\/\/www.seleneshop.net\/es\/wp-json\/wp\/v2\/media\/16163"}],"wp:attachment":[{"href":"https:\/\/www.seleneshop.net\/es\/wp-json\/wp\/v2\/media?parent=16153"}],"wp:term":[{"taxonomy":"product_brand","embeddable":true,"href":"https:\/\/www.seleneshop.net\/es\/wp-json\/wp\/v2\/product_brand?post=16153"},{"taxonomy":"product_cat","embeddable":true,"href":"https:\/\/www.seleneshop.net\/es\/wp-json\/wp\/v2\/product_cat?post=16153"},{"taxonomy":"product_tag","embeddable":true,"href":"https:\/\/www.seleneshop.net\/es\/wp-json\/wp\/v2\/product_tag?post=16153"}],"curies":[{"name":"wp","href":"https:\/\/api.w.org\/{rel}","templated":true}]}}