{"id":16946,"date":"2021-05-19T15:36:55","date_gmt":"2021-05-19T13:36:55","guid":{"rendered":"https:\/\/www.seleneshop.net\/shop\/sin%20categor\u00eda\/varita-de-rama-con-esfera-morada\/"},"modified":"2024-10-01T00:00:14","modified_gmt":"2024-09-30T22:00:14","slug":"varita-rama-con-esfera-violeta","status":"publish","type":"product","link":"https:\/\/www.seleneshop.net\/es\/shop\/varita-magica\/varita-rama-con-esfera-violeta\/","title":{"rendered":"Varita de rama con esfera morada"},"content":{"rendered":"<h2>Varita de rama con esfera morada<\/h2>\n<p>Explora el poder m\u00e1gico con nuestra exclusiva Varita Esfera Violeta de Resina, una obra de arte esot\u00e9rica que a\u00f1ade un toque de misterio y poder a tu pr\u00e1ctica m\u00e1gica. Con una longitud de 24 cm, esta varita presenta una esfera moldeada de color p\u00farpura nacarado, elegantemente sostenida por ramas entrelazadas, que crean un dise\u00f1o sencillo pero de sorprendente belleza. Es una adici\u00f3n esencial a la colecci\u00f3n de cualquier brujo o mago que busque herramientas m\u00e1gicas de alta calidad.<\/p>\n<p>El material de resina confiere a la varita una durabilidad excepcional, mientras que su dise\u00f1o detallista ofrece una presencia m\u00e1gica y fascinante. El orbe p\u00farpura, s\u00edmbolo de sabidur\u00eda y espiritualidad, amplifica la energ\u00eda de la varita, por lo que resulta ideal para pr\u00e1cticas wiccanas y rituales m\u00e1gicos.<\/p>\n<p>Las dimensiones de la varita (24 cm de alto, 3 cm de ancho y 3 cm de di\u00e1metro) la hacen manejable y adecuada para diversos usos m\u00e1gicos. Sin embargo, se recomienda tratarlo con cuidado, ya que no es un juguete, sino una poderosa herramienta utilizada en la magia wiccana.<\/p>\n<p>A\u00f1ade un toque de magia a tu pr\u00e1ctica con la Varita de Rama con Bola de Resina Morada. Haga su pedido ahora para poseer este instrumento m\u00e1gico \u00fanico y empezar a explorar las profundidades de su espiritualidad a trav\u00e9s de su presencia encantada.<\/p>\n","protected":false},"excerpt":{"rendered":"<p>Varita de rama con esfera morada Explora el poder m\u00e1gico con nuestra exclusiva Varita Esfera Violeta de Resina, una obra de arte esot\u00e9rica que a\u00f1ade un toque de misterio y poder a tu pr\u00e1ctica m\u00e1gica. Con una longitud de 24 cm, esta varita presenta una esfera moldeada de color p\u00farpura nacarado, elegantemente sostenida por ramas [&hellip;]<\/p>\n","protected":false},"featured_media":14638,"comment_status":"open","ping_status":"closed","template":"","meta":{"_acf_changed":false},"product_brand":[],"product_cat":[1628],"product_tag":[1758,1759,1744],"class_list":{"0":"post-16946","1":"product","2":"type-product","3":"status-publish","4":"has-post-thumbnail","6":"product_cat-varita-magica","7":"product_tag-pelota","8":"product_tag-varita-magica","9":"product_tag-viola-es","11":"first","12":"instock","13":"shipping-taxable","14":"purchasable","15":"product-type-simple"},"acf":[],"_links":{"self":[{"href":"https:\/\/www.seleneshop.net\/es\/wp-json\/wp\/v2\/product\/16946","targetHints":{"allow":["GET"]}}],"collection":[{"href":"https:\/\/www.seleneshop.net\/es\/wp-json\/wp\/v2\/product"}],"about":[{"href":"https:\/\/www.seleneshop.net\/es\/wp-json\/wp\/v2\/types\/product"}],"replies":[{"embeddable":true,"href":"https:\/\/www.seleneshop.net\/es\/wp-json\/wp\/v2\/comments?post=16946"}],"wp:featuredmedia":[{"embeddable":true,"href":"https:\/\/www.seleneshop.net\/es\/wp-json\/wp\/v2\/media\/14638"}],"wp:attachment":[{"href":"https:\/\/www.seleneshop.net\/es\/wp-json\/wp\/v2\/media?parent=16946"}],"wp:term":[{"taxonomy":"product_brand","embeddable":true,"href":"https:\/\/www.seleneshop.net\/es\/wp-json\/wp\/v2\/product_brand?post=16946"},{"taxonomy":"product_cat","embeddable":true,"href":"https:\/\/www.seleneshop.net\/es\/wp-json\/wp\/v2\/product_cat?post=16946"},{"taxonomy":"product_tag","embeddable":true,"href":"https:\/\/www.seleneshop.net\/es\/wp-json\/wp\/v2\/product_tag?post=16946"}],"curies":[{"name":"wp","href":"https:\/\/api.w.org\/{rel}","templated":true}]}}