{"id":24000,"date":"2021-12-13T19:12:09","date_gmt":"2021-12-13T18:12:10","guid":{"rendered":"https:\/\/www.seleneshop.net\/?post_type=product&#038;p=24000"},"modified":"2024-05-20T18:09:27","modified_gmt":"2024-05-20T16:09:27","slug":"difusor-arcoiris","status":"publish","type":"product","link":"https:\/\/www.seleneshop.net\/es\/shop\/campanas-tibetanas-es\/difusor-arcoiris\/","title":{"rendered":"Difusor arcoiris"},"content":{"rendered":"<h1>Difusor arcoiris<\/h1>\n<p>El difusor arco iris est\u00e1 especialmente dise\u00f1ado para alcanzar la temperatura adecuada para los conos difusores de aroma, los granos de incienso y el aceite esencial. El difusor alcanza la temperatura adecuada para la difusi\u00f3n del aroma. Juntos constituyen la forma m\u00e1s limpia y eficaz de difundir agradables aromas. \u00a1No se emiten toxinas y no se producen cenizas ni humo!<\/p>\n<h2><strong>El difusor arco iris consta de:  <\/strong><\/h2>\n<p>Difusor de hierro forjado, placa de cobre, posavasos de madera, vela, dos muestras de ladrillos de incienso. Las fragancias var\u00edan seg\u00fan el envase. Se incluye un folleto que contiene informaci\u00f3n sobre Aromafume, las diferentes fragancias y una explicaci\u00f3n de c\u00f3mo usar los ladrillos de incienso en holand\u00e9s, alem\u00e1n, ingl\u00e9s, italiano y franc\u00e9s.<\/p>\n<h2><strong>\u00bfC\u00f3mo se utilizan los ladrillos de incienso?<\/strong><\/h2>\n<p>El difusor ha sido especialmente dise\u00f1ado para alcanzar la temperatura adecuada para la difusi\u00f3n del aroma.<br \/>\n-Coloca el difusor de Incienso Ex\u00f3tico en el posavasos de madera<br \/>\n-Enciende la vela. Coloque el difusor de incienso ex\u00f3tico en la candelita.<br \/>\n-Ponga el ladrillo de incienso, aceite esencial, incienso de grano, etc. en la placa de cobre.<br \/>\n-Los ladrillos de incienso se queman en 45-60 minutos. El altavoz se sobrecalentar\u00e1. No tocar.<br \/>\n-Solar la vela pasado el tiempo indicado anteriormente y dejar enfriar.<br \/>\n-El ladrillo de incienso se volver\u00e1 negro oscuro y duro. No se derretir\u00e1.<br \/>\n&#8211; Deseche los ladrillos de incienso usados con desechos org\u00e1nicos.<\/p>\n<p><strong>\u00a1Atenci\u00f3n!<\/strong><br \/>\n\u2022 Nunca deje la vela desatendida.<br \/>\n\u2022 No toque ni mueva la vela encendida. Esto podr\u00eda provocar una fuga de cera y, en consecuencia, un incendio.<br \/>\n\u2022 Aseg\u00farese de que la llama de la vela no toque el plato. Si se acumula holl\u00edn, apague inmediatamente la buj\u00eda.<br \/>\n\u2022 Retire el holl\u00edn del plato. Los desechos que caen en la cera caliente pueden provocar incendios.<br \/>\n\u2022 Recorte la mecha si es necesario, las mechas largas pueden provocar goteos o quemaduras.<br \/>\n\u2022 Mantenga siempre el recipiente con la cera limpio de restos de mechas, f\u00f3sforos y dep\u00f3sitos.<br \/>\n\u2022 Mant\u00e9ngase fuera del alcance de los ni\u00f1os, mascotas y objetos inflamables.<\/p>\n<p>&nbsp;<\/p>\n","protected":false},"excerpt":{"rendered":"<p>Difusor arcoiris El difusor arco iris est\u00e1 especialmente dise\u00f1ado para alcanzar la temperatura adecuada para los conos difusores de aroma, los granos de incienso y el aceite esencial. El difusor alcanza la temperatura adecuada para la difusi\u00f3n del aroma. Juntos constituyen la forma m\u00e1s limpia y eficaz de difundir agradables aromas. \u00a1No se emiten toxinas [&hellip;]<\/p>\n","protected":false},"featured_media":23991,"comment_status":"open","ping_status":"closed","template":"","meta":{"_acf_changed":false},"product_brand":[],"product_cat":[1624,868],"product_tag":[3374,1507,1506,1474,1504],"class_list":{"0":"post-24000","1":"product","2":"type-product","3":"status-publish","4":"has-post-thumbnail","6":"product_cat-campanas-tibetanas-es","7":"product_cat-quemador-de-incienso","8":"product_tag-aceites","9":"product_tag-conos","10":"product_tag-granos","11":"product_tag-incienso","12":"product_tag-quemaduras","14":"first","15":"instock","16":"shipping-taxable","17":"purchasable","18":"product-type-simple"},"acf":[],"_links":{"self":[{"href":"https:\/\/www.seleneshop.net\/es\/wp-json\/wp\/v2\/product\/24000","targetHints":{"allow":["GET"]}}],"collection":[{"href":"https:\/\/www.seleneshop.net\/es\/wp-json\/wp\/v2\/product"}],"about":[{"href":"https:\/\/www.seleneshop.net\/es\/wp-json\/wp\/v2\/types\/product"}],"replies":[{"embeddable":true,"href":"https:\/\/www.seleneshop.net\/es\/wp-json\/wp\/v2\/comments?post=24000"}],"wp:featuredmedia":[{"embeddable":true,"href":"https:\/\/www.seleneshop.net\/es\/wp-json\/wp\/v2\/media\/23991"}],"wp:attachment":[{"href":"https:\/\/www.seleneshop.net\/es\/wp-json\/wp\/v2\/media?parent=24000"}],"wp:term":[{"taxonomy":"product_brand","embeddable":true,"href":"https:\/\/www.seleneshop.net\/es\/wp-json\/wp\/v2\/product_brand?post=24000"},{"taxonomy":"product_cat","embeddable":true,"href":"https:\/\/www.seleneshop.net\/es\/wp-json\/wp\/v2\/product_cat?post=24000"},{"taxonomy":"product_tag","embeddable":true,"href":"https:\/\/www.seleneshop.net\/es\/wp-json\/wp\/v2\/product_tag?post=24000"}],"curies":[{"name":"wp","href":"https:\/\/api.w.org\/{rel}","templated":true}]}}