{"id":24726,"date":"2022-01-08T18:51:53","date_gmt":"2022-01-08T17:51:53","guid":{"rendered":"https:\/\/www.seleneshop.net\/shop\/sin%20categor\u00eda\/esencia-de-garrapata-amor-seduccion\/"},"modified":"2026-02-18T23:13:00","modified_gmt":"2026-02-18T22:13:00","slug":"esencia-de-garrapata-amor-seduccion","status":"publish","type":"product","link":"https:\/\/www.seleneshop.net\/es\/shop\/esencias\/esencia-de-garrapata-amor-seduccion\/","title":{"rendered":"Esencia de Garrapata &#8211; amor seducci\u00f3n"},"content":{"rendered":"<h2>Poderosa Esencia de Garrapata &#8211; seducci\u00f3n amorosa<\/h2>\n<p>Esta esencia de garrapata, muy eficaz, se utiliza para los rituales de amor y los v\u00ednculos afectivos.<br \/>\nRealiza rituales de amor eficaces con la esencia perfumada de garrapata.<\/p>\n<p>La Esencia de Garrapata hunde sus ra\u00edces en antiguas tradiciones esot\u00e9ricas, utilizadas durante siglos para reforzar los v\u00ednculos afectivos y atraer el amor deseado.<\/p>\n<p>La esencia lleva este nombre porque est\u00e1 indicada para los rituales de amor y vinculaci\u00f3n, para que puedas conseguir al hombre o la mujer que deseas y que esta persona no se separe de ti.<\/p>\n<p>Sirve tanto para hacer que alguien se enamore de ti y no volver a dejarte ir, como cuando quieres que mejore tu relaci\u00f3n con tu pareja, ya que tambi\u00e9n te ayudar\u00e1 a mejorar la intimidad y los problemas generales en la relaci\u00f3n.<\/p>\n<h2>Beneficios de la Esencia Garrapata<\/h2>\n<p>Hay muchas formas de usarlo para obtener beneficios r\u00e1pidos y efectivos. Si quieres unir a alguien contigo o mejorar tu relaci\u00f3n con tu pareja, aqu\u00ed est\u00e1 la soluci\u00f3n.<\/p>\n<p>Si queremos que alguien, est\u00e9 donde est\u00e9, se desespere por nosotros, simplemente unta esta loci\u00f3n sobre \u00e9l o su ropa, o unta velas, y el problema est\u00e1 resuelto. \u00a1La persona se pegar\u00e1 a ti como una pulga o una garrapata!<br \/>\nEsta loci\u00f3n de esencia de Garrapata se utiliza para atraer, seducir y embriagar a la persona deseada. P\u00f3ntelo y te har\u00e1 irresistible.<\/p>\n<p>Las mezclas de esencia de Garrapata se elaboran utilizando recetas antiguas que se cree que ayudan en objetivos espirituales espec\u00edficos utilizando el poder de las hierbas y resinas antiguas que contienen. Estas esencias pueden utilizarse para bendecir otros objetos o usarse como fragancia.<\/p>\n<p>Para obtener mejores resultados, aplica unas gotas de la esencia en las mu\u00f1ecas o detr\u00e1s de las orejas antes de un encuentro rom\u00e1ntico. Tambi\u00e9n puede utilizarse para ungir velas durante rituales espec\u00edficos. <\/p>\n<h3>C\u00f3mo utilizar la Esencia para rituales de amor<\/h3>\n<ul>\n<li>Solo debe usarse con fines esot\u00e9ricos.<\/li>\n<li> Se puede utilizar junto con polvos y sales esot\u00e9ricos para aumentar su eficacia.<\/li>\n<li> Se puede usar para engrasar velas, velas, amuletos y otros art\u00edculos rituales, \u00a1o simplemente pon\u00e9rselo!<\/li>\n<li>  Est\u00e1 indicado para rituales y peticiones de amor y ligamentos.<\/li>\n<li> Puede ayudarlo a mejorar la relaci\u00f3n con su pareja.<\/li>\n<li> Puede hacer que alguien se enamore de ti.<\/li>\n<\/ul>\n<p>La acci\u00f3n de atar se refiere al acto de atar un objeto o una persona, con cuerdas, cadenas o cualquier otro material para que est\u00e9 seguro y firme contigo.<\/p>\n<p>Cuando nos referimos a vincular a una persona, nos referimos a hacer que esa persona &#8220;se enamore&#8221; de ti y se sienta tan seducida y atra\u00edda por tu encanto que se pegue a ti como una mosca o, como dijimos anteriormente, una garrapata.<\/p>\n<p>Muchos clientes han informado de experiencias positivas, observando un aumento de la atracci\u00f3n y la intimidad con su pareja despu\u00e9s de utilizar la esencia.<\/p>\n","protected":false},"excerpt":{"rendered":"<p>Esencia de Garrapata: poderosa para el amor y los v\u00ednculos. Util\u00edzalo para mejorar tus relaciones, atraer a quien quieres y crear v\u00ednculos duraderos. Utiliza esta esencia esot\u00e9rica con velas o ropa. Recetas antiguas para objetivos espirituales. Util\u00edcese con precauci\u00f3n s\u00f3lo con fines esot\u00e9ricos.<\/p>\n","protected":false},"featured_media":43737,"comment_status":"open","ping_status":"closed","template":"","meta":{"_acf_changed":false},"product_brand":[],"product_cat":[3530],"product_tag":[1903,3532,3531,2928],"class_list":{"0":"post-24726","1":"product","2":"type-product","3":"status-publish","4":"has-post-thumbnail","6":"product_cat-esencias","7":"product_tag-amor","8":"product_tag-esencia","9":"product_tag-garrapata-es","10":"product_tag-seduccion","12":"first","13":"instock","14":"shipping-taxable","15":"purchasable","16":"product-type-simple"},"acf":[],"_links":{"self":[{"href":"https:\/\/www.seleneshop.net\/es\/wp-json\/wp\/v2\/product\/24726","targetHints":{"allow":["GET"]}}],"collection":[{"href":"https:\/\/www.seleneshop.net\/es\/wp-json\/wp\/v2\/product"}],"about":[{"href":"https:\/\/www.seleneshop.net\/es\/wp-json\/wp\/v2\/types\/product"}],"replies":[{"embeddable":true,"href":"https:\/\/www.seleneshop.net\/es\/wp-json\/wp\/v2\/comments?post=24726"}],"wp:featuredmedia":[{"embeddable":true,"href":"https:\/\/www.seleneshop.net\/es\/wp-json\/wp\/v2\/media\/43737"}],"wp:attachment":[{"href":"https:\/\/www.seleneshop.net\/es\/wp-json\/wp\/v2\/media?parent=24726"}],"wp:term":[{"taxonomy":"product_brand","embeddable":true,"href":"https:\/\/www.seleneshop.net\/es\/wp-json\/wp\/v2\/product_brand?post=24726"},{"taxonomy":"product_cat","embeddable":true,"href":"https:\/\/www.seleneshop.net\/es\/wp-json\/wp\/v2\/product_cat?post=24726"},{"taxonomy":"product_tag","embeddable":true,"href":"https:\/\/www.seleneshop.net\/es\/wp-json\/wp\/v2\/product_tag?post=24726"}],"curies":[{"name":"wp","href":"https:\/\/api.w.org\/{rel}","templated":true}]}}