{"id":27313,"date":"2022-03-28T10:49:54","date_gmt":"2022-03-28T08:49:54","guid":{"rendered":"https:\/\/www.seleneshop.net\/shop\/sin categor\u00eda\/varilla-de-radiestesia\/"},"modified":"2022-04-04T10:08:17","modified_gmt":"2022-04-04T08:08:17","slug":"vara-de-zahori","status":"publish","type":"product","link":"https:\/\/www.seleneshop.net\/es\/shop\/radiestesia\/vara-de-zahori\/","title":{"rendered":"varilla de radiestesia"},"content":{"rendered":"<h1>varilla de radiestesia<\/h1>\n<div class=\"ph-product-price\">\n<div class=\"cmp-product-price\">\n<p>Se puede usar una vara de adivinaci\u00f3n para ubicar pozos, metales, piedras preciosas u otros objetos debajo de la superficie de la tierra, o puede captar interferencias energ\u00e9ticas dentro de una casa.<\/p>\n<p>Completo con caja de transporte<\/p>\n<p>Material: madera de abedul y aluminio<\/p>\n<p><strong>Instrucciones de uso<\/strong><br \/>\nSostenga la varita en sus manos, con los dedos y los pulgares no demasiado apretados pero firmemente alrededor de los mangos. La parte larga no debe tocar las manos, para que pueda moverse libremente, sin ning\u00fan impedimento.<\/p>\n<div>\n<div>\n<p>Sostenga la varita as\u00ed y pida mostrar la respuesta &#8220;s\u00ed&#8221;. La varita oscilar\u00e1 hacia arriba y hacia abajo o de izquierda a derecha para indicar cu\u00e1l ser\u00e1 la respuesta &#8220;s\u00ed&#8221;. En este punto, p\u00eddele a la varita que muestre cu\u00e1l ser\u00e1 la respuesta &#8220;no&#8221;. Una vez m\u00e1s, la varita oscilar\u00e1 hacia arriba y hacia abajo o de izquierda a derecha, pero debe moverse en sentido contrario a lo que mostr\u00f3 para la respuesta &#8220;s\u00ed&#8221;. Repita la operaci\u00f3n para que los movimientos de &#8220;s\u00ed&#8221; y &#8220;no&#8221; queden completamente claros.<\/p>\n<p>En este punto, haga preguntas, donde la respuesta solo puede ser con un simple &#8220;s\u00ed&#8221; o &#8220;no&#8221;. Haga preguntas para averiguar en qu\u00e9 direcci\u00f3n se encuentra un objeto, una fuente o una persona en particular.<\/p>\n<\/div>\n<\/div>\n<\/div>\n<\/div>\n","protected":false},"excerpt":{"rendered":"<p>varilla de radiestesia Se puede usar una vara de adivinaci\u00f3n para ubicar pozos, metales, piedras preciosas u otros objetos debajo de la superficie de la tierra, o puede captar interferencias energ\u00e9ticas dentro de una casa. Completo con caja de transporte Material: madera de abedul y aluminio Instrucciones de uso Sostenga la varita en sus manos, [&hellip;]<\/p>\n","protected":false},"featured_media":26983,"comment_status":"open","ping_status":"closed","template":"","meta":{"_acf_changed":false},"product_brand":[],"product_cat":[4084,896],"product_tag":[4083,2522,1759],"class_list":{"0":"post-27313","1":"product","2":"type-product","3":"status-publish","4":"has-post-thumbnail","6":"product_cat-radiestesia","7":"product_cat-adivinacion","8":"product_tag-adivino","9":"product_tag-radiestesia-es-2","10":"product_tag-varita-magica","12":"first","13":"instock","14":"shipping-taxable","15":"purchasable","16":"product-type-simple"},"acf":[],"_links":{"self":[{"href":"https:\/\/www.seleneshop.net\/es\/wp-json\/wp\/v2\/product\/27313","targetHints":{"allow":["GET"]}}],"collection":[{"href":"https:\/\/www.seleneshop.net\/es\/wp-json\/wp\/v2\/product"}],"about":[{"href":"https:\/\/www.seleneshop.net\/es\/wp-json\/wp\/v2\/types\/product"}],"replies":[{"embeddable":true,"href":"https:\/\/www.seleneshop.net\/es\/wp-json\/wp\/v2\/comments?post=27313"}],"wp:featuredmedia":[{"embeddable":true,"href":"https:\/\/www.seleneshop.net\/es\/wp-json\/wp\/v2\/media\/26983"}],"wp:attachment":[{"href":"https:\/\/www.seleneshop.net\/es\/wp-json\/wp\/v2\/media?parent=27313"}],"wp:term":[{"taxonomy":"product_brand","embeddable":true,"href":"https:\/\/www.seleneshop.net\/es\/wp-json\/wp\/v2\/product_brand?post=27313"},{"taxonomy":"product_cat","embeddable":true,"href":"https:\/\/www.seleneshop.net\/es\/wp-json\/wp\/v2\/product_cat?post=27313"},{"taxonomy":"product_tag","embeddable":true,"href":"https:\/\/www.seleneshop.net\/es\/wp-json\/wp\/v2\/product_tag?post=27313"}],"curies":[{"name":"wp","href":"https:\/\/api.w.org\/{rel}","templated":true}]}}