{"id":27505,"date":"2022-04-07T09:55:53","date_gmt":"2022-04-07T07:55:53","guid":{"rendered":"https:\/\/www.seleneshop.net\/shop\/sin%20categor\u00eda\/incienso-7-arcangeles-suerte-y-proteccion\/"},"modified":"2025-09-09T23:11:32","modified_gmt":"2025-09-09T21:11:32","slug":"incienso-7-arcangeles-suerte-y-proteccion","status":"publish","type":"product","link":"https:\/\/www.seleneshop.net\/es\/shop\/incienso\/incienso-7-arcangeles-suerte-y-proteccion\/","title":{"rendered":"Incienso 7 arc\u00e1ngeles suerte y protecci\u00f3n"},"content":{"rendered":"<h2>Incienso 7 arc\u00e1ngeles<\/h2>\n<p align=\"JUSTIFY\">Conoce todos los detalles de este <strong>incienso de los 7 arc\u00e1ngeles<\/strong> . Un producto especialmente <strong>indicado para darte mucha suerte y protecci\u00f3n.<\/strong> <span class=\"\">Lee toda la descripci\u00f3n de este esot\u00e9rico producto, porque seguro que agradecer\u00e1s poder comprar un incienso con beneficios tan positivos.<\/span><\/p>\n<p align=\"JUSTIFY\">Debes saber que este producto <strong>contiene \u00fanicamente elementos muy naturales.<\/strong> Sus cualidades extraordinarias son aquellas que se utilizan en el mundo del esoterismo para lograr un prop\u00f3sito, un fin. De hecho, una vez elaborado el producto, expertos en el campo de la magia antigua lo ritualizaban. Usaron su conocimiento para bendecir este incienso e infundirlo con el poder de los 7 arc\u00e1ngeles.<\/p>\n<h3 align=\"JUSTIFY\"><b>Incienso 7 arc\u00e1ngeles, para tu suerte y protecci\u00f3n<\/b><\/h3>\n<p align=\"JUSTIFY\">Lo maravilloso de este incienso supremo es que se puede utilizar para dos prop\u00f3sitos:<\/p>\n<p align=\"JUSTIFY\"><span class=\"\">En primer lugar <\/span><strong><span class=\"\">tendr\u00e1s mucha suerte<\/span><\/strong><span class=\"\">justo lo que necesitas para mejorar tu vida y tener prosperidad. <\/span>Porque todo el mundo quiere que la vida le vaya bien. Y por eso es importante tener la suerte de nuestro lado.<\/p>\n<p align=\"JUSTIFY\">En segundo lugar, los 7 arc\u00e1ngeles te ofrecen <strong>protecci\u00f3n contra cualquier tipo de mal<\/strong> , ya sea un hechizo de magia negra, un mal de ojo, una mala racha, o cualquier entidad o esp\u00edritu, que no te dejar\u00e1 tranquilo ni calmado. Por eso es importante que cuando enciendas una varita de <strong>incienso perfumada<\/strong> , la mayor parte de la fuerza resida en ella.<\/p>\n<p align=\"JUSTIFY\">Y por supuesto, no debemos olvidar que este arom\u00e1tico incienso te garantizar\u00e1 un buen ambiente en tu hogar, ya que las barritas duran unos treinta minutos, pero su embriagador aroma se mantiene mucho m\u00e1s tiempo.<\/p>\n<h4 align=\"JUSTIFY\"><b>Siente la protecci\u00f3n del cielo al usar este producto esot\u00e9rico<\/b><\/h4>\n<p>La protecci\u00f3n que sentir\u00e1s usando este incienso es incre\u00edble. Ya que cuenta con la bendici\u00f3n de los 7 arc\u00e1ngeles. Qui\u00e9n te cuidar\u00e1 y te proteger\u00e1 de cualquier da\u00f1o. Purificar\u00e1n tu hogar y te har\u00e1n sentir defendido.<\/p>\n","protected":false},"excerpt":{"rendered":"<p>Incienso 7 arc\u00e1ngeles Conoce todos los detalles de este incienso de los 7 arc\u00e1ngeles . Un producto especialmente indicado para darte mucha suerte y protecci\u00f3n. Lee toda la descripci\u00f3n de este esot\u00e9rico producto, porque seguro que agradecer\u00e1s poder comprar un incienso con beneficios tan positivos. Debes saber que este producto contiene \u00fanicamente elementos muy naturales. [&hellip;]<\/p>\n","protected":false},"featured_media":27500,"comment_status":"open","ping_status":"closed","template":"","meta":{"_acf_changed":false},"product_brand":[],"product_cat":[904],"product_tag":[1925,1916,1474,1715],"class_list":{"0":"post-27505","1":"product","2":"type-product","3":"status-publish","4":"has-post-thumbnail","6":"product_cat-incienso","7":"product_tag-7-arcangeles","8":"product_tag-fortuna-es","9":"product_tag-incienso","10":"product_tag-proteccion","12":"first","13":"instock","14":"shipping-taxable","15":"purchasable","16":"product-type-simple"},"acf":[],"_links":{"self":[{"href":"https:\/\/www.seleneshop.net\/es\/wp-json\/wp\/v2\/product\/27505","targetHints":{"allow":["GET"]}}],"collection":[{"href":"https:\/\/www.seleneshop.net\/es\/wp-json\/wp\/v2\/product"}],"about":[{"href":"https:\/\/www.seleneshop.net\/es\/wp-json\/wp\/v2\/types\/product"}],"replies":[{"embeddable":true,"href":"https:\/\/www.seleneshop.net\/es\/wp-json\/wp\/v2\/comments?post=27505"}],"wp:featuredmedia":[{"embeddable":true,"href":"https:\/\/www.seleneshop.net\/es\/wp-json\/wp\/v2\/media\/27500"}],"wp:attachment":[{"href":"https:\/\/www.seleneshop.net\/es\/wp-json\/wp\/v2\/media?parent=27505"}],"wp:term":[{"taxonomy":"product_brand","embeddable":true,"href":"https:\/\/www.seleneshop.net\/es\/wp-json\/wp\/v2\/product_brand?post=27505"},{"taxonomy":"product_cat","embeddable":true,"href":"https:\/\/www.seleneshop.net\/es\/wp-json\/wp\/v2\/product_cat?post=27505"},{"taxonomy":"product_tag","embeddable":true,"href":"https:\/\/www.seleneshop.net\/es\/wp-json\/wp\/v2\/product_tag?post=27505"}],"curies":[{"name":"wp","href":"https:\/\/api.w.org\/{rel}","templated":true}]}}