{"id":28176,"date":"2021-03-20T18:24:04","date_gmt":"2022-05-10T18:49:55","guid":{"rendered":"https:\/\/www.seleneshop.net\/shop\/sin categor\u00eda\/la-luz-curativa-lenormand-christopher-butler\/"},"modified":"2022-05-10T20:49:55","modified_gmt":"2022-05-10T18:49:55","slug":"luz-curativa-lenormand-christopher-butler","status":"publish","type":"product","link":"https:\/\/www.seleneshop.net\/es\/shop\/sibilas\/luz-curativa-lenormand-christopher-butler\/","title":{"rendered":"La luz curativa lenormand &#8211; Christopher Butler"},"content":{"rendered":"<h1>Lenormand luz curativa<\/h1>\n<h2>cristobal mayordomo<\/h2>\n<p>La luz de Sybil Lenormand brilla sobre la vida, sobre el esp\u00edritu y sobre el coraz\u00f3n.<\/p>\n<p>Colorida y espiritual baraja Lenormand del creador del Tarot Healing Light y el Tarot Son. En una variaci\u00f3n interesante del formato de inserci\u00f3n de naipes utilizado por muchos Lenormands, Butler entrelaz\u00f3 a la perfecci\u00f3n el naipe correspondiente directamente en cada imagen. El mazo contiene dos copias de cada una de las cartas &#8220;Masculino&#8221; y &#8220;Femenino&#8221;.<\/p>\n<p>Deje que la energ\u00eda del cosmos en su adivinaci\u00f3n trabaje con la luz curativa de Lenormand. Una hermosa combinaci\u00f3n de las im\u00e1genes cl\u00e1sicas de Lenormand con las v\u00edvidas visiones del artista Christopher Butler, creador de Healing Light Tarot, esta es una baraja que se puede usar como gu\u00eda diaria con preguntas simples de la vida o preguntas m\u00e1s importantes que surgen cuando el cambio parece inevitable y necesita ideas que lo ayuden a superar las sorpresas a la vuelta de la esquina.<\/p>\n<p>La baraja en caja incluye una baraja de 38 cartas y un folleto de instrucciones en varios idiomas, incluido <strong>el italiano<\/strong> .<\/p>\n","protected":false},"excerpt":{"rendered":"<p>Lenormand luz curativa cristobal mayordomo La luz de Sybil Lenormand brilla sobre la vida, sobre el esp\u00edritu y sobre el coraz\u00f3n. Colorida y espiritual baraja Lenormand del creador del Tarot Healing Light y el Tarot Son. En una variaci\u00f3n interesante del formato de inserci\u00f3n de naipes utilizado por muchos Lenormands, Butler entrelaz\u00f3 a la perfecci\u00f3n [&hellip;]<\/p>\n","protected":false},"featured_media":20756,"comment_status":"open","ping_status":"closed","template":"","meta":{"_acf_changed":false},"product_brand":[],"product_cat":[956,936],"product_tag":[2894,3182,2767],"class_list":{"0":"post-28176","1":"product","2":"type-product","3":"status-publish","4":"has-post-thumbnail","6":"product_cat-sibilas","7":"product_cat-oraculos","8":"product_tag-lenormand-es","9":"product_tag-oraculos","10":"product_tag-sibilas","12":"first","13":"instock","14":"shipping-taxable","15":"purchasable","16":"product-type-simple"},"acf":[],"_links":{"self":[{"href":"https:\/\/www.seleneshop.net\/es\/wp-json\/wp\/v2\/product\/28176","targetHints":{"allow":["GET"]}}],"collection":[{"href":"https:\/\/www.seleneshop.net\/es\/wp-json\/wp\/v2\/product"}],"about":[{"href":"https:\/\/www.seleneshop.net\/es\/wp-json\/wp\/v2\/types\/product"}],"replies":[{"embeddable":true,"href":"https:\/\/www.seleneshop.net\/es\/wp-json\/wp\/v2\/comments?post=28176"}],"wp:featuredmedia":[{"embeddable":true,"href":"https:\/\/www.seleneshop.net\/es\/wp-json\/wp\/v2\/media\/20756"}],"wp:attachment":[{"href":"https:\/\/www.seleneshop.net\/es\/wp-json\/wp\/v2\/media?parent=28176"}],"wp:term":[{"taxonomy":"product_brand","embeddable":true,"href":"https:\/\/www.seleneshop.net\/es\/wp-json\/wp\/v2\/product_brand?post=28176"},{"taxonomy":"product_cat","embeddable":true,"href":"https:\/\/www.seleneshop.net\/es\/wp-json\/wp\/v2\/product_cat?post=28176"},{"taxonomy":"product_tag","embeddable":true,"href":"https:\/\/www.seleneshop.net\/es\/wp-json\/wp\/v2\/product_tag?post=28176"}],"curies":[{"name":"wp","href":"https:\/\/api.w.org\/{rel}","templated":true}]}}