{"id":29560,"date":"2022-06-25T12:04:04","date_gmt":"2022-06-25T10:04:04","guid":{"rendered":"https:\/\/www.seleneshop.net\/shop\/sin%20categor\u00eda\/la-esencia-esoterica-desbloquea-situaciones\/"},"modified":"2025-08-01T00:00:10","modified_gmt":"2025-07-31T22:00:10","slug":"esencia-esoterica-desbloquea-situaciones","status":"publish","type":"product","link":"https:\/\/www.seleneshop.net\/es\/shop\/esencias\/esencia-esoterica-desbloquea-situaciones\/","title":{"rendered":"La esencia esot\u00e9rica desbloquea situaciones"},"content":{"rendered":"<h1>La esencia esot\u00e9rica desbloquea situaciones<\/h1>\n<p>Si a donde vayas, la mala suerte te sigue. Si crees que todo lo que haces sale mal y que tienes una racha realmente negativa, entonces es momento de adquirir nuestra poderosa esencia Esot\u00e9rica para desbloquear situaciones, para romper la mala suerte y desbloquear situaciones.<\/p>\n<p>Este producto de esencias esot\u00e9ricas ritualizadas de alta calidad para desbloquear situaciones ha sido elaborado a partir de productos ritualizados bendecidos por las artes de la magia blanca y el misticismo. Los expertos de Arcana se encargaron de crear un producto eficaz y efectivo, que te ofrecemos en un frasco, suficiente para decir adi\u00f3s a la mala suerte.<br \/>\nPoderosa esencia esot\u00e9rica desbloqueadora para alejar la mala suerte.<\/p>\n<p>Si la mala suerte te persigue y crees que es hora de decir adi\u00f3s, hiciste bien en hacer clic aqu\u00ed, en nuestra tienda de productos esot\u00e9ricos de alta calidad, todos elaborados con las mejores artes arcanas, ancestrales y milenarias.<\/p>\n<p>Hay muchas personas que tienen malas rachas en todos los \u00e1mbitos de su vida. Le va mal el amor, incluso el trabajo, as\u00ed como la salud o las relaciones familiares y sociales, todo en su vida parece ir de mal en peor. Sin embargo, esto ya se ha acabado cuando compras este poderoso perfume esot\u00e9rico desbloqueador para acabar con la mala suerte.<br \/>\nProducto ritualizado para alejar la mala suerte<\/p>\n<p>\u00bfEres de los que prefiere no pasar por debajo de una escalera o no pasar al mismo lado que un gato negro? Entonces este producto esot\u00e9rico es para ti. Todos los que sabemos lo que es la mala suerte, porque en alg\u00fan momento de nuestra vida la hemos sufrido, queremos que se vaya y, por fin, poder sentirnos bien y ver que estamos rodeados de una vida m\u00e1s positiva. trazo.<\/p>\n<p>No lo pienses m\u00e1s y dec\u00eddete a comprar nuestro poderoso perfume desbloqueante, para romper la mala suerte. Ser\u00e1s muy feliz cuando los golpes de suerte empiecen a llegar a tu vida y ver\u00e1s que todo empezar\u00e1 a salirte bien, como siempre debe ser, porque mereces la felicidad por encima de todo.<\/p>\n<p>Extra\u00eddo del potente aroma de ASHE elaborado seg\u00fan las costumbres ancestrales, este producto esot\u00e9rico de esencias desbloqueadoras de situaciones es uno de los m\u00e1s exitosos de la santer\u00eda y su uso es tan sencillo como colocar discretamente unas gotas detr\u00e1s de las orejas, el cuello o las mu\u00f1ecas para conseguir los efectos deseados; b\u00e1sicamente, se trata de aceite perfumado mezclado con otros ingredientes secretos. La santer\u00eda es un culto m\u00e1gico y religioso que surge de la uni\u00f3n entre las creencias ancestrales de los dioses africanos (orisa) y los santos cat\u00f3licos. Esta simbiosis perfecta, que se llama sincretismo, nos abre una puerta para entrar en contacto con las energ\u00edas sutiles y arquet\u00edpicas que son capaces de ayudarnos en cada momento de nuestra vida.<\/p>\n","protected":false},"excerpt":{"rendered":"<p>La esencia esot\u00e9rica desbloquea situaciones Si a donde vayas, la mala suerte te sigue. Si crees que todo lo que haces sale mal y que tienes una racha realmente negativa, entonces es momento de adquirir nuestra poderosa esencia Esot\u00e9rica para desbloquear situaciones, para romper la mala suerte y desbloquear situaciones. Este producto de esencias esot\u00e9ricas [&hellip;]<\/p>\n","protected":false},"featured_media":44586,"comment_status":"open","ping_status":"closed","template":"","meta":{"_acf_changed":false},"product_brand":[],"product_cat":[3530],"product_tag":[3773,3532,2448,3774],"class_list":{"0":"post-29560","1":"product","2":"type-product","3":"status-publish","4":"has-post-thumbnail","6":"product_cat-esencias","7":"product_tag-desbloquear","8":"product_tag-esencia","9":"product_tag-esoterico","10":"product_tag-situaciones","12":"first","13":"instock","14":"shipping-taxable","15":"purchasable","16":"product-type-simple"},"acf":[],"_links":{"self":[{"href":"https:\/\/www.seleneshop.net\/es\/wp-json\/wp\/v2\/product\/29560","targetHints":{"allow":["GET"]}}],"collection":[{"href":"https:\/\/www.seleneshop.net\/es\/wp-json\/wp\/v2\/product"}],"about":[{"href":"https:\/\/www.seleneshop.net\/es\/wp-json\/wp\/v2\/types\/product"}],"replies":[{"embeddable":true,"href":"https:\/\/www.seleneshop.net\/es\/wp-json\/wp\/v2\/comments?post=29560"}],"wp:featuredmedia":[{"embeddable":true,"href":"https:\/\/www.seleneshop.net\/es\/wp-json\/wp\/v2\/media\/44586"}],"wp:attachment":[{"href":"https:\/\/www.seleneshop.net\/es\/wp-json\/wp\/v2\/media?parent=29560"}],"wp:term":[{"taxonomy":"product_brand","embeddable":true,"href":"https:\/\/www.seleneshop.net\/es\/wp-json\/wp\/v2\/product_brand?post=29560"},{"taxonomy":"product_cat","embeddable":true,"href":"https:\/\/www.seleneshop.net\/es\/wp-json\/wp\/v2\/product_cat?post=29560"},{"taxonomy":"product_tag","embeddable":true,"href":"https:\/\/www.seleneshop.net\/es\/wp-json\/wp\/v2\/product_tag?post=29560"}],"curies":[{"name":"wp","href":"https:\/\/api.w.org\/{rel}","templated":true}]}}