{"id":29733,"date":"2020-02-03T13:32:57","date_gmt":"2022-07-01T11:50:56","guid":{"rendered":"https:\/\/www.seleneshop.net\/shop\/sin categor\u00eda\/runas-del-pentaculo\/"},"modified":"2022-07-01T13:50:56","modified_gmt":"2022-07-01T11:50:56","slug":"pentaculo-lunas","status":"publish","type":"product","link":"https:\/\/www.seleneshop.net\/es\/shop\/colgantes\/pentaculo-lunas\/","title":{"rendered":"Runas del pent\u00e1culo"},"content":{"rendered":"<h1>Runas del pent\u00e1culo<\/h1>\n<p>Pent\u00e1culo con rueda r\u00fanica<\/p>\n<p>Material: esta\u00f1o<\/p>\n","protected":false},"excerpt":{"rendered":"<p>Runas del pent\u00e1culo Pent\u00e1culo con rueda r\u00fanica Material: esta\u00f1o<\/p>\n","protected":false},"featured_media":20146,"comment_status":"open","ping_status":"closed","template":"","meta":{"_acf_changed":false},"product_brand":[],"product_cat":[884],"product_tag":[1197,2912,1400],"class_list":{"0":"post-29733","1":"product","2":"type-product","3":"status-publish","4":"has-post-thumbnail","6":"product_cat-colgantes","7":"product_tag-pentaculo","8":"product_tag-rueda","9":"product_tag-runas","11":"first","12":"instock","13":"shipping-taxable","14":"purchasable","15":"product-type-variable","16":"has-default-attributes"},"acf":[],"_links":{"self":[{"href":"https:\/\/www.seleneshop.net\/es\/wp-json\/wp\/v2\/product\/29733","targetHints":{"allow":["GET"]}}],"collection":[{"href":"https:\/\/www.seleneshop.net\/es\/wp-json\/wp\/v2\/product"}],"about":[{"href":"https:\/\/www.seleneshop.net\/es\/wp-json\/wp\/v2\/types\/product"}],"replies":[{"embeddable":true,"href":"https:\/\/www.seleneshop.net\/es\/wp-json\/wp\/v2\/comments?post=29733"}],"wp:featuredmedia":[{"embeddable":true,"href":"https:\/\/www.seleneshop.net\/es\/wp-json\/wp\/v2\/media\/20146"}],"wp:attachment":[{"href":"https:\/\/www.seleneshop.net\/es\/wp-json\/wp\/v2\/media?parent=29733"}],"wp:term":[{"taxonomy":"product_brand","embeddable":true,"href":"https:\/\/www.seleneshop.net\/es\/wp-json\/wp\/v2\/product_brand?post=29733"},{"taxonomy":"product_cat","embeddable":true,"href":"https:\/\/www.seleneshop.net\/es\/wp-json\/wp\/v2\/product_cat?post=29733"},{"taxonomy":"product_tag","embeddable":true,"href":"https:\/\/www.seleneshop.net\/es\/wp-json\/wp\/v2\/product_tag?post=29733"}],"curies":[{"name":"wp","href":"https:\/\/api.w.org\/{rel}","templated":true}]}}