{"id":32616,"date":"2022-10-08T18:46:05","date_gmt":"2022-10-08T16:46:05","guid":{"rendered":"https:\/\/www.seleneshop.net\/shop\/sin categor\u00eda\/figura-de-vela-de-cera-hombre\/"},"modified":"2022-10-18T12:56:51","modified_gmt":"2022-10-18T10:56:51","slug":"figura-vela-de-cera-hombre","status":"publish","type":"product","link":"https:\/\/www.seleneshop.net\/es\/shop\/figuras-de-cera\/figura-vela-de-cera-hombre\/","title":{"rendered":"Figura de vela de cera Hombre"},"content":{"rendered":"<h1>Figura de vela de cera Hombre<\/h1>\n<p><strong>La figura de cera del hombre del saco<\/strong> se utiliza para los rituales de alejamiento de una tercera persona de la pareja. Especialmente en aquellos casos de relaciones tortuosas o perjudiciales. Se utiliza en los rituales de separaci\u00f3n junto con la pareja de separaci\u00f3n.<\/p>\n<p>En los rituales de separaci\u00f3n, es muy aconsejable preparar la figura de cera del hombre del saco con un d\u00eda de antelaci\u00f3n y colocarla durante la noche a la luz de la luna menguante para que el trabajo sea lo m\u00e1s eficaz posible.<\/p>\n<p>Tambi\u00e9n puede utilizarse en rituales coercitivos.<\/p>\n<h2>Figura de cera masculina blanca<\/h2>\n<p>La figura de cera del hombre blanco tambi\u00e9n se utiliza para atraer al hombre que amamos o deseamos a nuestra vida y lograr el equilibrio y la armon\u00eda en la relaci\u00f3n.<\/p>\n<p>Incluso si queremos mejorar la salud, el bienestar y la luz espiritual de esa persona querida, e intensificar sus peticiones de Purificaci\u00f3n.<\/p>\n<p>Para potenciar su efecto, se recomienda ungir la vela con el aceite lit\u00fargico adecuado a nuestro prop\u00f3sito.<\/p>\n","protected":false},"excerpt":{"rendered":"<p>Figura de vela de cera Hombre La figura de cera del hombre del saco se utiliza para los rituales de alejamiento de una tercera persona de la pareja. Especialmente en aquellos casos de relaciones tortuosas o perjudiciales. Se utiliza en los rituales de separaci\u00f3n junto con la pareja de separaci\u00f3n. En los rituales de separaci\u00f3n, [&hellip;]<\/p>\n","protected":false},"featured_media":32339,"comment_status":"open","ping_status":"closed","template":"","meta":{"_acf_changed":false},"product_brand":[],"product_cat":[3386,880],"product_tag":[3167,4888,3169,2739,1420,1891],"class_list":{"0":"post-32616","1":"product","2":"type-product","3":"status-publish","4":"has-post-thumbnail","6":"product_cat-figuras-de-cera","7":"product_cat-velas","8":"product_tag-blanco-es","9":"product_tag-cera-es","10":"product_tag-figura-es","11":"product_tag-hombre-es","12":"product_tag-negro","13":"product_tag-vela-es","15":"first","16":"instock","17":"shipping-taxable","18":"purchasable","19":"product-type-variable","20":"has-default-attributes"},"acf":[],"_links":{"self":[{"href":"https:\/\/www.seleneshop.net\/es\/wp-json\/wp\/v2\/product\/32616","targetHints":{"allow":["GET"]}}],"collection":[{"href":"https:\/\/www.seleneshop.net\/es\/wp-json\/wp\/v2\/product"}],"about":[{"href":"https:\/\/www.seleneshop.net\/es\/wp-json\/wp\/v2\/types\/product"}],"replies":[{"embeddable":true,"href":"https:\/\/www.seleneshop.net\/es\/wp-json\/wp\/v2\/comments?post=32616"}],"wp:featuredmedia":[{"embeddable":true,"href":"https:\/\/www.seleneshop.net\/es\/wp-json\/wp\/v2\/media\/32339"}],"wp:attachment":[{"href":"https:\/\/www.seleneshop.net\/es\/wp-json\/wp\/v2\/media?parent=32616"}],"wp:term":[{"taxonomy":"product_brand","embeddable":true,"href":"https:\/\/www.seleneshop.net\/es\/wp-json\/wp\/v2\/product_brand?post=32616"},{"taxonomy":"product_cat","embeddable":true,"href":"https:\/\/www.seleneshop.net\/es\/wp-json\/wp\/v2\/product_cat?post=32616"},{"taxonomy":"product_tag","embeddable":true,"href":"https:\/\/www.seleneshop.net\/es\/wp-json\/wp\/v2\/product_tag?post=32616"}],"curies":[{"name":"wp","href":"https:\/\/api.w.org\/{rel}","templated":true}]}}