{"id":35609,"date":"2023-03-12T20:14:49","date_gmt":"2023-03-12T19:14:49","guid":{"rendered":"https:\/\/www.seleneshop.net\/shop\/sin categor\u00eda\/caldero-de-incienso-3-lunas-wicca\/"},"modified":"2023-03-12T20:19:49","modified_gmt":"2023-03-12T19:19:49","slug":"caldero-quema-incienso-3-luna-wicca","status":"publish","type":"product","link":"https:\/\/www.seleneshop.net\/es\/shop\/caldera\/caldero-quema-incienso-3-luna-wicca\/","title":{"rendered":"Caldero de incienso 3 lunas Wicca"},"content":{"rendered":"<h1>Caldero de incienso 3 lunas<\/h1>\n<p>El Caldero Quemador de Incienso Wiccan 3 Lunas es un art\u00edculo perfecto para los aficionados a la pr\u00e1ctica de la magia Wicca o para aquellos a los que les gusta crear un ambiente encantado en su hogar. El caldero es de metal resistente y tiene forma de olla con tres lunas grabadas en la superficie exterior.<\/p>\n<p>Este caldero puede utilizarse para quemar incienso, crear magia o como simple objeto decorativo. Gracias a su tama\u00f1o compacto, el Caldero Quemador de Incienso Wiccan 3 Lunas puede colocarse f\u00e1cilmente en un altar o estanter\u00eda, a\u00f1adiendo un toque de misterio y encanto a tu hogar.<\/p>\n<p>El dise\u00f1o de tres lunas grabado en el caldero simboliza las fases de la luna y su poder m\u00e1gico, especialmente importante en la pr\u00e1ctica wiccana. El Caldero Quemador de Incienso Wiccan 3 Lunas es una excelente elecci\u00f3n para quienes desean crear una atm\u00f3sfera m\u00edstica y relajante en su hogar, o para quienes buscan un objeto decorativo \u00fanico con un encanto misterioso.<\/p>\n","protected":false},"excerpt":{"rendered":"<p>Caldero de incienso 3 lunas El Caldero Quemador de Incienso Wiccan 3 Lunas es un art\u00edculo perfecto para los aficionados a la pr\u00e1ctica de la magia Wicca o para aquellos a los que les gusta crear un ambiente encantado en su hogar. El caldero es de metal resistente y tiene forma de olla con tres [&hellip;]<\/p>\n","protected":false},"featured_media":35600,"comment_status":"open","ping_status":"closed","template":"","meta":{"_acf_changed":false},"product_brand":[],"product_cat":[1616,868],"product_tag":[5133,1833,1837,1199],"class_list":{"0":"post-35609","1":"product","2":"type-product","3":"status-publish","4":"has-post-thumbnail","6":"product_cat-caldera","7":"product_cat-quemador-de-incienso","8":"product_tag-3-lunas","9":"product_tag-caldera","10":"product_tag-quemar-incienso","11":"product_tag-wicca-es","13":"first","14":"instock","15":"shipping-taxable","16":"purchasable","17":"product-type-simple"},"acf":[],"_links":{"self":[{"href":"https:\/\/www.seleneshop.net\/es\/wp-json\/wp\/v2\/product\/35609","targetHints":{"allow":["GET"]}}],"collection":[{"href":"https:\/\/www.seleneshop.net\/es\/wp-json\/wp\/v2\/product"}],"about":[{"href":"https:\/\/www.seleneshop.net\/es\/wp-json\/wp\/v2\/types\/product"}],"replies":[{"embeddable":true,"href":"https:\/\/www.seleneshop.net\/es\/wp-json\/wp\/v2\/comments?post=35609"}],"wp:featuredmedia":[{"embeddable":true,"href":"https:\/\/www.seleneshop.net\/es\/wp-json\/wp\/v2\/media\/35600"}],"wp:attachment":[{"href":"https:\/\/www.seleneshop.net\/es\/wp-json\/wp\/v2\/media?parent=35609"}],"wp:term":[{"taxonomy":"product_brand","embeddable":true,"href":"https:\/\/www.seleneshop.net\/es\/wp-json\/wp\/v2\/product_brand?post=35609"},{"taxonomy":"product_cat","embeddable":true,"href":"https:\/\/www.seleneshop.net\/es\/wp-json\/wp\/v2\/product_cat?post=35609"},{"taxonomy":"product_tag","embeddable":true,"href":"https:\/\/www.seleneshop.net\/es\/wp-json\/wp\/v2\/product_tag?post=35609"}],"curies":[{"name":"wp","href":"https:\/\/api.w.org\/{rel}","templated":true}]}}