{"id":35769,"date":"2018-11-07T19:46:57","date_gmt":"2023-03-18T16:40:21","guid":{"rendered":"https:\/\/www.seleneshop.net\/shop\/sin categor\u00eda\/colgante-runico-de-bronce-macizo\/"},"modified":"2023-03-18T17:40:21","modified_gmt":"2023-03-18T16:40:21","slug":"colgante-runico","status":"publish","type":"product","link":"https:\/\/www.seleneshop.net\/es\/shop\/colgantes\/colgante-runico\/","title":{"rendered":"Colgante r\u00fanico de bronce macizo"},"content":{"rendered":"<h1>Colgante r\u00fanico de bronce macizo<\/h1>\n<p><strong>Colgante r\u00fanico<\/strong> fabricado \u00edntegramente <strong>en bronce<\/strong> macizo <strong>trabajado en fr\u00edo<\/strong>.<\/p>\n<p>A continuaci\u00f3n se indican los significados de las runas seg\u00fan el colgante seleccionado:<\/p>\n<ul>\n<li>Sowilo: rueda solar, energ\u00eda, fuego original<\/li>\n<li>Naudhiz: fuego de la vida, destino.<\/li>\n<li>Othala: patrimonio ancestral, propiedad cerrada, espacio sagrado.<\/li>\n<li>Dagaz: luz del d\u00eda, equilibrio entre luz y oscuridad.<\/li>\n<li>Ingwaz: el dios de la tierra, la acci\u00f3n en el plano terrenal.<\/li>\n<li>Laguz: Aguas primordiales, energ\u00eda vital.<\/li>\n<li>Mannaz: el Hombre, el antepasado divino.<\/li>\n<li>Ehwaz: la uni\u00f3n, el caballo veh\u00edculo del alma, los gemelos divinos.<\/li>\n<li>Berkano: La Madre Tierra, la matriz, los pechos de la tierra.<\/li>\n<li>Tiwaz: El pilar del cielo, el equilibrio, el padre primordial.<\/li>\n<li>Algiz: Fuerza protectora, Valquiria, mano abierta.<\/li>\n<li>Perthro: adivinaci\u00f3n, el destino y sus leyes, Matrix, el parto<\/li>\n<li>Eihwaz: \u00c1rbol de la Vida, eje del cosmos, Yggdras<\/li>\n<li>Jera: ciclo de la vida y el sol, uni\u00f3n del cielo y la tierra.<\/li>\n<li>Isa: Hielo, fuerza est\u00e1tica.<\/li>\n<li>Hagalaz: la semilla, el huevo de hielo primordial<\/li>\n<li>Wunjo: alegr\u00eda, Od\u00edn, armon\u00eda en el clan.<\/li>\n<li>Gebo: el don, la interacci\u00f3n de dos fuerzas, el sello sagrado.<\/li>\n<li>Kenaz: El fuego de la creaci\u00f3n, la llama interior.<\/li>\n<li>Raidho: el carro de Thor, el viaje.<\/li>\n<li>Ansuz: El poder creador de la palabra, el dios Od\u00edn.<\/li>\n<li>Uruz: Fuerza original, buey primordial, toro salvaje, fuerza bruta.<\/li>\n<li>Thurisaz: La espina, la defensa, el martillo de Thor.<\/li>\n<li>Fehu: ganado, propiedad, riqueza material y espiritual.<\/li>\n<\/ul>\n<p>La tradici\u00f3n escandinava considera las runas un regalo que recibi\u00f3 el dios Od\u00edn despu\u00e9s de que se inmolara colg\u00e1ndose del \u00e1rbol Yggdrasyl durante nueve noches, atravesado por una lanza. Las runas son un antiguo sistema de escritura noreuropeo, emparentado con el fenicio y, sobre todo, con el it\u00e1lico etrusco. Lo que lo hace \u00fanico en comparaci\u00f3n con otros alfabetos conocidos es que, una vez adoptado por los pueblos n\u00f3rdicos, se revolucion\u00f3 por completo: la secuencia de caracteres cambi\u00f3 radicalmente y se enriqueci\u00f3 con significados simb\u00f3licos y m\u00edsticos. Muchos hallazgos arqueol\u00f3gicos atestiguan que se grababan runas en objetos de todo tipo para enriquecerlos con poderes m\u00e1gicos, objetos que se convert\u00edan as\u00ed en aut\u00e9nticos talismanes. En la Edda Poetica, por ejemplo, se menciona una espada grabada con runas para la victoria, costumbre tambi\u00e9n confirmada por numerosos hallazgos. Publio Cornelio T\u00e1cito cuenta que los jefes de los clanes utilizaban las runas con fines adivinatorios, grabadas en peque\u00f1os trozos de madera que luego se extend\u00edan sobre un pa\u00f1o blanco.<\/p>\n","protected":false},"excerpt":{"rendered":"<p>Colgante r\u00fanico realizado \u00edntegramente en bronce macizo, trabajado en fr\u00edo.<\/p>\n","protected":false},"featured_media":19810,"comment_status":"open","ping_status":"closed","template":"","meta":{"_acf_changed":false},"product_brand":[],"product_cat":[884],"product_tag":[5311,5321,5309,1232,5305,5308,5313,5324,5318,5316,5306,5315,5314,5319,5307,5303,5304,5312,5320,1400,2757,5302,5323,5310,5322,5317],"class_list":{"0":"post-35769","1":"product","2":"type-product","3":"status-publish","4":"has-post-thumbnail","6":"product_cat-colgantes","7":"product_tag-algiz-es","8":"product_tag-ansuz-es","9":"product_tag-berkano-es","10":"product_tag-colgante","11":"product_tag-dagaz-es","12":"product_tag-ehwaz-es","13":"product_tag-eihwaz-es","14":"product_tag-fehu-es","15":"product_tag-gebo-es","16":"product_tag-hagalaz-es","17":"product_tag-ingwaz-es","18":"product_tag-isa-es","19":"product_tag-jera-es","20":"product_tag-kenaz-es","21":"product_tag-mannaz-es","22":"product_tag-naudhiz-es","23":"product_tag-othala-es","24":"product_tag-perthro-es","25":"product_tag-raidho-es","26":"product_tag-runas","27":"product_tag-runico-es","28":"product_tag-sowilo-es","29":"product_tag-thurisaz-es","30":"product_tag-tiwaz-es","31":"product_tag-uruz-es","32":"product_tag-wunjo-es","34":"first","35":"instock","36":"shipping-taxable","37":"purchasable","38":"product-type-variable"},"acf":[],"_links":{"self":[{"href":"https:\/\/www.seleneshop.net\/es\/wp-json\/wp\/v2\/product\/35769","targetHints":{"allow":["GET"]}}],"collection":[{"href":"https:\/\/www.seleneshop.net\/es\/wp-json\/wp\/v2\/product"}],"about":[{"href":"https:\/\/www.seleneshop.net\/es\/wp-json\/wp\/v2\/types\/product"}],"replies":[{"embeddable":true,"href":"https:\/\/www.seleneshop.net\/es\/wp-json\/wp\/v2\/comments?post=35769"}],"wp:featuredmedia":[{"embeddable":true,"href":"https:\/\/www.seleneshop.net\/es\/wp-json\/wp\/v2\/media\/19810"}],"wp:attachment":[{"href":"https:\/\/www.seleneshop.net\/es\/wp-json\/wp\/v2\/media?parent=35769"}],"wp:term":[{"taxonomy":"product_brand","embeddable":true,"href":"https:\/\/www.seleneshop.net\/es\/wp-json\/wp\/v2\/product_brand?post=35769"},{"taxonomy":"product_cat","embeddable":true,"href":"https:\/\/www.seleneshop.net\/es\/wp-json\/wp\/v2\/product_cat?post=35769"},{"taxonomy":"product_tag","embeddable":true,"href":"https:\/\/www.seleneshop.net\/es\/wp-json\/wp\/v2\/product_tag?post=35769"}],"curies":[{"name":"wp","href":"https:\/\/api.w.org\/{rel}","templated":true}]}}