{"id":37358,"date":"2023-05-11T18:53:59","date_gmt":"2023-05-11T16:53:59","guid":{"rendered":"https:\/\/www.seleneshop.net\/shop\/sin%20categor\u00eda\/perfume-garrapata-love-bonding\/"},"modified":"2024-09-17T19:31:33","modified_gmt":"2024-09-17T17:31:33","slug":"aroma-garrapata-love-bond","status":"publish","type":"product","link":"https:\/\/www.seleneshop.net\/es\/shop\/esencias\/aroma-garrapata-love-bond\/","title":{"rendered":"Perfume Garrapata &#8211; Love bonding"},"content":{"rendered":"<h2>Perfume Garrapata &#8211; Love bonding<\/h2>\n<p>  Este perfume de Garrapata es especial para rituales en los que queremos atar a alguien a nosotros como una garrapata. La resina de garrapata se extrae de una antigua semilla del mismo nombre, cuya forma recuerda a un insecto. Se utiliza para potenciar rituales de atracci\u00f3n, o a los que queremos que se adhieran, como el amor, el \u00e9xito, el trabajo, la salud. Lo utilizar\u00e1s para atar a tu ser querido, para dar m\u00e1s eficacia a vuestras exigencias unidas, tanto en el Amor como en el Dinero. Puede utilizarse para atraer nuevos amores y fortalecer a las parejas en dificultades, o para dar fuerza a una pareja que queremos formar. Nos ayuda a atraer hacia nosotros a la persona deseada. El perfume Garrapata de Brasil se puede utilizar para varios fines, el m\u00e1s conocido es para el amor, hace que nuestro amor se pegue a nuestro amante y no se desprenda. Para utilizar este perfume de menta, debemos poner unas gotas en el cuello, detr\u00e1s de las orejas, en las mu\u00f1ecas o en el escote. En alg\u00fan lugar jugar\u00e1 nuestro amante. Cuando lo usamos, tenemos que concentrarnos mucho y repetir el final que queremos. Si es posible, tambi\u00e9n podemos poner el olor de las garrapatas en la persona con la que queremos que funcione. Tambi\u00e9n puede utilizarse para fortalecer a parejas en dificultades o para dar fuerza a una pareja que queremos formar. Recomendamos utilizarlo junto con el <a href=\"https:\/\/www.seleneshop.net\/es\/shop\/kits-de-ritual\/grand-ritual-tie-garrapata\/\">aceite Garrapata y la vela Garrapata<\/a>.<\/p>\n","protected":false},"excerpt":{"rendered":"<p>Perfume Garrapata &#8211; Love bonding Este perfume de Garrapata es especial para rituales en los que queremos atar a alguien a nosotros como una garrapata. La resina de garrapata se extrae de una antigua semilla del mismo nombre, cuya forma recuerda a un insecto. Se utiliza para potenciar rituales de atracci\u00f3n, o a los que [&hellip;]<\/p>\n","protected":false},"featured_media":37354,"comment_status":"open","ping_status":"closed","template":"","meta":{"_acf_changed":false},"product_brand":[],"product_cat":[3530],"product_tag":[1903,3531,2737,5483],"class_list":{"0":"post-37358","1":"product","2":"type-product","3":"status-publish","4":"has-post-thumbnail","6":"product_cat-esencias","7":"product_tag-amor","8":"product_tag-garrapata-es","9":"product_tag-ligamento","10":"product_tag-profimo-es","12":"first","13":"instock","14":"shipping-taxable","15":"purchasable","16":"product-type-simple"},"acf":[],"_links":{"self":[{"href":"https:\/\/www.seleneshop.net\/es\/wp-json\/wp\/v2\/product\/37358","targetHints":{"allow":["GET"]}}],"collection":[{"href":"https:\/\/www.seleneshop.net\/es\/wp-json\/wp\/v2\/product"}],"about":[{"href":"https:\/\/www.seleneshop.net\/es\/wp-json\/wp\/v2\/types\/product"}],"replies":[{"embeddable":true,"href":"https:\/\/www.seleneshop.net\/es\/wp-json\/wp\/v2\/comments?post=37358"}],"wp:featuredmedia":[{"embeddable":true,"href":"https:\/\/www.seleneshop.net\/es\/wp-json\/wp\/v2\/media\/37354"}],"wp:attachment":[{"href":"https:\/\/www.seleneshop.net\/es\/wp-json\/wp\/v2\/media?parent=37358"}],"wp:term":[{"taxonomy":"product_brand","embeddable":true,"href":"https:\/\/www.seleneshop.net\/es\/wp-json\/wp\/v2\/product_brand?post=37358"},{"taxonomy":"product_cat","embeddable":true,"href":"https:\/\/www.seleneshop.net\/es\/wp-json\/wp\/v2\/product_cat?post=37358"},{"taxonomy":"product_tag","embeddable":true,"href":"https:\/\/www.seleneshop.net\/es\/wp-json\/wp\/v2\/product_tag?post=37358"}],"curies":[{"name":"wp","href":"https:\/\/api.w.org\/{rel}","templated":true}]}}