{"id":43275,"date":"2024-02-23T17:27:49","date_gmt":"2024-02-23T16:27:49","guid":{"rendered":"https:\/\/www.seleneshop.net\/shop\/sin%20categor\u00eda\/vela-rompedora-de-barreras-esotericas\/"},"modified":"2025-08-01T00:00:08","modified_gmt":"2025-07-31T22:00:08","slug":"vela-rompedora-de-barreras-esotericas","status":"publish","type":"product","link":"https:\/\/www.seleneshop.net\/es\/shop\/velas\/vela-rompedora-de-barreras-esotericas\/","title":{"rendered":"Vela rompedora de barreras esot\u00e9ricas"},"content":{"rendered":"<div class=\"et_pb_module et_pb_wc_tabs et_pb_wc_tabs_0_tb_body divi-ecommerce-woo-tabs et_pb_tabs \">\n<div class=\"et_pb_all_tabs\">\n<div class=\"et_pb_tab clearfix et_pb_active_content et-pb-active-slide\">\n<div class=\"et_pb_tab_content\">\n<h2><strong>Vela rompedora de barreras esot\u00e9ricas<\/strong><\/h2>\n<p>La poderosa Vela Rompedora de Barreras Esot\u00e9ricas es una potente herramienta ritual dise\u00f1ada para superar todo tipo de obst\u00e1culos y barreras que puedan entorpecer tu camino espiritual, emocional o f\u00edsico. Cuidadosamente preparada y consagrada seg\u00fan las antiguas tradiciones esot\u00e9ricas, esta vela es un valioso aliado para quienes desean superar bloqueos y alcanzar nuevos niveles de conciencia y realizaci\u00f3n.<\/p>\n<p><strong><\/strong>N<wpml_linebreak>ormalmente se utiliza para protecciones hechas por terceros para proteger a<\/wpml_linebreak> una persona concreta del mal de ojo, por ejemplo un ritual de protecci\u00f3n hecho para proteger a la persona de energ\u00edas negativas o mal\u00e9ficas, esta vela destruye esa &#8220;barrera&#8221; que protege a la persona, permitiendo que pueda ser atacada posteriormente con un ritual de destrucci\u00f3n. \u00bfC\u00f3mo saber que la persona est\u00e1 protegida? Normalmente hay que hacer una lectura de cartas para entenderlo, puedes <a href=\"https:\/\/www.seleneshop.net\/es\/consulta-de-tarot\/\" target=\"_blank\" rel=\"noopener\">comprar una lectura de cartas del tarot<\/a> directamente con nosotros. <\/p>\n<p><strong>Caracter\u00edsticas principales:<\/strong><\/p>\n<ul>\n<li><strong>Consagraci\u00f3n esot\u00e9rica:<\/strong> Cada vela se ritualiza y consagra seg\u00fan antiguas pr\u00e1cticas esot\u00e9ricas, lo que garantiza que est\u00e9 cargada de poderosas intenciones y energ\u00edas positivas. Esto garantiza que la vela pueda actuar como veh\u00edculo de transformaci\u00f3n y de superaci\u00f3n de las barreras que puedan interponerse en tu camino.<\/li>\n<li><strong>Versatilidad:<\/strong> La Vela Rompedora de Barreras Esot\u00e9ricas puede utilizarse para abordar una amplia gama de retos y obst\u00e1culos, tanto internos como externos. Si est\u00e1s intentando superar bloqueos emocionales, relacionales, financieros o espirituales, esta vela puede proporcionarte el apoyo y la orientaci\u00f3n que necesitas para liberarte de las cadenas que te retienen.<\/li>\n<li><strong>F\u00e1cil de usar<\/strong><\/li>\n<li><strong>Producto de calidad:<\/strong> Cada vela est\u00e1 fabricada con materiales de alta calidad y sigue estrictas normas de producci\u00f3n. Esto garantiza que cada vela sea eficaz y segura de usar, proporcion\u00e1ndole tranquilidad durante su ritual de superaci\u00f3n.<\/li>\n<\/ul>\n<\/div>\n<\/div>\n<\/div>\n<\/div>\n<div class=\"et_pb_module et_pb_wc_related_products et_pb_wc_related_products_0_tb_body et_pb_bg_layout_\">\n<div class=\"et_pb_module_inner\"><\/div>\n<\/div>\n","protected":false},"excerpt":{"rendered":"<p>Vela rompedora de barreras esot\u00e9ricas La poderosa Vela Rompedora de Barreras Esot\u00e9ricas es una potente herramienta ritual dise\u00f1ada para superar todo tipo de obst\u00e1culos y barreras que puedan entorpecer tu camino espiritual, emocional o f\u00edsico. Cuidadosamente preparada y consagrada seg\u00fan las antiguas tradiciones esot\u00e9ricas, esta vela es un valioso aliado para quienes desean superar bloqueos [&hellip;]<\/p>\n","protected":false},"featured_media":43271,"comment_status":"open","ping_status":"closed","template":"","meta":{"_acf_changed":false},"product_brand":[],"product_cat":[880],"product_tag":[5827],"class_list":{"0":"post-43275","1":"product","2":"type-product","3":"status-publish","4":"has-post-thumbnail","6":"product_cat-velas","7":"product_tag-barrera-rompedora","9":"first","10":"instock","11":"shipping-taxable","12":"purchasable","13":"product-type-simple"},"acf":[],"_links":{"self":[{"href":"https:\/\/www.seleneshop.net\/es\/wp-json\/wp\/v2\/product\/43275","targetHints":{"allow":["GET"]}}],"collection":[{"href":"https:\/\/www.seleneshop.net\/es\/wp-json\/wp\/v2\/product"}],"about":[{"href":"https:\/\/www.seleneshop.net\/es\/wp-json\/wp\/v2\/types\/product"}],"replies":[{"embeddable":true,"href":"https:\/\/www.seleneshop.net\/es\/wp-json\/wp\/v2\/comments?post=43275"}],"wp:featuredmedia":[{"embeddable":true,"href":"https:\/\/www.seleneshop.net\/es\/wp-json\/wp\/v2\/media\/43271"}],"wp:attachment":[{"href":"https:\/\/www.seleneshop.net\/es\/wp-json\/wp\/v2\/media?parent=43275"}],"wp:term":[{"taxonomy":"product_brand","embeddable":true,"href":"https:\/\/www.seleneshop.net\/es\/wp-json\/wp\/v2\/product_brand?post=43275"},{"taxonomy":"product_cat","embeddable":true,"href":"https:\/\/www.seleneshop.net\/es\/wp-json\/wp\/v2\/product_cat?post=43275"},{"taxonomy":"product_tag","embeddable":true,"href":"https:\/\/www.seleneshop.net\/es\/wp-json\/wp\/v2\/product_tag?post=43275"}],"curies":[{"name":"wp","href":"https:\/\/api.w.org\/{rel}","templated":true}]}}