{"id":43869,"date":"2016-02-02T15:25:55","date_gmt":"2024-03-23T15:40:44","guid":{"rendered":"https:\/\/www.seleneshop.net\/shop\/sin categor\u00eda\/anillo-pentaculo-2\/"},"modified":"2024-03-23T16:40:44","modified_gmt":"2024-03-23T15:40:44","slug":"anillo-pentaculo-2","status":"publish","type":"product","link":"https:\/\/www.seleneshop.net\/es\/shop\/anillos\/anillo-pentaculo-2\/","title":{"rendered":"Anillo pent\u00e1culo"},"content":{"rendered":"<p>El Anillo del Pent\u00e1culo es una joya con un poderoso significado simb\u00f3lico, rica en historia y tradici\u00f3n. Caracterizado por la presencia del pent\u00e1culo, antiguo s\u00edmbolo m\u00e1gico consistente en una estrella de cinco puntas inscrita en un c\u00edrculo, este anillo representa la quintaesencia de los elementos y el equilibrio c\u00f3smico.<\/p>\n<p><strong>Significado y uso:<\/strong><\/p>\n<ol>\n<li><strong>Protecci\u00f3n:<\/strong> El pent\u00e1culo se asocia com\u00fanmente con la protecci\u00f3n contra las influencias negativas y las energ\u00edas malignas. Llevar este anillo puede proporcionar una barrera defensiva contra influencias no deseadas y protegerte de energ\u00edas da\u00f1inas.<\/li>\n<li><strong>Equilibrio y armon\u00eda:<\/strong> las cinco puntas del pent\u00e1culo representan los elementos de la naturaleza (aire, agua, tierra, fuego y esp\u00edritu) y su armoniosa interconexi\u00f3n. Llevar este anillo puede fomentar una sensaci\u00f3n de equilibrio interior y armon\u00eda con el mundo que te rodea.<\/li>\n<li><strong>Fuerza espiritual:<\/strong> El pent\u00e1culo es tambi\u00e9n un s\u00edmbolo de fuerza espiritual y protecci\u00f3n divina. Llevar este anillo puede reforzar la conexi\u00f3n con el yo superior y fomentar el desarrollo personal y espiritual.<\/li>\n<\/ol>\n<ul>\n<li><strong>Material:<\/strong> Esta\u00f1o.<\/li>\n<\/ul>\n<p><strong>Uso recomendado:<\/strong><\/p>\n<ul>\n<li>Uso diario<strong>:<\/strong> Ll\u00e9velo como una joya diaria para beneficiarse constantemente de sus propiedades protectoras y espirituales.<\/li>\n<li>Rituales <strong>y pr\u00e1cticas esot\u00e9ricas:<\/strong> Util\u00edzalo durante pr\u00e1cticas rituales o meditativas para potenciar la energ\u00eda y la concentraci\u00f3n, o como herramienta protectora durante ceremonias sagradas.<\/li>\n<li><strong>Regalo espiritual:<\/strong> reg\u00e1laselo a un amigo o ser querido para desearle protecci\u00f3n, equilibrio y fuerza espiritual en su viaje vital.<\/li>\n<\/ul>\n<p>El Anillo del Pent\u00e1culo es m\u00e1s que una joya: es un poderoso s\u00edmbolo de protecci\u00f3n, equilibrio y fuerza espiritual, dispuesto a guiar y proteger a su portador en el camino de la vida.<\/p>\n","protected":false},"excerpt":{"rendered":"<p>Anillo con <strong>Pent\u00e1culo<\/strong><\/p>\n","protected":false},"featured_media":19563,"comment_status":"open","ping_status":"closed","template":"","meta":{"_acf_changed":false},"product_brand":[],"product_cat":[860],"product_tag":[3364,1197],"class_list":{"0":"post-43869","1":"product","2":"type-product","3":"status-publish","4":"has-post-thumbnail","6":"product_cat-anillos","7":"product_tag-anillo","8":"product_tag-pentaculo","10":"first","11":"instock","12":"shipping-taxable","13":"purchasable","14":"product-type-variable"},"acf":[],"_links":{"self":[{"href":"https:\/\/www.seleneshop.net\/es\/wp-json\/wp\/v2\/product\/43869","targetHints":{"allow":["GET"]}}],"collection":[{"href":"https:\/\/www.seleneshop.net\/es\/wp-json\/wp\/v2\/product"}],"about":[{"href":"https:\/\/www.seleneshop.net\/es\/wp-json\/wp\/v2\/types\/product"}],"replies":[{"embeddable":true,"href":"https:\/\/www.seleneshop.net\/es\/wp-json\/wp\/v2\/comments?post=43869"}],"wp:featuredmedia":[{"embeddable":true,"href":"https:\/\/www.seleneshop.net\/es\/wp-json\/wp\/v2\/media\/19563"}],"wp:attachment":[{"href":"https:\/\/www.seleneshop.net\/es\/wp-json\/wp\/v2\/media?parent=43869"}],"wp:term":[{"taxonomy":"product_brand","embeddable":true,"href":"https:\/\/www.seleneshop.net\/es\/wp-json\/wp\/v2\/product_brand?post=43869"},{"taxonomy":"product_cat","embeddable":true,"href":"https:\/\/www.seleneshop.net\/es\/wp-json\/wp\/v2\/product_cat?post=43869"},{"taxonomy":"product_tag","embeddable":true,"href":"https:\/\/www.seleneshop.net\/es\/wp-json\/wp\/v2\/product_tag?post=43869"}],"curies":[{"name":"wp","href":"https:\/\/api.w.org\/{rel}","templated":true}]}}