{"id":45150,"date":"2020-09-20T13:12:53","date_gmt":"2020-09-20T11:12:53","guid":{"rendered":"https:\/\/www.seleneshop.net\/shop\/sin categor\u00eda\/ritual-para-olvidar\/"},"modified":"2024-06-07T13:40:06","modified_gmt":"2024-06-07T11:40:06","slug":"ritual-para-olvidar","status":"publish","type":"product","link":"https:\/\/www.seleneshop.net\/es\/shop\/kits-de-ritual\/ritual-para-olvidar\/","title":{"rendered":"Ritual para olvidar"},"content":{"rendered":"<h1>Ritual para olvidar<\/h1>\n<p>Si has pasado recientemente por una separaci\u00f3n, comprender\u00e1s lo dif\u00edcil que es olvidar el pasado y empezar de nuevo. Es como si una parte de la persona siguiera presente, continuamente contigo. Para liberarte de la sombra emocional de la relaci\u00f3n pasada, \u00a1este sencillo ritual es la soluci\u00f3n que buscas!<\/p>\n<p>Este ritual est\u00e1 dise\u00f1ado para ayudarte a dejar ir el pasado y liberar tu mente y tu coraz\u00f3n de las emociones residuales. Te ayudar\u00e1 a cerrar ese cap\u00edtulo de tu vida de forma positiva, permiti\u00e9ndote mirar hacia delante con esperanza y confianza.<\/p>\n<p>Prep\u00e1rate para dejar atr\u00e1s el pasado y comenzar una nueva etapa en tu vida con el ritual para olvidar.<\/p>\n<p>&nbsp;<\/p>\n","protected":false},"excerpt":{"rendered":"<p>Ritual para olvidar Si has pasado recientemente por una separaci\u00f3n, comprender\u00e1s lo dif\u00edcil que es olvidar el pasado y empezar de nuevo. Es como si una parte de la persona siguiera presente, continuamente contigo. Para liberarte de la sombra emocional de la relaci\u00f3n pasada, \u00a1este sencillo ritual es la soluci\u00f3n que buscas! Este ritual est\u00e1 [&hellip;]<\/p>\n","protected":false},"featured_media":45145,"comment_status":"open","ping_status":"closed","template":"","meta":{"_acf_changed":false},"product_brand":[],"product_cat":[912],"product_tag":[5862,2182],"class_list":{"0":"post-45150","1":"product","2":"type-product","3":"status-publish","4":"has-post-thumbnail","6":"product_cat-kits-de-ritual","7":"product_tag-olvida","8":"product_tag-ritual-es","10":"first","11":"instock","12":"shipping-taxable","13":"purchasable","14":"product-type-simple"},"acf":[],"_links":{"self":[{"href":"https:\/\/www.seleneshop.net\/es\/wp-json\/wp\/v2\/product\/45150","targetHints":{"allow":["GET"]}}],"collection":[{"href":"https:\/\/www.seleneshop.net\/es\/wp-json\/wp\/v2\/product"}],"about":[{"href":"https:\/\/www.seleneshop.net\/es\/wp-json\/wp\/v2\/types\/product"}],"replies":[{"embeddable":true,"href":"https:\/\/www.seleneshop.net\/es\/wp-json\/wp\/v2\/comments?post=45150"}],"wp:featuredmedia":[{"embeddable":true,"href":"https:\/\/www.seleneshop.net\/es\/wp-json\/wp\/v2\/media\/45145"}],"wp:attachment":[{"href":"https:\/\/www.seleneshop.net\/es\/wp-json\/wp\/v2\/media?parent=45150"}],"wp:term":[{"taxonomy":"product_brand","embeddable":true,"href":"https:\/\/www.seleneshop.net\/es\/wp-json\/wp\/v2\/product_brand?post=45150"},{"taxonomy":"product_cat","embeddable":true,"href":"https:\/\/www.seleneshop.net\/es\/wp-json\/wp\/v2\/product_cat?post=45150"},{"taxonomy":"product_tag","embeddable":true,"href":"https:\/\/www.seleneshop.net\/es\/wp-json\/wp\/v2\/product_tag?post=45150"}],"curies":[{"name":"wp","href":"https:\/\/api.w.org\/{rel}","templated":true}]}}