{"id":45408,"date":"2024-06-24T15:22:28","date_gmt":"2024-06-24T13:22:28","guid":{"rendered":"https:\/\/www.seleneshop.net\/shop\/sin%20categor\u00eda\/aerosol-ambiente-ligamento-masculino\/"},"modified":"2024-08-16T14:12:39","modified_gmt":"2024-08-16T12:12:39","slug":"aerosol-ambiente-ligamento-masculino","status":"publish","type":"product","link":"https:\/\/www.seleneshop.net\/es\/shop\/spray-para-habitaciones\/aerosol-ambiente-ligamento-masculino\/","title":{"rendered":"Aerosol ambiente ligamento masculino"},"content":{"rendered":"<h2><strong>Aerosol Ambiental Adhesi\u00f3n Masculina<\/strong><\/h2>\n<p>  Este poderoso fluido perfumado se cre\u00f3 para unir a la pareja y reforzar el v\u00ednculo amoroso. Ideal para pulverizar por toda la casa, especialmente en los rincones, para fomentar la armon\u00eda y la conexi\u00f3n entre los miembros de la pareja.  <strong>Caracter\u00edsticas:<\/strong><\/p>\n<ul>\n<li>Potente f\u00f3rmula para reforzar el v\u00ednculo entre la pareja.<\/li>\n<li>Perfuma agradablemente el ambiente al tiempo que act\u00faa sobre el nivel de energ\u00eda.<\/li>\n<li>Ideal para crear una atm\u00f3sfera de amor e intimidad en el hogar.<\/li>\n<li>Producto de alta calidad, formulado con ingredientes seleccionados.<\/li>\n<\/ul>\n<p><strong>Modo de empleo<\/strong>: Pulverizar lejos de los ojos y de los ni\u00f1os. Agita bien antes de usar. Util\u00edzalo regularmente para obtener mejores resultados.  &nbsp;<\/p>\n","protected":false},"excerpt":{"rendered":"<p>Aerosol Ambiental Adhesi\u00f3n Masculina Este poderoso fluido perfumado se cre\u00f3 para unir a la pareja y reforzar el v\u00ednculo amoroso. Ideal para pulverizar por toda la casa, especialmente en los rincones, para fomentar la armon\u00eda y la conexi\u00f3n entre los miembros de la pareja. Caracter\u00edsticas: Potente f\u00f3rmula para reforzar el v\u00ednculo entre la pareja. Perfuma [&hellip;]<\/p>\n","protected":false},"featured_media":45404,"comment_status":"open","ping_status":"closed","template":"","meta":{"_acf_changed":false},"product_brand":[],"product_cat":[4546],"product_tag":[1903,2737,2738,4607,4606],"class_list":{"0":"post-45408","1":"product","2":"type-product","3":"status-publish","4":"has-post-thumbnail","6":"product_cat-spray-para-habitaciones","7":"product_tag-amor","8":"product_tag-ligamento","9":"product_tag-masculino","10":"product_tag-medio-ambiente","11":"product_tag-spray-es","13":"first","14":"instock","15":"shipping-taxable","16":"purchasable","17":"product-type-simple"},"acf":[],"_links":{"self":[{"href":"https:\/\/www.seleneshop.net\/es\/wp-json\/wp\/v2\/product\/45408","targetHints":{"allow":["GET"]}}],"collection":[{"href":"https:\/\/www.seleneshop.net\/es\/wp-json\/wp\/v2\/product"}],"about":[{"href":"https:\/\/www.seleneshop.net\/es\/wp-json\/wp\/v2\/types\/product"}],"replies":[{"embeddable":true,"href":"https:\/\/www.seleneshop.net\/es\/wp-json\/wp\/v2\/comments?post=45408"}],"wp:featuredmedia":[{"embeddable":true,"href":"https:\/\/www.seleneshop.net\/es\/wp-json\/wp\/v2\/media\/45404"}],"wp:attachment":[{"href":"https:\/\/www.seleneshop.net\/es\/wp-json\/wp\/v2\/media?parent=45408"}],"wp:term":[{"taxonomy":"product_brand","embeddable":true,"href":"https:\/\/www.seleneshop.net\/es\/wp-json\/wp\/v2\/product_brand?post=45408"},{"taxonomy":"product_cat","embeddable":true,"href":"https:\/\/www.seleneshop.net\/es\/wp-json\/wp\/v2\/product_cat?post=45408"},{"taxonomy":"product_tag","embeddable":true,"href":"https:\/\/www.seleneshop.net\/es\/wp-json\/wp\/v2\/product_tag?post=45408"}],"curies":[{"name":"wp","href":"https:\/\/api.w.org\/{rel}","templated":true}]}}