{"id":46283,"date":"2016-02-04T22:38:11","date_gmt":"2024-08-13T12:29:37","guid":{"rendered":"https:\/\/www.seleneshop.net\/shop\/sin categor\u00eda\/anillo-de-energia\/"},"modified":"2024-10-01T00:00:14","modified_gmt":"2024-09-30T22:00:14","slug":"anillo-de-energia","status":"publish","type":"product","link":"https:\/\/www.seleneshop.net\/es\/shop\/anillos\/anillo-de-energia\/","title":{"rendered":"Anillo de energ\u00eda"},"content":{"rendered":"<div class=\"flex-shrink-0 flex flex-col relative items-end\">\n<div>\n<div class=\"pt-0\">\n<div class=\"gizmo-bot-avatar flex h-8 w-8 items-center justify-center overflow-hidden rounded-full\">\n<h2 class=\"relative p-1 rounded-sm flex items-center justify-center bg-token-main-surface-primary text-token-text-primary h-8 w-8\"><strong>Anillo de energ\u00eda de acero inoxidable<\/strong><\/h2>\n<\/div>\n<\/div>\n<\/div>\n<\/div>\n<div class=\"group\/conversation-turn relative flex w-full min-w-0 flex-col agent-turn\">\n<div class=\"flex-col gap-1 md:gap-3\">\n<div class=\"flex max-w-full flex-col flex-grow\">\n<div class=\"min-h-[20px] text-message flex w-full flex-col items-end gap-2 whitespace-pre-wrap break-words [.text-message+&amp;]:mt-5 overflow-x-auto\" dir=\"auto\" data-message-author-role=\"assistant\" data-message-id=\"8054b85c-18e4-4be3-bc56-021ecab78101\">\n<div class=\"flex w-full flex-col gap-1 empty:hidden first:pt-[3px]\">\n<div class=\"markdown prose w-full break-words dark:prose-invert dark\">  El anillo energ\u00e9tico de acero inoxidable es un accesorio poderoso y simb\u00f3lico dise\u00f1ado para ayudarte a enfocar y canalizar tu energ\u00eda hacia el centro de tu ser interior.<br \/>\nFabricado con materiales de alta calidad, este anillo es tan elegante como funcional, ideal para quienes desean combinar estilo y bienestar espiritual.   <strong>Caracter\u00edsticas:<\/strong><\/p>\n<ul>\n<li><strong>Material:<\/strong> Acero inoxidable duradero, conocido por su durabilidad y brillo.<\/li>\n<li><strong>Funci\u00f3n Energ\u00e9tica:<\/strong> Dise\u00f1ada para ayudar a centrar tu energ\u00eda personal, fomentando la conexi\u00f3n con tu yo interior y promoviendo la armon\u00eda espiritual.<\/li>\n<li><strong>Dise\u00f1o:<\/strong> Elegante y minimalista, adecuado para cualquier estilo y ocasi\u00f3n.<\/li>\n<li><strong>Durabilidad:<\/strong> El acero inoxidable garantiza una larga vida \u00fatil y resistencia, manteniendo su aspecto impecable con el paso del tiempo.<\/li>\n<\/ul>\n<p>  Llevar el anillo energ\u00e9tico te ayuda a mantener el equilibrio interior y a concentrar tus energ\u00edas, facilitando la meditaci\u00f3n y la consecuci\u00f3n de la paz interior.<br \/>\nPerfecto para quienes buscan una pieza de joyer\u00eda que combine est\u00e9tica y espiritualidad, este anillo es un complemento esencial para tu colecci\u00f3n.   <\/p><\/div>\n<\/div>\n<\/div>\n<\/div>\n<\/div>\n<\/div>\n","protected":false},"excerpt":{"rendered":"<p>Anillo de energ\u00eda de acero inoxidable El anillo energ\u00e9tico de acero inoxidable es un accesorio poderoso y simb\u00f3lico dise\u00f1ado para ayudarte a enfocar y canalizar tu energ\u00eda hacia el centro de tu ser interior. Fabricado con materiales de alta calidad, este anillo es tan elegante como funcional, ideal para quienes desean combinar estilo y bienestar [&hellip;]<\/p>\n","protected":false},"featured_media":19579,"comment_status":"open","ping_status":"closed","template":"","meta":{"_acf_changed":false},"product_brand":[],"product_cat":[860],"product_tag":[2799],"class_list":{"0":"post-46283","1":"product","2":"type-product","3":"status-publish","4":"has-post-thumbnail","6":"product_cat-anillos","7":"product_tag-poder-es","9":"first","10":"instock","11":"shipping-taxable","12":"purchasable","13":"product-type-variable","14":"has-default-attributes"},"acf":[],"_links":{"self":[{"href":"https:\/\/www.seleneshop.net\/es\/wp-json\/wp\/v2\/product\/46283","targetHints":{"allow":["GET"]}}],"collection":[{"href":"https:\/\/www.seleneshop.net\/es\/wp-json\/wp\/v2\/product"}],"about":[{"href":"https:\/\/www.seleneshop.net\/es\/wp-json\/wp\/v2\/types\/product"}],"replies":[{"embeddable":true,"href":"https:\/\/www.seleneshop.net\/es\/wp-json\/wp\/v2\/comments?post=46283"}],"wp:featuredmedia":[{"embeddable":true,"href":"https:\/\/www.seleneshop.net\/es\/wp-json\/wp\/v2\/media\/19579"}],"wp:attachment":[{"href":"https:\/\/www.seleneshop.net\/es\/wp-json\/wp\/v2\/media?parent=46283"}],"wp:term":[{"taxonomy":"product_brand","embeddable":true,"href":"https:\/\/www.seleneshop.net\/es\/wp-json\/wp\/v2\/product_brand?post=46283"},{"taxonomy":"product_cat","embeddable":true,"href":"https:\/\/www.seleneshop.net\/es\/wp-json\/wp\/v2\/product_cat?post=46283"},{"taxonomy":"product_tag","embeddable":true,"href":"https:\/\/www.seleneshop.net\/es\/wp-json\/wp\/v2\/product_tag?post=46283"}],"curies":[{"name":"wp","href":"https:\/\/api.w.org\/{rel}","templated":true}]}}