{"id":46481,"date":"2024-08-19T17:17:47","date_gmt":"2024-08-19T15:21:01","guid":{"rendered":"https:\/\/www.seleneshop.net\/shop\/sin%20categor\u00eda\/ritual-de-la-sabiduria-y-la-verdad\/"},"modified":"2025-04-01T01:00:06","modified_gmt":"2025-03-31T23:00:06","slug":"ritual-de-la-sabiduria-y-la-verdad","status":"publish","type":"product","link":"https:\/\/www.seleneshop.net\/es\/shop\/kits-de-ritual\/ritual-de-la-sabiduria-y-la-verdad\/","title":{"rendered":"Ritual de la Sabidur\u00eda y la Verdad"},"content":{"rendered":"<h2>Ritual de la Sabidur\u00eda y la Verdad<\/h2>\n<p>El <strong>Ritual de la Sabidur\u00eda y la Verdad<\/strong> es una pr\u00e1ctica espiritual dise\u00f1ada para ayudarte a equilibrar y mejorar tu capacidad de expresarte con claridad y autenticidad, al tiempo que accedes a una sabidur\u00eda interior m\u00e1s profunda. Este ritual te guiar\u00e1 a trav\u00e9s de una serie de pasos meditativos y simb\u00f3licos dise\u00f1ados para purificar y armonizar los chakras de la garganta y del tercer ojo, potenciando tu intuici\u00f3n y comunicaci\u00f3n. <\/p>\n<h3><strong>Beneficios principales Ritual de la Sabidur\u00eda y la Verdad:<\/strong><\/h3>\n<ul>\n<li><strong>Claridad mental y espiritual<\/strong>: Fomenta una visi\u00f3n clara y una comunicaci\u00f3n abierta, permiti\u00e9ndote expresar tu verdad con confianza.<\/li>\n<li><strong>Equilibrio Energ\u00e9tico<\/strong>: Armoniza los centros energ\u00e9ticos relacionados con la comunicaci\u00f3n y la intuici\u00f3n, ayud\u00e1ndote a mantenerte centrado y alineado con tu sabidur\u00eda interior.<\/li>\n<li><strong>Renovaci\u00f3n de Intenciones<\/strong>: Medita y establece intenciones firmes para mejorar tu capacidad de expresarte y percibir la verdad.<\/li>\n<li><strong>Energ\u00eda Continua<\/strong>: Mantiene activa la energ\u00eda de la verdad y la sabidur\u00eda en tu vida diaria, apoyando el crecimiento personal y espiritual.<\/li>\n<\/ul>\n<p><strong>Experiencia<\/strong> ritual: El ritual es un viaje interior que comienza con la purificaci\u00f3n del espacio y la creaci\u00f3n de un altar sagrado. Mediante el poder de las intenciones y la meditaci\u00f3n, te conecta con energ\u00edas que fomentan la claridad y la comunicaci\u00f3n aut\u00e9ntica. El ritual concluye con el sellado de la energ\u00eda, lo que te permite llevar un talism\u00e1n lleno de sabidur\u00eda.  <\/p>\n<p><strong>Resultados Esperados:<\/strong> Despu\u00e9s de realizar este ritual, te sentir\u00e1s alineado con tu verdad interior, capaz de expresarte con claridad y de percibir la realidad con una nueva profundidad. Tus intenciones estar\u00e1n impregnadas de energ\u00eda positiva, listas para manifestarse en una comunicaci\u00f3n aut\u00e9ntica y consciente. <\/p>\n<p><strong>Uso recomendado:<\/strong> Repite este ritual siempre que desees renovar tu energ\u00eda mental o reforzar tu capacidad para expresar la verdad. Es especialmente eficaz durante la luna llena, cuando la energ\u00eda lunar puede potenciar a\u00fan m\u00e1s tus intenciones. <\/p>\n<p>Experimenta la energ\u00eda de la sabidur\u00eda y la verdad y alinea tu vida con la autenticidad y la claridad a trav\u00e9s de este ritual sagrado.<\/p>\n<p><em>nb. imagen s\u00f3lo con fines ilustrativos<\/em><\/p>\n","protected":false},"excerpt":{"rendered":"<p>Ritual de la Sabidur\u00eda y la Verdad El Ritual de la Sabidur\u00eda y la Verdad es una pr\u00e1ctica espiritual dise\u00f1ada para ayudarte a equilibrar y mejorar tu capacidad de expresarte con claridad y autenticidad, al tiempo que accedes a una sabidur\u00eda interior m\u00e1s profunda. Este ritual te guiar\u00e1 a trav\u00e9s de una serie de pasos [&hellip;]<\/p>\n","protected":false},"featured_media":46477,"comment_status":"open","ping_status":"closed","template":"","meta":{"_acf_changed":false},"product_brand":[],"product_cat":[912],"product_tag":[3800,2182,5639,4246],"class_list":{"0":"post-46481","1":"product","2":"type-product","3":"status-publish","4":"has-post-thumbnail","6":"product_cat-kits-de-ritual","7":"product_tag-equipo","8":"product_tag-ritual-es","9":"product_tag-sabiduria","10":"product_tag-verdad","12":"first","13":"instock","14":"shipping-taxable","15":"purchasable","16":"product-type-simple"},"acf":[],"_links":{"self":[{"href":"https:\/\/www.seleneshop.net\/es\/wp-json\/wp\/v2\/product\/46481","targetHints":{"allow":["GET"]}}],"collection":[{"href":"https:\/\/www.seleneshop.net\/es\/wp-json\/wp\/v2\/product"}],"about":[{"href":"https:\/\/www.seleneshop.net\/es\/wp-json\/wp\/v2\/types\/product"}],"replies":[{"embeddable":true,"href":"https:\/\/www.seleneshop.net\/es\/wp-json\/wp\/v2\/comments?post=46481"}],"wp:featuredmedia":[{"embeddable":true,"href":"https:\/\/www.seleneshop.net\/es\/wp-json\/wp\/v2\/media\/46477"}],"wp:attachment":[{"href":"https:\/\/www.seleneshop.net\/es\/wp-json\/wp\/v2\/media?parent=46481"}],"wp:term":[{"taxonomy":"product_brand","embeddable":true,"href":"https:\/\/www.seleneshop.net\/es\/wp-json\/wp\/v2\/product_brand?post=46481"},{"taxonomy":"product_cat","embeddable":true,"href":"https:\/\/www.seleneshop.net\/es\/wp-json\/wp\/v2\/product_cat?post=46481"},{"taxonomy":"product_tag","embeddable":true,"href":"https:\/\/www.seleneshop.net\/es\/wp-json\/wp\/v2\/product_tag?post=46481"}],"curies":[{"name":"wp","href":"https:\/\/api.w.org\/{rel}","templated":true}]}}