{"id":46592,"date":"2024-08-21T21:02:10","date_gmt":"2024-08-21T19:02:10","guid":{"rendered":"https:\/\/www.seleneshop.net\/shop\/sin%20categor\u00eda\/gran-ritual-de-suplica-para-traer-de-vuelta-al-ser-amado\/"},"modified":"2026-02-01T03:36:03","modified_gmt":"2026-02-01T02:36:03","slug":"gran-ritual-de-suplica-para-traer-de-vuelta-al-ser-amado","status":"publish","type":"product","link":"https:\/\/www.seleneshop.net\/es\/shop\/rituales-poderosos\/gran-ritual-de-suplica-para-traer-de-vuelta-al-ser-amado\/","title":{"rendered":"Gran ritual de s\u00faplica para traer de vuelta al ser amado"},"content":{"rendered":"<h2>Gran ritual de s\u00faplica para traer de vuelta al ser amado<\/h2>\n<p>El Ritual de la Gran S\u00faplica se cre\u00f3 para quienes anhelan que su ser querido vuelva a sus vidas. Este poderoso ritual est\u00e1 dise\u00f1ado para enviar un mensaje energ\u00e9tico de s\u00faplica, despertando los sentimientos y el deseo de reconciliaci\u00f3n en el coraz\u00f3n de la persona amada.<\/p>\n<p><strong>El kit del Gran Ritual de S\u00faplica para recuperar a tu ser querido incluye:<\/strong><\/p>\n<ul>\n<li>1 Vela ritualizada, rellena de cera de abeja: Fabricada con cera de abeja, esta vela se ha cargado energ\u00e9ticamente para aumentar la eficacia del ritual.<\/li>\n<li>1 vela de mano<\/li>\n<li>Instrucciones paso a paso para realizar el ritual correctamente, asegur\u00e1ndote de que cada paso se realiza con la intenci\u00f3n y la concentraci\u00f3n adecuadas.<\/li>\n<\/ul>\n<p>Este ritual es ideal para quienes sienten una fuerte conexi\u00f3n con su ser querido y desean rogarle que vuelva, reavivando el amor y el v\u00ednculo entre vosotros. Util\u00edzalo con fe e intenci\u00f3n, siguiendo cuidadosamente las instrucciones proporcionadas. <\/p>\n<p>&nbsp;<\/p>\n","protected":false},"excerpt":{"rendered":"<p>Gran ritual de s\u00faplica para traer de vuelta al ser amado El Ritual de la Gran S\u00faplica se cre\u00f3 para quienes anhelan que su ser querido vuelva a sus vidas. Este poderoso ritual est\u00e1 dise\u00f1ado para enviar un mensaje energ\u00e9tico de s\u00faplica, despertando los sentimientos y el deseo de reconciliaci\u00f3n en el coraz\u00f3n de la [&hellip;]<\/p>\n","protected":false},"featured_media":49967,"comment_status":"open","ping_status":"closed","template":"","meta":{"_acf_changed":false},"product_brand":[],"product_cat":[4358,912],"product_tag":[1903,5888,2182,2334],"class_list":{"0":"post-46592","1":"product","2":"type-product","3":"status-publish","4":"has-post-thumbnail","6":"product_cat-rituales-poderosos","7":"product_cat-kits-de-ritual","8":"product_tag-amor","9":"product_tag-devuelve","10":"product_tag-ritual-es","11":"product_tag-vuelvo-mas-tarde","13":"first","14":"instock","15":"shipping-taxable","16":"purchasable","17":"product-type-simple"},"acf":[],"_links":{"self":[{"href":"https:\/\/www.seleneshop.net\/es\/wp-json\/wp\/v2\/product\/46592","targetHints":{"allow":["GET"]}}],"collection":[{"href":"https:\/\/www.seleneshop.net\/es\/wp-json\/wp\/v2\/product"}],"about":[{"href":"https:\/\/www.seleneshop.net\/es\/wp-json\/wp\/v2\/types\/product"}],"replies":[{"embeddable":true,"href":"https:\/\/www.seleneshop.net\/es\/wp-json\/wp\/v2\/comments?post=46592"}],"wp:featuredmedia":[{"embeddable":true,"href":"https:\/\/www.seleneshop.net\/es\/wp-json\/wp\/v2\/media\/49967"}],"wp:attachment":[{"href":"https:\/\/www.seleneshop.net\/es\/wp-json\/wp\/v2\/media?parent=46592"}],"wp:term":[{"taxonomy":"product_brand","embeddable":true,"href":"https:\/\/www.seleneshop.net\/es\/wp-json\/wp\/v2\/product_brand?post=46592"},{"taxonomy":"product_cat","embeddable":true,"href":"https:\/\/www.seleneshop.net\/es\/wp-json\/wp\/v2\/product_cat?post=46592"},{"taxonomy":"product_tag","embeddable":true,"href":"https:\/\/www.seleneshop.net\/es\/wp-json\/wp\/v2\/product_tag?post=46592"}],"curies":[{"name":"wp","href":"https:\/\/api.w.org\/{rel}","templated":true}]}}