{"id":47293,"date":"2024-10-10T20:50:29","date_gmt":"2024-10-10T18:50:29","guid":{"rendered":"https:\/\/www.seleneshop.net\/shop\/sin%20categor\u00eda\/jabon-esoterico-florecimiento-paz-y-armonia\/"},"modified":"2024-10-10T20:56:51","modified_gmt":"2024-10-10T18:56:51","slug":"jabon-esoterico-florecimiento-paz-y-armonia","status":"publish","type":"product","link":"https:\/\/www.seleneshop.net\/es\/shop\/jabones\/jabon-esoterico-florecimiento-paz-y-armonia\/","title":{"rendered":"Jab\u00f3n Esot\u00e9rico Florecimiento &#8211; paz y armon\u00eda"},"content":{"rendered":"<div class=\"flex-shrink-0 flex flex-col relative items-end\">\n<div>\n<div class=\"pt-0\">\n<div class=\"gizmo-bot-avatar flex h-8 w-8 items-center justify-center overflow-hidden rounded-full\">\n<h2><strong>Jab\u00f3n Esot\u00e9rico Florecimiento &#8211; paz y armon\u00eda<\/strong><\/h2>\n<div><\/div>\n<div class=\"relative p-1 rounded-sm flex items-center justify-center bg-token-main-surface-primary text-token-text-primary h-8 w-8\"><strong>El Jab\u00f3n Esot\u00e9rico Florecimiento<\/strong> est\u00e1 formulado con una combinaci\u00f3n de ingredientes naturales y esot\u00e9ricos que favorecen el florecimiento personal y espiritual, mejorando las relaciones, atrayendo la prosperidad y promoviendo la protecci\u00f3n energ\u00e9tica.<\/div>\n<\/div>\n<\/div>\n<\/div>\n<\/div>\n<div class=\"group\/conversation-turn relative flex w-full min-w-0 flex-col agent-turn\">\n<div class=\"flex-col gap-1 md:gap-3\">\n<div class=\"flex max-w-full flex-col flex-grow\">\n<div class=\"min-h-8 text-message flex w-full flex-col items-end gap-2 whitespace-normal break-words [.text-message+&amp;]:mt-5\" dir=\"auto\" data-message-author-role=\"assistant\" data-message-id=\"e5aea43c-f13f-4415-8658-93b372b463d7\" data-message-model-slug=\"gpt-4o\">\n<div class=\"flex w-full flex-col gap-1 empty:hidden first:pt-[3px]\">\n<div class=\"markdown prose w-full break-words dark:prose-invert dark\">\n<p><strong>Propiedades de los ingredientes principales:<\/strong><\/p>\n<ul>\n<li><strong>Manzanilla<\/strong>: Promueve la calma, la serenidad y ayuda a purificar la energ\u00eda personal, aliviando el estr\u00e9s y fomentando la prosperidad.<\/li>\n<li><strong>Ruda<\/strong>: Poderoso protector contra las energ\u00edas negativas y el mal de ojo, purifica y repele las influencias no deseadas.<\/li>\n<li><strong>Romero<\/strong>: Purifica y protege, favoreciendo la claridad mental y la concentraci\u00f3n, al tiempo que aleja las vibraciones negativas.<\/li>\n<li><strong>Albahaca (Albahaca)<\/strong>: Atrae el amor y la abundancia, mejorando las relaciones personales y protegiendo el medio ambiente.<\/li>\n<li><strong>Canela<\/strong>: Estimula la prosperidad y el \u00e9xito, acelerando la atracci\u00f3n de oportunidades, as\u00ed como fomentando el deseo y la pasi\u00f3n en las relaciones.<\/li>\n<li><strong>Miel<\/strong>: Representa la dulzura y la armon\u00eda, facilitando las relaciones y atrayendo el amor y la abundancia a tu vida.<\/li>\n<\/ul>\n<p><strong>Utilizaci\u00f3n:<\/strong> El Jab\u00f3n Esot\u00e9rico Florecimiento puede utilizarse a diario para purificar y proteger el aura, promover el crecimiento personal y atraer energ\u00edas positivas. Es ideal para rituales de florecimiento espiritual, prosperidad y amor. Este jab\u00f3n ayuda a florecer espiritualmente y a crear un entorno de paz, amor y abundancia, desterrando las energ\u00edas negativas y protegiendo contra las influencias externas. <\/p>\n<\/div>\n<\/div>\n<\/div>\n<\/div>\n<\/div>\n<\/div>\n","protected":false},"excerpt":{"rendered":"<p>Jab\u00f3n Esot\u00e9rico Florecimiento &#8211; paz y armon\u00eda El Jab\u00f3n Esot\u00e9rico Florecimiento est\u00e1 formulado con una combinaci\u00f3n de ingredientes naturales y esot\u00e9ricos que favorecen el florecimiento personal y espiritual, mejorando las relaciones, atrayendo la prosperidad y promoviendo la protecci\u00f3n energ\u00e9tica. Propiedades de los ingredientes principales: Manzanilla: Promueve la calma, la serenidad y ayuda a purificar la [&hellip;]<\/p>\n","protected":false},"featured_media":47288,"comment_status":"open","ping_status":"closed","template":"","meta":{"_acf_changed":false},"product_brand":[],"product_cat":[5444],"product_tag":[3331,5453,3330],"class_list":{"0":"post-47293","1":"product","2":"type-product","3":"status-publish","4":"has-post-thumbnail","6":"product_cat-jabones","7":"product_tag-armonia-es","8":"product_tag-jabon","9":"product_tag-paz","11":"first","12":"instock","13":"shipping-taxable","14":"purchasable","15":"product-type-simple"},"acf":[],"_links":{"self":[{"href":"https:\/\/www.seleneshop.net\/es\/wp-json\/wp\/v2\/product\/47293","targetHints":{"allow":["GET"]}}],"collection":[{"href":"https:\/\/www.seleneshop.net\/es\/wp-json\/wp\/v2\/product"}],"about":[{"href":"https:\/\/www.seleneshop.net\/es\/wp-json\/wp\/v2\/types\/product"}],"replies":[{"embeddable":true,"href":"https:\/\/www.seleneshop.net\/es\/wp-json\/wp\/v2\/comments?post=47293"}],"wp:featuredmedia":[{"embeddable":true,"href":"https:\/\/www.seleneshop.net\/es\/wp-json\/wp\/v2\/media\/47288"}],"wp:attachment":[{"href":"https:\/\/www.seleneshop.net\/es\/wp-json\/wp\/v2\/media?parent=47293"}],"wp:term":[{"taxonomy":"product_brand","embeddable":true,"href":"https:\/\/www.seleneshop.net\/es\/wp-json\/wp\/v2\/product_brand?post=47293"},{"taxonomy":"product_cat","embeddable":true,"href":"https:\/\/www.seleneshop.net\/es\/wp-json\/wp\/v2\/product_cat?post=47293"},{"taxonomy":"product_tag","embeddable":true,"href":"https:\/\/www.seleneshop.net\/es\/wp-json\/wp\/v2\/product_tag?post=47293"}],"curies":[{"name":"wp","href":"https:\/\/api.w.org\/{rel}","templated":true}]}}