{"id":47465,"date":"2024-10-25T20:16:07","date_gmt":"2024-10-25T18:16:07","guid":{"rendered":"https:\/\/www.seleneshop.net\/shop\/sin categor\u00eda\/incienso-de-pino-avance-en-los-negocios\/"},"modified":"2024-10-25T20:18:49","modified_gmt":"2024-10-25T18:18:49","slug":"incienso-de-pino-avance-en-los-negocios","status":"publish","type":"product","link":"https:\/\/www.seleneshop.net\/es\/shop\/incienso\/incienso-de-pino-avance-en-los-negocios\/","title":{"rendered":"Incienso de pino &#8211; avance en los negocios"},"content":{"rendered":"<div class=\"flex-shrink-0 flex flex-col relative items-end\">\n<div>\n<div class=\"pt-0\">\n<div class=\"gizmo-bot-avatar flex h-8 w-8 items-center justify-center overflow-hidden rounded-full\">\n<h2 class=\"relative p-1 rounded-sm flex items-center justify-center bg-token-main-surface-primary text-token-text-primary h-8 w-8\"><strong>Incienso de resina de pino &#8211; abrir un negocio<\/strong><\/h2>\n<\/div>\n<\/div>\n<\/div>\n<\/div>\n<div class=\"group\/conversation-turn relative flex w-full min-w-0 flex-col agent-turn\">\n<div class=\"flex-col gap-1 md:gap-3\">\n<div class=\"flex max-w-full flex-col flex-grow\">\n<div class=\"min-h-8 text-message flex w-full flex-col items-end gap-2 whitespace-normal break-words [.text-message+&amp;]:mt-5\" dir=\"auto\" data-message-author-role=\"assistant\" data-message-id=\"c1035af8-ed97-4791-8ccd-e378393e8df7\" data-message-model-slug=\"gpt-4o\">\n<div class=\"flex w-full flex-col gap-1 empty:hidden first:pt-[3px]\">\n<div class=\"markdown prose w-full break-words dark:prose-invert dark\">\n<p><strong>El Incienso de Resina de Pino<\/strong> es una elecci\u00f3n excelente para entornos rituales, ofrendas y purificaciones. Compuesto \u00fanicamente de resina de pino seleccionada y libre de aditivos, este incienso desprende una fragancia natural que encierra la esencia de los bosques, aportando armon\u00eda y una fresca energ\u00eda de la naturaleza. <\/p>\n<p><strong>Propiedades esot\u00e9ricas:<\/strong><\/p>\n<ul>\n<li><strong>Fuerza de voluntad y perseverancia<\/strong>: Favorece la disciplina, la resistencia y el orden, ideal para quienes buscan determinaci\u00f3n y estabilidad.<\/li>\n<li><strong>Purificaci\u00f3n espiritual<\/strong>: la resina de pino purifica y revitaliza, ayudando a eliminar la negatividad y las impurezas energ\u00e9ticas de personas y lugares.<\/li>\n<li>Liberaci\u00f3n <strong>energ\u00e9tica<\/strong>: Se utiliza para abrir el camino hacia la liberaci\u00f3n total y aportar claridad espiritual.<\/li>\n<li><strong>Usos m\u00e1gicos<\/strong>: Excelente para rituales de exorcismo, purificar habitaciones y potenciar los negocios.<\/li>\n<\/ul>\n<p><strong>Utilizaci\u00f3n:<\/strong> Qu\u00e9malo durante rituales de purificaci\u00f3n o en momentos de meditaci\u00f3n para crear un entorno energ\u00e9ticamente limpio y equilibrado. Tambi\u00e9n es perfecto como ofrenda o como aroma natural para llevar la esencia de los bosques al hogar. <strong>Formato:<\/strong> Resina de pino natural <\/p>\n<\/div>\n<\/div>\n<\/div>\n<\/div>\n<\/div>\n<\/div>\n","protected":false},"excerpt":{"rendered":"<p>Incienso de resina de pino &#8211; abrir un negocio El Incienso de Resina de Pino es una elecci\u00f3n excelente para entornos rituales, ofrendas y purificaciones. Compuesto \u00fanicamente de resina de pino seleccionada y libre de aditivos, este incienso desprende una fragancia natural que encierra la esencia de los bosques, aportando armon\u00eda y una fresca energ\u00eda [&hellip;]<\/p>\n","protected":false},"featured_media":47461,"comment_status":"open","ping_status":"closed","template":"","meta":{"_acf_changed":false},"product_brand":[],"product_cat":[904],"product_tag":[3873,1474,4056,5908,1745],"class_list":{"0":"post-47465","1":"product","2":"type-product","3":"status-publish","4":"has-post-thumbnail","6":"product_cat-incienso","7":"product_tag-guia-el-camino","8":"product_tag-incienso","9":"product_tag-negocio","10":"product_tag-pino-es","11":"product_tag-resina-es","13":"first","14":"instock","15":"shipping-taxable","16":"purchasable","17":"product-type-simple"},"acf":[],"_links":{"self":[{"href":"https:\/\/www.seleneshop.net\/es\/wp-json\/wp\/v2\/product\/47465","targetHints":{"allow":["GET"]}}],"collection":[{"href":"https:\/\/www.seleneshop.net\/es\/wp-json\/wp\/v2\/product"}],"about":[{"href":"https:\/\/www.seleneshop.net\/es\/wp-json\/wp\/v2\/types\/product"}],"replies":[{"embeddable":true,"href":"https:\/\/www.seleneshop.net\/es\/wp-json\/wp\/v2\/comments?post=47465"}],"wp:featuredmedia":[{"embeddable":true,"href":"https:\/\/www.seleneshop.net\/es\/wp-json\/wp\/v2\/media\/47461"}],"wp:attachment":[{"href":"https:\/\/www.seleneshop.net\/es\/wp-json\/wp\/v2\/media?parent=47465"}],"wp:term":[{"taxonomy":"product_brand","embeddable":true,"href":"https:\/\/www.seleneshop.net\/es\/wp-json\/wp\/v2\/product_brand?post=47465"},{"taxonomy":"product_cat","embeddable":true,"href":"https:\/\/www.seleneshop.net\/es\/wp-json\/wp\/v2\/product_cat?post=47465"},{"taxonomy":"product_tag","embeddable":true,"href":"https:\/\/www.seleneshop.net\/es\/wp-json\/wp\/v2\/product_tag?post=47465"}],"curies":[{"name":"wp","href":"https:\/\/api.w.org\/{rel}","templated":true}]}}