{"id":47476,"date":"2024-10-25T20:25:20","date_gmt":"2024-10-25T18:25:20","guid":{"rendered":"https:\/\/www.seleneshop.net\/shop\/sin categor\u00eda\/incienso-resina-de-guggul-exito\/"},"modified":"2024-10-25T20:28:48","modified_gmt":"2024-10-25T18:28:48","slug":"incienso-resina-de-guggul-exito","status":"publish","type":"product","link":"https:\/\/www.seleneshop.net\/es\/shop\/incienso\/incienso-resina-de-guggul-exito\/","title":{"rendered":"Incienso resina de guggul &#8211; \u00e9xito"},"content":{"rendered":"<h2><strong>Incienso resina de guggul &#8211; \u00e9xito<\/strong><\/h2>\n<p><strong>El Incienso de Resina de Guggul<\/strong> es una resina arom\u00e1tica natural, ideal para ambientaciones, rituales y ofrendas. Seleccionada y sin aditivos, esta resina se extrae del \u00e1rbol <strong>Balsamodendron Mukul<\/strong>, originario del sur de Asia, incluido el Himalaya, Myanmar, India, Bangladesh y Nepal. Apreciada por su calidad, la madera del \u00e1rbol es conocida por su dureza, mientras que las semillas y los frutos se utilizan para la producci\u00f3n de aceites vegetales.  <\/p>\n<p><strong>Propiedades y usos esot\u00e9ricos:<\/strong><\/p>\n<ul>\n<li><strong>Protecci\u00f3n<\/strong>: Promueve la protecci\u00f3n espiritual y limpia el entorno de energ\u00edas no deseadas.<\/li>\n<li><strong>\u00c9xito y fuerza<\/strong>: el Guggul se utiliza a menudo en rituales para reforzar la determinaci\u00f3n y atraer el \u00e9xito.<\/li>\n<li><strong>Purificaci\u00f3n energ\u00e9tica<\/strong>: Su aroma similar al de la mirra es ideal para ceremonias de limpieza energ\u00e9tica y meditaci\u00f3n.<\/li>\n<\/ul>\n<p><strong>Usos tradicionales y culturales:<\/strong> Utilizado en perfumer\u00eda y medicina ayurv\u00e9dica por sus propiedades beneficiosas, el guggul tambi\u00e9n es muy apreciado en las ceremonias hind\u00faes, donde constituye una ofrenda sagrada. <strong>Utilizaci\u00f3n:<\/strong> Quema Guggul en habitaciones que necesiten purificaci\u00f3n o durante rituales de protecci\u00f3n y prosperidad, dejando que su fragancia natural e intensa cree una atm\u00f3sfera de sacralidad y fuerza espiritual. <strong>Formato:<\/strong> Resina natural<\/p>\n","protected":false},"excerpt":{"rendered":"<p>Incienso resina de guggul &#8211; \u00e9xito El Incienso de Resina de Guggul es una resina arom\u00e1tica natural, ideal para ambientaciones, rituales y ofrendas. Seleccionada y sin aditivos, esta resina se extrae del \u00e1rbol Balsamodendron Mukul, originario del sur de Asia, incluido el Himalaya, Myanmar, India, Bangladesh y Nepal. Apreciada por su calidad, la madera del [&hellip;]<\/p>\n","protected":false},"featured_media":47472,"comment_status":"open","ping_status":"closed","template":"","meta":{"_acf_changed":false},"product_brand":[],"product_cat":[904],"product_tag":[5917,1953,5918,1474],"class_list":{"0":"post-47476","1":"product","2":"type-product","3":"status-publish","4":"has-post-thumbnail","6":"product_cat-incienso","7":"product_tag-en-resina","8":"product_tag-exito","9":"product_tag-guggul-es","10":"product_tag-incienso","12":"first","13":"instock","14":"shipping-taxable","15":"purchasable","16":"product-type-simple"},"acf":[],"_links":{"self":[{"href":"https:\/\/www.seleneshop.net\/es\/wp-json\/wp\/v2\/product\/47476","targetHints":{"allow":["GET"]}}],"collection":[{"href":"https:\/\/www.seleneshop.net\/es\/wp-json\/wp\/v2\/product"}],"about":[{"href":"https:\/\/www.seleneshop.net\/es\/wp-json\/wp\/v2\/types\/product"}],"replies":[{"embeddable":true,"href":"https:\/\/www.seleneshop.net\/es\/wp-json\/wp\/v2\/comments?post=47476"}],"wp:featuredmedia":[{"embeddable":true,"href":"https:\/\/www.seleneshop.net\/es\/wp-json\/wp\/v2\/media\/47472"}],"wp:attachment":[{"href":"https:\/\/www.seleneshop.net\/es\/wp-json\/wp\/v2\/media?parent=47476"}],"wp:term":[{"taxonomy":"product_brand","embeddable":true,"href":"https:\/\/www.seleneshop.net\/es\/wp-json\/wp\/v2\/product_brand?post=47476"},{"taxonomy":"product_cat","embeddable":true,"href":"https:\/\/www.seleneshop.net\/es\/wp-json\/wp\/v2\/product_cat?post=47476"},{"taxonomy":"product_tag","embeddable":true,"href":"https:\/\/www.seleneshop.net\/es\/wp-json\/wp\/v2\/product_tag?post=47476"}],"curies":[{"name":"wp","href":"https:\/\/api.w.org\/{rel}","templated":true}]}}