{"id":47491,"date":"2024-10-26T13:02:29","date_gmt":"2024-10-26T11:15:05","guid":{"rendered":"https:\/\/www.seleneshop.net\/shop\/sin categor\u00eda\/jabon-esoterico-pusanga-amore\/"},"modified":"2024-10-26T13:15:05","modified_gmt":"2024-10-26T11:15:05","slug":"jabon-esoterico-pusanga-amore","status":"publish","type":"product","link":"https:\/\/www.seleneshop.net\/es\/shop\/jabones\/jabon-esoterico-pusanga-amore\/","title":{"rendered":"Jab\u00f3n esot\u00e9rico Pusanga Amore"},"content":{"rendered":"<h2>Jab\u00f3n esot\u00e9rico Pusanga Amore<\/h2>\n<div class=\"flex-shrink-0 flex flex-col relative items-end\">\n<div>\n<div class=\"pt-0\">\n<div class=\"gizmo-bot-avatar flex h-8 w-8 items-center justify-center overflow-hidden rounded-full\">\n<div class=\"relative p-1 rounded-sm flex items-center justify-center bg-token-main-surface-primary text-token-text-primary h-8 w-8\"><strong>El Jab\u00f3n Esot\u00e9rico Pusanga<\/strong> es un producto con profundas ra\u00edces en las tradiciones cham\u00e1nicas y espirituales de la Amazonia, especialmente utilizado por los curanderos peruanos y brasile\u00f1os. Elaborado con ingredientes naturales y sagrados, est\u00e1 formulado para fomentar la atracci\u00f3n, la protecci\u00f3n de las relaciones y el aumento del encanto personal. <\/div>\n<\/div>\n<\/div>\n<\/div>\n<\/div>\n<div class=\"group\/conversation-turn relative flex w-full min-w-0 flex-col agent-turn\">\n<div class=\"flex-col gap-1 md:gap-3\">\n<div class=\"flex max-w-full flex-col flex-grow\">\n<div class=\"min-h-8 text-message flex w-full flex-col items-end gap-2 whitespace-normal break-words [.text-message+&amp;]:mt-5\" dir=\"auto\" data-message-author-role=\"assistant\" data-message-id=\"b0a34634-8fff-403d-8bab-991875a85116\" data-message-model-slug=\"gpt-4o\">\n<div class=\"flex w-full flex-col gap-1 empty:hidden first:pt-[3px]\">\n<div class=\"markdown prose w-full break-words dark:prose-invert dark\">\n<p><strong>Caracter\u00edsticas de Pusanga:<\/strong><\/p>\n<ul>\n<li><strong>Origen<\/strong>: Deriva de las tradiciones cham\u00e1nicas amaz\u00f3nicas, donde los curanderos utilizan las propiedades esot\u00e9ricas de las plantas mediante rituales y c\u00e1nticos espirituales.<\/li>\n<li><strong>Ingredientes sagrados<\/strong>: Contiene plantas amaz\u00f3nicas como la guayusa, el to\u00e9, la sangre de drag\u00f3n y el sanango ch\u00edrico, as\u00ed como flores intensamente arom\u00e1ticas (rosa, loto, jazm\u00edn) y bases l\u00edquidas para extraer y conservar las esencias.<\/li>\n<\/ul>\n<p><strong>Usos esot\u00e9ricos de la Pusanga:<\/strong><\/p>\n<ul>\n<li><strong>Atracci\u00f3n y v\u00ednculos afectivos<\/strong>: Se utiliza para despertar el deseo rom\u00e1ntico e intensificar los v\u00ednculos afectivos.<\/li>\n<li><strong>Aumento del encanto personal<\/strong>: Aumenta el carisma y facilita nuevas conexiones, haciendo al usuario m\u00e1s atractivo y magn\u00e9tico.<\/li>\n<li><strong>V\u00ednculo espiritual y protecci\u00f3n<\/strong>: Fomenta conexiones profundas y protege las relaciones de energ\u00edas negativas o influencias externas.<\/li>\n<\/ul>\n<p><strong>Utilizaci\u00f3n:<\/strong> Aplica el jab\u00f3n mientras te ba\u00f1as para purificar el cuerpo y el aura, manteniendo la intenci\u00f3n de atraer el amor, el encanto y la armon\u00eda en las relaciones. Perfecto para rituales de atracci\u00f3n o como protecci\u00f3n energ\u00e9tica diaria. <\/p>\n<\/div>\n<\/div>\n<\/div>\n<\/div>\n<\/div>\n<\/div>\n","protected":false},"excerpt":{"rendered":"<p>Jab\u00f3n esot\u00e9rico Pusanga Amore El Jab\u00f3n Esot\u00e9rico Pusanga es un producto con profundas ra\u00edces en las tradiciones cham\u00e1nicas y espirituales de la Amazonia, especialmente utilizado por los curanderos peruanos y brasile\u00f1os. Elaborado con ingredientes naturales y sagrados, est\u00e1 formulado para fomentar la atracci\u00f3n, la protecci\u00f3n de las relaciones y el aumento del encanto personal. Caracter\u00edsticas [&hellip;]<\/p>\n","protected":false},"featured_media":47486,"comment_status":"open","ping_status":"closed","template":"","meta":{"_acf_changed":false},"product_brand":[],"product_cat":[5444],"product_tag":[5923,1903,5453,4696],"class_list":{"0":"post-47491","1":"product","2":"type-product","3":"status-publish","4":"has-post-thumbnail","6":"product_cat-jabones","7":"product_tag-amor-es","8":"product_tag-amor","9":"product_tag-jabon","10":"product_tag-pusanga-es","12":"first","13":"instock","14":"shipping-taxable","15":"purchasable","16":"product-type-simple"},"acf":[],"_links":{"self":[{"href":"https:\/\/www.seleneshop.net\/es\/wp-json\/wp\/v2\/product\/47491","targetHints":{"allow":["GET"]}}],"collection":[{"href":"https:\/\/www.seleneshop.net\/es\/wp-json\/wp\/v2\/product"}],"about":[{"href":"https:\/\/www.seleneshop.net\/es\/wp-json\/wp\/v2\/types\/product"}],"replies":[{"embeddable":true,"href":"https:\/\/www.seleneshop.net\/es\/wp-json\/wp\/v2\/comments?post=47491"}],"wp:featuredmedia":[{"embeddable":true,"href":"https:\/\/www.seleneshop.net\/es\/wp-json\/wp\/v2\/media\/47486"}],"wp:attachment":[{"href":"https:\/\/www.seleneshop.net\/es\/wp-json\/wp\/v2\/media?parent=47491"}],"wp:term":[{"taxonomy":"product_brand","embeddable":true,"href":"https:\/\/www.seleneshop.net\/es\/wp-json\/wp\/v2\/product_brand?post=47491"},{"taxonomy":"product_cat","embeddable":true,"href":"https:\/\/www.seleneshop.net\/es\/wp-json\/wp\/v2\/product_cat?post=47491"},{"taxonomy":"product_tag","embeddable":true,"href":"https:\/\/www.seleneshop.net\/es\/wp-json\/wp\/v2\/product_tag?post=47491"}],"curies":[{"name":"wp","href":"https:\/\/api.w.org\/{rel}","templated":true}]}}