{"id":48157,"date":"2024-12-06T17:31:45","date_gmt":"2024-12-06T16:31:45","guid":{"rendered":"https:\/\/www.seleneshop.net\/shop\/sin%20categor\u00eda\/bano-de-purificacion-de-san-alejo-contra-los-enemigos\/"},"modified":"2025-04-01T01:00:05","modified_gmt":"2025-03-31T23:00:05","slug":"bano-de-purificacion-de-san-alejo-contra-los-enemigos","status":"publish","type":"product","link":"https:\/\/www.seleneshop.net\/es\/shop\/banos-esotericos\/bano-de-purificacion-de-san-alejo-contra-los-enemigos\/","title":{"rendered":"Ba\u00f1o de purificaci\u00f3n de San Alejo &#8211; contra los enemigos"},"content":{"rendered":"<div class=\"flex-shrink-0 flex flex-col relative items-end\">\n<div>\n<div class=\"pt-0\">\n<div class=\"gizmo-bot-avatar flex h-8 w-8 items-center justify-center overflow-hidden rounded-full\">\n<h2 class=\"relative p-1 rounded-sm flex items-center justify-center bg-token-main-surface-primary text-token-text-primary h-8 w-8\"><strong>San Alejo Ba\u00f1o de purificaci\u00f3n contra los enemigos<\/strong><\/h2>\n<\/div>\n<\/div>\n<\/div>\n<\/div>\n<div class=\"group\/conversation-turn relative flex w-full min-w-0 flex-col agent-turn\">\n<div class=\"flex-col gap-1 md:gap-3\">\n<div class=\"flex max-w-full flex-col flex-grow\">\n<div class=\"min-h-8 text-message flex w-full flex-col items-end gap-2 whitespace-normal break-words text-start [.text-message+&amp;]:mt-5\" dir=\"auto\" data-message-author-role=\"assistant\" data-message-id=\"70e13cb5-c839-4032-9c4c-da710120c477\" data-message-model-slug=\"gpt-4o\">\n<div class=\"flex w-full flex-col gap-1 empty:hidden first:pt-[3px]\">\n<div class=\"markdown prose w-full break-words dark:prose-invert dark\">\n<p>El <strong>Ba\u00f1o de Purificaci\u00f3n<\/strong> de San Alejo es una poderosa herramienta esot\u00e9rica dise\u00f1ada para invocar la ayuda de San Alejo y desterrar de la propia vida a los enemigos, las energ\u00edas negativas y las malas influencias. Gracias a sus propiedades purificadoras, este ba\u00f1o favorece la protecci\u00f3n espiritual y la serenidad, restableciendo el equilibrio energ\u00e9tico y creando un escudo contra las interferencias externas. <\/p>\n<p><strong>Caracter\u00edsticas principales:<\/strong><\/p>\n<ul>\n<li><strong>Formato<\/strong>: 250 ml<\/li>\n<li><strong>Propiedades esot\u00e9ricas<\/strong>: Purificaci\u00f3n energ\u00e9tica, eliminaci\u00f3n de enemigos y protecci\u00f3n contra las malas influencias.<\/li>\n<li><strong>Inspiraci\u00f3n espiritual<\/strong>: Invocaci\u00f3n a San Alejo, conocido por su capacidad para separar las energ\u00edas negativas y proteger a quienes piden su ayuda.<\/li>\n<\/ul>\n<p><strong>Ventajas:<\/strong><\/p>\n<ul>\n<li>Ahuyenta a las personas t\u00f3xicas y a las malas compa\u00f1\u00edas.<\/li>\n<li>Protege contra los malos ojos, la envidia y las influencias negativas.<\/li>\n<li>Fomenta un entorno energ\u00e9ticamente limpio y armonioso.<\/li>\n<\/ul>\n<p><strong>Perfecto para:<\/strong><\/p>\n<ul>\n<li>Cualquier persona que se sienta rodeada de energ\u00edas hostiles o desee purificar su espacio personal.<\/li>\n<li>Situaciones en las que es necesario separarse de los enemigos o de las malas compa\u00f1\u00edas.<\/li>\n<\/ul>\n<p><strong>Nota especial:<\/strong> Para aumentar la eficacia del ba\u00f1o ritual, comb\u00ednalo con velas o incienso dedicados a San Alejo, o productos similares, amplificando la conexi\u00f3n espiritual y la intenci\u00f3n de protecci\u00f3n.<\/p>\n<p><strong>Un valioso aliado<\/strong> para quienes desean serenidad y protecci\u00f3n en su vida cotidiana.<\/p>\n<\/div>\n<\/div>\n<\/div>\n<\/div>\n<\/div>\n<\/div>\n","protected":false},"excerpt":{"rendered":"<p>San Alejo Ba\u00f1o de purificaci\u00f3n contra los enemigos El Ba\u00f1o de Purificaci\u00f3n de San Alejo es una poderosa herramienta esot\u00e9rica dise\u00f1ada para invocar la ayuda de San Alejo y desterrar de la propia vida a los enemigos, las energ\u00edas negativas y las malas influencias. Gracias a sus propiedades purificadoras, este ba\u00f1o favorece la protecci\u00f3n espiritual [&hellip;]<\/p>\n","protected":false},"featured_media":48152,"comment_status":"open","ping_status":"closed","template":"","meta":{"_acf_changed":false},"product_brand":[],"product_cat":[3578],"product_tag":[3579,2459,3782,5947],"class_list":{"0":"post-48157","1":"product","2":"type-product","3":"status-publish","4":"has-post-thumbnail","6":"product_cat-banos-esotericos","7":"product_tag-cuarto-de-bano","8":"product_tag-defensa","9":"product_tag-enemigos","10":"product_tag-san-alejo-es","12":"first","13":"instock","14":"shipping-taxable","15":"purchasable","16":"product-type-simple"},"acf":[],"_links":{"self":[{"href":"https:\/\/www.seleneshop.net\/es\/wp-json\/wp\/v2\/product\/48157","targetHints":{"allow":["GET"]}}],"collection":[{"href":"https:\/\/www.seleneshop.net\/es\/wp-json\/wp\/v2\/product"}],"about":[{"href":"https:\/\/www.seleneshop.net\/es\/wp-json\/wp\/v2\/types\/product"}],"replies":[{"embeddable":true,"href":"https:\/\/www.seleneshop.net\/es\/wp-json\/wp\/v2\/comments?post=48157"}],"wp:featuredmedia":[{"embeddable":true,"href":"https:\/\/www.seleneshop.net\/es\/wp-json\/wp\/v2\/media\/48152"}],"wp:attachment":[{"href":"https:\/\/www.seleneshop.net\/es\/wp-json\/wp\/v2\/media?parent=48157"}],"wp:term":[{"taxonomy":"product_brand","embeddable":true,"href":"https:\/\/www.seleneshop.net\/es\/wp-json\/wp\/v2\/product_brand?post=48157"},{"taxonomy":"product_cat","embeddable":true,"href":"https:\/\/www.seleneshop.net\/es\/wp-json\/wp\/v2\/product_cat?post=48157"},{"taxonomy":"product_tag","embeddable":true,"href":"https:\/\/www.seleneshop.net\/es\/wp-json\/wp\/v2\/product_tag?post=48157"}],"curies":[{"name":"wp","href":"https:\/\/api.w.org\/{rel}","templated":true}]}}