{"id":49572,"date":"2015-08-17T01:24:37","date_gmt":"2025-03-21T21:51:15","guid":{"rendered":"https:\/\/www.seleneshop.net\/shop\/sin categor\u00eda\/mjollnir-martillo-de-thor\/"},"modified":"2025-03-21T22:51:15","modified_gmt":"2025-03-21T21:51:15","slug":"mjollnir-martillo-de-thor","status":"publish","type":"product","link":"https:\/\/www.seleneshop.net\/es\/shop\/objetos-para-colgar\/mjollnir-martillo-de-thor\/","title":{"rendered":"Mjollnir &#8211; Martillo de Thor"},"content":{"rendered":"<h2><strong>Mjollnir<\/strong> &#8211; <strong>Martillo de Thor <\/strong> <\/h2>\n<h3>Relieve mural Martillo de Thor &#8211; S\u00edmbolo de Fuerza y Protecci\u00f3n<\/h3>\n<p data-start=\"73\" data-end=\"370\">Lleva el poder ancestral de la mitolog\u00eda n\u00f3rdica a tu hogar con el <strong data-start=\"147\" data-end=\"182\">Relieve de Pared Martillo de<\/strong> Thor. Esta extraordinaria pieza de pared est\u00e1 <strong data-start=\"223\" data-end=\"253\">tallada a mano en madera<\/strong> y representa el m\u00edtico <strong data-start=\"278\" data-end=\"289\">Mj\u00f6lnir<\/strong>, el martillo del dios Thor, s\u00edmbolo de <strong data-start=\"328\" data-end=\"369\">fuerza, protecci\u00f3n, poder y fertilidad<\/strong>. <\/p>\n<p data-start=\"372\" data-end=\"555\">Cada relieve est\u00e1 hecho <strong data-start=\"387\" data-end=\"402\">a mano<\/strong>, cuidadosamente en <strong data-start=\"427\" data-end=\"440\">Indonesia<\/strong>, por lo que <strong data-start=\"450\" data-end=\"508\">la forma, el color y el tama\u00f1o pueden variar ligeramente<\/strong>, lo que hace que <strong data-start=\"519\" data-end=\"539\">cada pieza sea \u00fanica<\/strong>.<\/p>\n<h3>Significado del Martillo de Thor:<\/h3>\n<p data-start=\"603\" data-end=\"872\">El Mj\u00f6lnir no s\u00f3lo era un arma divina, sino tambi\u00e9n un s\u00edmbolo sagrado para las tribus germ\u00e1nicas. Venerado como emblema del <strong data-start=\"722\" data-end=\"743\">poder guerrero<\/strong>, tambi\u00e9n se asociaba a la <strong data-start=\"773\" data-end=\"802\">protecci\u00f3n de las familias<\/strong>, la <strong data-start=\"809\" data-end=\"838\">bendici\u00f3n de los matrimonios<\/strong> y la <strong data-start=\"846\" data-end=\"871\">fertilidad de la tierra<\/strong>. <\/p>\n<ul data-start=\"903\" data-end=\"1101\">\n<li data-start=\"903\" data-end=\"943\"><strong data-start=\"905\" data-end=\"918\">Material<\/strong>: madera tallada a mano<\/li>\n<li data-start=\"944\" data-end=\"968\"><strong data-start=\"946\" data-end=\"957\">Origen<\/strong>: Indonesia<\/li>\n<li data-start=\"969\" data-end=\"1018\"><strong data-start=\"971\" data-end=\"988\">Instalaci\u00f3n<\/strong>: Listo para colgar en la pared<\/li>\n<li data-start=\"1019\" data-end=\"1101\"><strong data-start=\"1021\" data-end=\"1031\">Dise\u00f1o<\/strong>: Martillo de Thor (Mj\u00f6lnir), con ricos detalles y simbolismo n\u00f3rdico<\/li>\n<\/ul>\n<p>El <i><b>Mj\u00f6llnir, tambi\u00e9n conocido como el martillo de Thor, <\/b><\/i> <span style=\"color: #252525; font-family: sans-serif;\"><i>es el arma de Thor, el dios del Rayo y el Trueno en la mitolog\u00eda germ\u00e1nica. Suele representarse como un martillo, aunque originalmente era un hacha o garrote. Lo fabrican los enanos o, seg\u00fan la prosaica Edda de Snorri Sturluson del siglo XIII, el elfo Sindri en una disputa con el dios Loki sobre qui\u00e9n pod\u00eda crear el arma m\u00e1s maravillosa para los dioses.  <\/i><\/span><\/p>\n<p><i><\/i><span style=\"color: #252525; font-family: sans-serif;\"><i>El martillo de Thor es sin duda uno de los objetos mitol\u00f3gicos antiguos m\u00e1s populares en la actualidad, b\u00e1sicamente gracias a los c\u00f3mics de Thor de Marvel y a las bandas de vikingos y metal \u00e9pico.  <\/i><\/span><i>Las reproducciones de Mj\u00f6llnir se venden ahora en joyer\u00edas y las llevan personas muy diversas: estudiosos, conocedores o simpatizantes de la mitolog\u00eda n\u00f3rdica y de la antigua historia escandinava; amantes de la m\u00fasica heavy metal escandinava; ac\u00f3litos de las religiones neopaganas n\u00f3rdicas (\u00c1satr\u00fa, Irminismo, Odinismo, etc.) en las que Thor, el m\u00e1s fuerte (f\u00edsicamente) de los dioses, es el protector de la humanidad en perpetuo conflicto con las fuerzas malignas de los gigantes.<\/i><\/p>\n<p><strong>Thor<\/strong><br \/>\nOrigen: Dios germ\u00e1nico del trueno, la tormenta y la fertilidad, protege a hombres y dioses de los gigantes (en germ\u00e1nico antiguo Donar o Donner).<br \/>\nS\u00edmbolos: Dorn (la runa) es el s\u00edmbolo de Thor, el poderoso dios con su martillo Mj\u00f2llnir. Representa el momento de la acci\u00f3n. Es el m\u00e1s fuerte de todos los dioses y hombres. Y el dios de las tormentas y el clima (para los barcos) y la fertilidad (para los agricultores), el gran protector de Midgard.<\/p>\n<p>Significado como talism\u00e1n o amuleto: Para la sinceridad, la fidelidad, la fiabilidad, la fuerza, la sensatez y la actuaci\u00f3n impulsiva y espont\u00e1nea.<\/p>\n<p><strong>Martillo de Thor<\/strong><br \/>\nOrigen: El martillo de Thor fue forjado por Sindri el Enano. Su mango es demasiado corto porque Brock, el hermano de Sindri que manejaba el fuelle, fue picado por un t\u00e1bano y se distrajo, interrumpiendo el flujo de aire durante unos momentos. No hay pr\u00e1cticamente nada que pueda resistir la fuerza del martillo. Siempre vuelve a quien la lanz\u00f3, por lo que es el s\u00edmbolo de la fuerza vital indestructible e inagotable de la naturaleza. Paraliza a los enemigos del portador.<\/p>\n<p>Es el s\u00edmbolo n\u00f3rdico m\u00e1s fuerte. S\u00edmbolos: el martillo de Thor es el s\u00edmbolo que m\u00e1s se encuentra en las piedras r\u00fanicas y en las inscripciones. Tambi\u00e9n se representa a menudo en las rocas y, sobre todo, en las tumbas para asegurar el reposo del difunto. Se lleva como s\u00edmbolo de fe en los antiguos dioses.<\/p>\n<p>Los paganos llevaban el martillo de Thor como amuleto en se\u00f1al de protecci\u00f3n contra la costumbre cristiana de llevar cruces.<br \/>\nSignificado como talism\u00e1n o amuleto: Defiende contra ataques malignos de cualquier tipo. Protege contra el peligro y el mal y proporciona un poderoso apoyo y un flujo libre de energ\u00eda.<\/p>\n<div id=\"description\" class=\"textstyles text-word-wrap info-panel\">\n<div id=\"description-collapse\" class=\"collapse collapse-auto-toggle-xs in\" aria-expanded=\"true\">\n<p>Dimensiones: 36 cm x 28 cm<\/p>\n<\/div>\n<\/div>\n","protected":false},"excerpt":{"rendered":"<p><strong>Mjollnir<\/strong> &#8211; <strong>Martillo de Thor <\/strong> <\/p>\n","protected":false},"featured_media":49568,"comment_status":"open","ping_status":"closed","template":"","meta":{"_acf_changed":false},"product_brand":[],"product_cat":[928],"product_tag":[4666,4878,4665],"class_list":{"0":"post-49572","1":"product","2":"type-product","3":"status-publish","4":"has-post-thumbnail","6":"product_cat-objetos-para-colgar","7":"product_tag-martillo","8":"product_tag-mjollnir-es","9":"product_tag-thor-es","11":"first","12":"instock","13":"shipping-taxable","14":"purchasable","15":"product-type-simple"},"acf":[],"_links":{"self":[{"href":"https:\/\/www.seleneshop.net\/es\/wp-json\/wp\/v2\/product\/49572","targetHints":{"allow":["GET"]}}],"collection":[{"href":"https:\/\/www.seleneshop.net\/es\/wp-json\/wp\/v2\/product"}],"about":[{"href":"https:\/\/www.seleneshop.net\/es\/wp-json\/wp\/v2\/types\/product"}],"replies":[{"embeddable":true,"href":"https:\/\/www.seleneshop.net\/es\/wp-json\/wp\/v2\/comments?post=49572"}],"wp:featuredmedia":[{"embeddable":true,"href":"https:\/\/www.seleneshop.net\/es\/wp-json\/wp\/v2\/media\/49568"}],"wp:attachment":[{"href":"https:\/\/www.seleneshop.net\/es\/wp-json\/wp\/v2\/media?parent=49572"}],"wp:term":[{"taxonomy":"product_brand","embeddable":true,"href":"https:\/\/www.seleneshop.net\/es\/wp-json\/wp\/v2\/product_brand?post=49572"},{"taxonomy":"product_cat","embeddable":true,"href":"https:\/\/www.seleneshop.net\/es\/wp-json\/wp\/v2\/product_cat?post=49572"},{"taxonomy":"product_tag","embeddable":true,"href":"https:\/\/www.seleneshop.net\/es\/wp-json\/wp\/v2\/product_tag?post=49572"}],"curies":[{"name":"wp","href":"https:\/\/api.w.org\/{rel}","templated":true}]}}