{"id":51308,"date":"2025-08-26T14:03:55","date_gmt":"2025-08-26T12:03:55","guid":{"rendered":"https:\/\/www.seleneshop.net\/shop\/sin categor\u00eda\/vela-esoterica-amor-apasionado-llama-del-deseo\/"},"modified":"2026-02-01T03:36:03","modified_gmt":"2026-02-01T02:36:03","slug":"vela-esoterica-amor-apasionado-llama-del-deseo","status":"publish","type":"product","link":"https:\/\/www.seleneshop.net\/es\/shop\/velas\/vela-esoterica-amor-apasionado-llama-del-deseo\/","title":{"rendered":"Vela Esot\u00e9rica Amor Apasionado &#8211; Llama del Deseo"},"content":{"rendered":"<h2>Vela Esot\u00e9rica Amor Apasionado &#8211; Llama del Deseo<\/h2>\n<h3 data-start=\"1232\" data-end=\"1473\"><strong data-start=\"1232\" data-end=\"1358\">\u00bfQuieres encender una chispa? \u00bfQuieres despertar la pasi\u00f3n, el deseo y el magnetismo en una relaci\u00f3n o en un nuevo conocido? <\/strong><\/h3>\n<p data-start=\"1232\" data-end=\"1473\">La <em data-start=\"1364\" data-end=\"1402\">vela esot\u00e9rica Amore Passionale<\/em> es tu aliada m\u00e1gica para despertar el eros y revitalizar la intimidad.<\/p>\n<p data-start=\"1475\" data-end=\"1834\">Ritualizada con cuidado y amor, esta vela roja est\u00e1 <strong data-start=\"1540\" data-end=\"1550\">hecha a mano<\/strong> en un recipiente con forma de coraz\u00f3n y rellena de <strong data-start=\"1603\" data-end=\"1633\">aceites esenciales afrodis\u00edacos<\/strong>, <strong data-start=\"1635\" data-end=\"1655\">colores simb\u00f3licos<\/strong> y <strong data-start=\"1658\" data-end=\"1681\">mantras energizantes<\/strong>.<br data-start=\"1682\" data-end=\"1685\">Perfecta para utilizar durante rituales de pareja, hechizos de atracci\u00f3n o simplemente para crear una atm\u00f3sfera er\u00f3tica cargada de tensi\u00f3n positiva.<\/p>\n<p data-start=\"1836\" data-end=\"2015\">Cada vela est\u00e1 <strong data-start=\"1855\" data-end=\"1886\">programada energ\u00e9ticamente<\/strong> para trabajar sobre el chakra sacro y el fuego interior, liberando los bloqueos relacionados con el placer, la sensualidad y el amor carnal.<\/p>\n<ul>\n<li data-start=\"911\" data-end=\"950\">\n<p data-start=\"913\" data-end=\"950\">\u2764\ufe0f Atrae la pasi\u00f3n, el deseo y el eros<\/p>\n<\/li>\n<li data-start=\"951\" data-end=\"993\">\n<p data-start=\"953\" data-end=\"993\">\ud83d\udd25 Potencia los rituales amorosos y la sexualidad<\/p>\n<\/li>\n<li data-start=\"994\" data-end=\"1039\">\n<p data-start=\"996\" data-end=\"1039\">\ud83c\udf3a Hecho con aceites y colores ritualizados<\/p>\n<\/li>\n<li data-start=\"1040\" data-end=\"1080\">\n<p data-start=\"1042\" data-end=\"1080\">\ud83d\udd6f\ufe0f Recipiente rojo en forma de coraz\u00f3n<\/p>\n<\/li>\n<li data-start=\"1081\" data-end=\"1125\">\n<p data-start=\"1083\" data-end=\"1125\">\ud83e\uddd9\u200d\u2640\ufe0f Activado con energ\u00eda lunar y mantra<\/p>\n<\/li>\n<li data-start=\"1126\" data-end=\"1172\">\n<p data-start=\"1128\" data-end=\"1172\">\ud83c\uddee\ud83c\uddf9 Hecho a mano por Selene Shop con <strong>cera de soja 100% de alta calidad<\/strong><\/p>\n<\/li>\n<\/ul>\n<p>&nbsp;<\/p>\n<p>&nbsp;<\/p>\n","protected":false},"excerpt":{"rendered":"<p data-start=\"784\" data-end=\"861\">Vela Esot\u00e9rica Amor Apasionado &#8211; Para Despertar el Deseo y la Atracci\u00f3n<\/p>\n","protected":false},"featured_media":51304,"comment_status":"open","ping_status":"closed","template":"","meta":{"_acf_changed":false},"product_brand":[],"product_cat":[880],"product_tag":[1903,6081,1891],"class_list":{"0":"post-51308","1":"product","2":"type-product","3":"status-publish","4":"has-post-thumbnail","6":"product_cat-velas","7":"product_tag-amor","8":"product_tag-apasionada","9":"product_tag-vela-es","11":"first","12":"instock","13":"shipping-taxable","14":"purchasable","15":"product-type-simple"},"acf":[],"_links":{"self":[{"href":"https:\/\/www.seleneshop.net\/es\/wp-json\/wp\/v2\/product\/51308","targetHints":{"allow":["GET"]}}],"collection":[{"href":"https:\/\/www.seleneshop.net\/es\/wp-json\/wp\/v2\/product"}],"about":[{"href":"https:\/\/www.seleneshop.net\/es\/wp-json\/wp\/v2\/types\/product"}],"replies":[{"embeddable":true,"href":"https:\/\/www.seleneshop.net\/es\/wp-json\/wp\/v2\/comments?post=51308"}],"wp:featuredmedia":[{"embeddable":true,"href":"https:\/\/www.seleneshop.net\/es\/wp-json\/wp\/v2\/media\/51304"}],"wp:attachment":[{"href":"https:\/\/www.seleneshop.net\/es\/wp-json\/wp\/v2\/media?parent=51308"}],"wp:term":[{"taxonomy":"product_brand","embeddable":true,"href":"https:\/\/www.seleneshop.net\/es\/wp-json\/wp\/v2\/product_brand?post=51308"},{"taxonomy":"product_cat","embeddable":true,"href":"https:\/\/www.seleneshop.net\/es\/wp-json\/wp\/v2\/product_cat?post=51308"},{"taxonomy":"product_tag","embeddable":true,"href":"https:\/\/www.seleneshop.net\/es\/wp-json\/wp\/v2\/product_tag?post=51308"}],"curies":[{"name":"wp","href":"https:\/\/api.w.org\/{rel}","templated":true}]}}