{"id":51515,"date":"2025-09-10T16:23:25","date_gmt":"2025-09-10T14:23:25","guid":{"rendered":"https:\/\/www.seleneshop.net\/shop\/sin%20categor\u00eda\/ritual-de-atraccion-de-lilith\/"},"modified":"2026-02-01T03:36:03","modified_gmt":"2026-02-01T02:36:03","slug":"ritual-de-atraccion-de-lilith","status":"publish","type":"product","link":"https:\/\/www.seleneshop.net\/es\/shop\/kits-de-ritual\/ritual-de-atraccion-de-lilith\/","title":{"rendered":"Ritual de atracci\u00f3n de Lilith"},"content":{"rendered":"<h2>Ritual de atracci\u00f3n de Lilith<\/h2>\n<h3>Ritual de la manzana y la serpiente<\/h3>\n<p data-start=\"487\" data-end=\"909\">El <em data-start=\"490\" data-end=\"525\">Ritual de Atracci\u00f3n de Lilith, la Manzana y la Serpiente<\/em> es un antiguo encantamiento inspirado en el mito ed\u00e9nico y en las fuerzas de Lilith. Combina el simbolismo de la <strong data-start=\"622\" data-end=\"636\">manzana roja<\/strong> -el fruto del conocimiento y el deseo- con el poder de la <strong data-start=\"699\" data-end=\"711\">serpiente<\/strong>, guardiana de la pasi\u00f3n y la transgresi\u00f3n.<br data-start=\"758\" data-end=\"761\">Este ritual enciende un magnetismo irresistible, despertando el eros primordial y el poder de la atracci\u00f3n sexual entre t\u00fa y la persona deseada.<\/p>\n<h2 data-start=\"916\" data-end=\"930\">\u2726 Beneficios rituales para la atracci\u00f3n sexual, la pasi\u00f3n y el magnetismo prohibido<\/h2>\n<ul data-start=\"931\" data-end=\"1162\">\n<li data-start=\"931\" data-end=\"983\">\n<p data-start=\"933\" data-end=\"983\">Despertar de la pasi\u00f3n y el deseo carnal<\/p>\n<\/li>\n<li data-start=\"984\" data-end=\"1020\">\n<p data-start=\"986\" data-end=\"1020\">Magnetismo personal y seducci\u00f3n<\/p>\n<\/li>\n<li data-start=\"1021\" data-end=\"1064\">\n<p data-start=\"1023\" data-end=\"1064\">Recordar amores intensos y sobrecogedores<\/p>\n<\/li>\n<li data-start=\"1065\" data-end=\"1162\">\n<p data-start=\"1067\" data-end=\"1162\">Conexi\u00f3n con el arquetipo de <strong data-start=\"1098\" data-end=\"1108\">Lilith<\/strong>, la fuerza libre y rebelde de la feminidad oscura<\/p>\n<\/li>\n<\/ul>\n<ul>\n<li data-start=\"1919\" data-end=\"2029\">\n<p data-start=\"1921\" data-end=\"2029\">Este ritual funciona sobre la<strong data-start=\"1948\" data-end=\"1970\">atracci\u00f3n er\u00f3tica<\/strong>; no garantiza un amor duradero ni relaciones equilibradas.<\/p>\n<\/li>\n<li data-start=\"2030\" data-end=\"2133\">\n<p data-start=\"2032\" data-end=\"2133\">La energ\u00eda invocada es intensa y puede despertar pasiones abrumadoras o v\u00ednculos dif\u00edciles de romper.<\/p>\n<\/li>\n<\/ul>\n<h3 data-start=\"2220\" data-end=\"2236\">\u2b50 Ideal para<\/h3>\n<ul data-start=\"2237\" data-end=\"2417\">\n<li data-start=\"2237\" data-end=\"2292\">\n<p data-start=\"2239\" data-end=\"2292\">Que quiere encender la pasi\u00f3n en una relaci\u00f3n<\/p>\n<\/li>\n<li data-start=\"2293\" data-end=\"2345\">\n<p data-start=\"2295\" data-end=\"2345\">Que quiere atraer una conexi\u00f3n carnal y magn\u00e9tica<\/p>\n<\/li>\n<li data-start=\"2346\" data-end=\"2417\">\n<p data-start=\"2348\" data-end=\"2417\">Los que sienten afinidad con las energ\u00edas de Lilith y el &#8220;fruto prohibido&#8221;.<\/p>\n<\/li>\n<\/ul>\n<p>&nbsp;<\/p>\n","protected":false},"excerpt":{"rendered":"<p>Ritual de atracci\u00f3n de Lilith Ritual de la manzana y la serpiente El Ritual de Atracci\u00f3n de Lilith, la Manzana y la Serpiente es un antiguo encantamiento inspirado en el mito ed\u00e9nico y en las fuerzas de Lilith. Combina el simbolismo de la manzana roja -el fruto del conocimiento y el deseo- con el poder [&hellip;]<\/p>\n","protected":false},"featured_media":51510,"comment_status":"open","ping_status":"closed","template":"","meta":{"_acf_changed":false},"product_brand":[],"product_cat":[912],"product_tag":[4364,1969,6090,2182,5995],"class_list":{"0":"post-51515","1":"product","2":"type-product","3":"status-publish","4":"has-post-thumbnail","6":"product_cat-kits-de-ritual","7":"product_tag-atraccion","8":"product_tag-lilith-es","9":"product_tag-manzana","10":"product_tag-ritual-es","11":"product_tag-serpiente","13":"first","14":"instock","15":"shipping-taxable","16":"purchasable","17":"product-type-simple"},"acf":[],"_links":{"self":[{"href":"https:\/\/www.seleneshop.net\/es\/wp-json\/wp\/v2\/product\/51515","targetHints":{"allow":["GET"]}}],"collection":[{"href":"https:\/\/www.seleneshop.net\/es\/wp-json\/wp\/v2\/product"}],"about":[{"href":"https:\/\/www.seleneshop.net\/es\/wp-json\/wp\/v2\/types\/product"}],"replies":[{"embeddable":true,"href":"https:\/\/www.seleneshop.net\/es\/wp-json\/wp\/v2\/comments?post=51515"}],"wp:featuredmedia":[{"embeddable":true,"href":"https:\/\/www.seleneshop.net\/es\/wp-json\/wp\/v2\/media\/51510"}],"wp:attachment":[{"href":"https:\/\/www.seleneshop.net\/es\/wp-json\/wp\/v2\/media?parent=51515"}],"wp:term":[{"taxonomy":"product_brand","embeddable":true,"href":"https:\/\/www.seleneshop.net\/es\/wp-json\/wp\/v2\/product_brand?post=51515"},{"taxonomy":"product_cat","embeddable":true,"href":"https:\/\/www.seleneshop.net\/es\/wp-json\/wp\/v2\/product_cat?post=51515"},{"taxonomy":"product_tag","embeddable":true,"href":"https:\/\/www.seleneshop.net\/es\/wp-json\/wp\/v2\/product_tag?post=51515"}],"curies":[{"name":"wp","href":"https:\/\/api.w.org\/{rel}","templated":true}]}}