{"id":51934,"date":"2025-10-04T16:55:01","date_gmt":"2025-10-04T14:55:01","guid":{"rendered":"https:\/\/www.seleneshop.net\/shop\/sin categor\u00eda\/ritual-de-maldicion\/"},"modified":"2026-02-01T03:36:02","modified_gmt":"2026-02-01T02:36:02","slug":"ritual-de-maldicion","status":"publish","type":"product","link":"https:\/\/www.seleneshop.net\/es\/shop\/rituales-poderosos\/ritual-de-maldicion\/","title":{"rendered":"Ritual de maldici\u00f3n"},"content":{"rendered":"<h2>Potente Ritual de Maldici\u00f3n<\/h2>\n<p>Desata el poder de este excelente ritual de maldici\u00f3n para maldecir a una sola persona que pretenda poner en peligro tu camino o causarte da\u00f1o.<\/p>\n<p>El poderoso Ritual de la Maldici\u00f3n Gen\u00e9rica est\u00e1 dise\u00f1ado para conocer, bloquear y alejar a las personas negativas, para asegurarte de que se mantengan alejadas del camino de tu vida.<\/p>\n<p>Este poderoso kit de ceremonia incluye una vela negra con forma de calavera, que simboliza la ruptura con las energ\u00edas oscuras y la renovaci\u00f3n espiritual. El detallado dise\u00f1o evoca la figura de la muerte como fuerza cortante y transformadora. La larga vela morada invoca el poder de la purificaci\u00f3n y la transmutaci\u00f3n, un color asociado a la liberaci\u00f3n y el cambio.<br \/>\nIncluye instrucciones.  <\/p>\n","protected":false},"excerpt":{"rendered":"<p>Potente Ritual de Maldici\u00f3n Desata el poder de este excelente ritual de maldici\u00f3n para maldecir a una sola persona que pretenda poner en peligro tu camino o causarte da\u00f1o. El poderoso Ritual de la Maldici\u00f3n Gen\u00e9rica est\u00e1 dise\u00f1ado para conocer, bloquear y alejar a las personas negativas, para asegurarte de que se mantengan alejadas del [&hellip;]<\/p>\n","protected":false},"featured_media":51929,"comment_status":"open","ping_status":"closed","template":"","meta":{"_acf_changed":false},"product_brand":[],"product_cat":[4358,912],"product_tag":[3127,2182],"class_list":{"0":"post-51934","1":"product","2":"type-product","3":"status-publish","4":"has-post-thumbnail","6":"product_cat-rituales-poderosos","7":"product_cat-kits-de-ritual","8":"product_tag-meledition-es","9":"product_tag-ritual-es","11":"first","12":"instock","13":"shipping-taxable","14":"purchasable","15":"product-type-simple"},"acf":[],"_links":{"self":[{"href":"https:\/\/www.seleneshop.net\/es\/wp-json\/wp\/v2\/product\/51934","targetHints":{"allow":["GET"]}}],"collection":[{"href":"https:\/\/www.seleneshop.net\/es\/wp-json\/wp\/v2\/product"}],"about":[{"href":"https:\/\/www.seleneshop.net\/es\/wp-json\/wp\/v2\/types\/product"}],"replies":[{"embeddable":true,"href":"https:\/\/www.seleneshop.net\/es\/wp-json\/wp\/v2\/comments?post=51934"}],"wp:featuredmedia":[{"embeddable":true,"href":"https:\/\/www.seleneshop.net\/es\/wp-json\/wp\/v2\/media\/51929"}],"wp:attachment":[{"href":"https:\/\/www.seleneshop.net\/es\/wp-json\/wp\/v2\/media?parent=51934"}],"wp:term":[{"taxonomy":"product_brand","embeddable":true,"href":"https:\/\/www.seleneshop.net\/es\/wp-json\/wp\/v2\/product_brand?post=51934"},{"taxonomy":"product_cat","embeddable":true,"href":"https:\/\/www.seleneshop.net\/es\/wp-json\/wp\/v2\/product_cat?post=51934"},{"taxonomy":"product_tag","embeddable":true,"href":"https:\/\/www.seleneshop.net\/es\/wp-json\/wp\/v2\/product_tag?post=51934"}],"curies":[{"name":"wp","href":"https:\/\/api.w.org\/{rel}","templated":true}]}}