{"id":52794,"date":"2026-01-29T20:30:43","date_gmt":"2026-01-29T19:30:43","guid":{"rendered":"https:\/\/www.seleneshop.net\/shop\/sin categor\u00eda\/varilla-de-bobina-radiestesica\/"},"modified":"2026-01-29T20:34:57","modified_gmt":"2026-01-29T19:34:57","slug":"varilla-de-bobina-radiestesica","status":"publish","type":"product","link":"https:\/\/www.seleneshop.net\/es\/shop\/radiestesia\/varilla-de-bobina-radiestesica\/","title":{"rendered":"Varilla de bobina radiest\u00e9sica"},"content":{"rendered":"<h2 data-start=\"176\" data-end=\"234\"><strong data-start=\"182\" data-end=\"229\">Varita de zahor\u00ed profesional<\/strong><\/h2>\n<h3 data-start=\"235\" data-end=\"322\"><em data-start=\"239\" data-end=\"322\">Instrumento de precisi\u00f3n para radiestesia, investigaci\u00f3n energ\u00e9tica y radiestesia sutil<\/em><\/h3>\n<p data-start=\"362\" data-end=\"667\">La <strong data-start=\"365\" data-end=\"398\">Varita Bobber Radiest\u00e9tica<\/strong> es una herramienta refinada dise\u00f1ada para trabajadores energ\u00e9ticos, radiestesistas e investigadores de las vibraciones sutiles. Su estructura flexible, combinada con un mango ergon\u00f3mico de madera natural, permite una respuesta sensible y precisa a los campos energ\u00e9ticos invisibles. <\/p>\n<p data-start=\"669\" data-end=\"758\">El terminal de <strong data-start=\"684\" data-end=\"704\">bola equilibrado<\/strong> amplifica las microvibraciones, por lo que es ideal para:<\/p>\n<ul data-start=\"759\" data-end=\"1107\">\n<li data-start=\"759\" data-end=\"825\">\n<p data-start=\"761\" data-end=\"825\">Detectar aguas <strong data-start=\"770\" data-end=\"791\">subterr\u00e1neas<\/strong> o vetas de agua (uso de la radiestesia)<\/p>\n<\/li>\n<li data-start=\"826\" data-end=\"905\">\n<p data-start=\"828\" data-end=\"905\">Cartograf\u00eda de <strong data-start=\"836\" data-end=\"867\">las redes tel\u00faricas de energ\u00eda<\/strong> (Hartmann, Curry, L\u00edneas Ley)<\/p>\n<\/li>\n<li data-start=\"906\" data-end=\"973\">\n<p data-start=\"908\" data-end=\"973\">Realizaci\u00f3n de <strong data-start=\"917\" data-end=\"943\">investigaciones radiest\u00e9sicas<\/strong> sobre personas, objetos, entornos<\/p>\n<\/li>\n<li data-start=\"974\" data-end=\"1061\">\n<p data-start=\"976\" data-end=\"1061\">Utilizar el cuerpo como <strong data-start=\"1001\" data-end=\"1021\">antena ps\u00edquica<\/strong> para obtener respuestas &#8220;s\u00ed\/no&#8221; o diagn\u00f3sticos sutiles<\/p>\n<\/li>\n<li data-start=\"1062\" data-end=\"1107\">\n<p data-start=\"1064\" data-end=\"1107\">Obras espirituales, alqu\u00edmicas y geobiol\u00f3gicas<\/p>\n<\/li>\n<\/ul>\n<h3 data-start=\"1114\" data-end=\"1145\"><strong data-start=\"1121\" data-end=\"1145\">Especificaciones t\u00e9cnicas de la Varita Bobber Radiesthetic:<\/strong><\/h3>\n<ul data-start=\"1147\" data-end=\"1516\">\n<li data-start=\"1147\" data-end=\"1188\">\n<p data-start=\"1149\" data-end=\"1188\"><strong data-start=\"1149\" data-end=\"1158\">Tipo:<\/strong> Varita Bobber radiest\u00e9sica<\/p>\n<\/li>\n<li data-start=\"1189\" data-end=\"1227\">\n<p data-start=\"1191\" data-end=\"1227\"><strong data-start=\"1191\" data-end=\"1212\">Longitud total:<\/strong> c32 cm<\/p>\n<\/li>\n<li data-start=\"1228\" data-end=\"1293\">\n<p data-start=\"1230\" data-end=\"1293\"><strong data-start=\"1230\" data-end=\"1249\">Material de la varilla:<\/strong> fibra met\u00e1lica flexible\/acero arm\u00f3nico<\/p>\n<\/li>\n<li data-start=\"1294\" data-end=\"1348\">\n<p data-start=\"1296\" data-end=\"1348\"><strong data-start=\"1296\" data-end=\"1312\">Mango:<\/strong> Madera natural torneada, antideslizante<\/p>\n<\/li>\n<li data-start=\"1349\" data-end=\"1412\">\n<p data-start=\"1351\" data-end=\"1412\"><strong data-start=\"1351\" data-end=\"1361\">Consejo:<\/strong> Esfera final de madera (o material equilibrado)<\/p>\n<\/li>\n<li data-start=\"1413\" data-end=\"1464\">\n<p data-start=\"1415\" data-end=\"1464\"><strong data-start=\"1415\" data-end=\"1424\">Peso:<\/strong> Ligero (\u00f3ptimo para un uso prolongado)<\/p>\n<\/li>\n<li data-start=\"1465\" data-end=\"1516\">\n<p data-start=\"1467\" data-end=\"1516\"><strong data-start=\"1467\" data-end=\"1483\">Sensibilidad:<\/strong> Alta respuesta a las microvibraciones<\/p>\n<\/li>\n<\/ul>\n<h3 data-start=\"1523\" data-end=\"1548\"><strong data-start=\"1533\" data-end=\"1548\">Ideal para:<\/strong><\/h3>\n<ul data-start=\"1549\" data-end=\"1813\">\n<li data-start=\"1549\" data-end=\"1603\">\n<p data-start=\"1551\" data-end=\"1603\">Radiestesistas profesionales y principiantes avanzados<\/p>\n<\/li>\n<li data-start=\"1604\" data-end=\"1661\">\n<p data-start=\"1606\" data-end=\"1661\">Profesionales de la energ\u00eda (Reiki, Pranoterapia, Geobiolog\u00eda)<\/p>\n<\/li>\n<li data-start=\"1662\" data-end=\"1708\">\n<p data-start=\"1664\" data-end=\"1708\">Estudiosos del esoterismo, la alquimia y la geomancia<\/p>\n<\/li>\n<li data-start=\"1709\" data-end=\"1739\">\n<p data-start=\"1711\" data-end=\"1739\">B\u00fasqueda espiritual personal<\/p>\n<\/li>\n<li data-start=\"1740\" data-end=\"1813\">\n<p data-start=\"1742\" data-end=\"1813\">Trabajos de prospecci\u00f3n en lugares sagrados, templos, bosques y c\u00edrculos de energ\u00eda<\/p>\n<\/li>\n<\/ul>\n<h3 data-start=\"1820\" data-end=\"1846\"><strong data-start=\"1826\" data-end=\"1846\">Notas esot\u00e9ricas:<\/strong><\/h3>\n<p data-start=\"1847\" data-end=\"2225\">En el lenguaje de<strong data-start=\"1867\" data-end=\"1880\">la Herm\u00e9tica<\/strong>, la Bobber puede considerarse una extensi\u00f3n de la mente que percibe el <em data-start=\"1958\" data-end=\"1974\">todo vibrante<\/em>. Responde a los principios de la <strong data-start=\"2008\" data-end=\"2034\">Ley de Vibraci\u00f3n<\/strong> y <strong data-start=\"2043\" data-end=\"2061\">Correspondencia<\/strong>: lo que est\u00e1 arriba es como lo que est\u00e1 abajo. Con el entrenamiento, se convierte en un <strong data-start=\"2132\" data-end=\"2170\">puente entre lo consciente y lo inconsciente<\/strong>, entre lo que est\u00e1 oculto y lo que puede revelarse.  <\/p>\n<h3 data-start=\"2232\" data-end=\"2270\">\ud83d\udce6 <strong data-start=\"2239\" data-end=\"2270\">Contenido del paquete:<\/strong><\/h3>\n<ul data-start=\"2271\" data-end=\"2383\">\n<li data-start=\"2271\" data-end=\"2305\">\n<p data-start=\"2273\" data-end=\"2305\">1x Varita de zahor\u00ed<\/p>\n<\/li>\n<li data-start=\"2341\" data-end=\"2383\">\n<p data-start=\"2343\" data-end=\"2383\">Funda protectora<\/p>\n<\/li>\n<\/ul>\n<h3 data-start=\"2390\" data-end=\"2417\"><strong data-start=\"2397\" data-end=\"2417\">Consejos de uso:<\/strong><\/h3>\n<p data-start=\"2418\" data-end=\"2645\">Purifica la varita con incienso o agua salada antes de utilizarla. Centra tu intenci\u00f3n. Util\u00edzala en ambientes tranquilos. Puede utilizarse sobre mapas, fotograf\u00edas o directamente sobre el suelo o el cuerpo. Conf\u00eda en la respuesta sutil.    <\/p>\n","protected":false},"excerpt":{"rendered":"<p>Varita de zahor\u00ed profesional Instrumento de precisi\u00f3n para radiestesia, investigaci\u00f3n energ\u00e9tica y radiestesia sutil La Varita Bobber Radiest\u00e9tica es una herramienta refinada dise\u00f1ada para trabajadores energ\u00e9ticos, radiestesistas e investigadores de las vibraciones sutiles. Su estructura flexible, combinada con un mango ergon\u00f3mico de madera natural, permite una respuesta sensible y precisa a los campos energ\u00e9ticos invisibles. [&hellip;]<\/p>\n","protected":false},"featured_media":52793,"comment_status":"open","ping_status":"closed","template":"","meta":{"_acf_changed":false},"product_brand":[],"product_cat":[4084],"product_tag":[],"class_list":{"0":"post-52794","1":"product","2":"type-product","3":"status-publish","4":"has-post-thumbnail","6":"product_cat-radiestesia","8":"first","9":"instock","10":"shipping-taxable","11":"purchasable","12":"product-type-simple"},"acf":[],"_links":{"self":[{"href":"https:\/\/www.seleneshop.net\/es\/wp-json\/wp\/v2\/product\/52794","targetHints":{"allow":["GET"]}}],"collection":[{"href":"https:\/\/www.seleneshop.net\/es\/wp-json\/wp\/v2\/product"}],"about":[{"href":"https:\/\/www.seleneshop.net\/es\/wp-json\/wp\/v2\/types\/product"}],"replies":[{"embeddable":true,"href":"https:\/\/www.seleneshop.net\/es\/wp-json\/wp\/v2\/comments?post=52794"}],"wp:featuredmedia":[{"embeddable":true,"href":"https:\/\/www.seleneshop.net\/es\/wp-json\/wp\/v2\/media\/52793"}],"wp:attachment":[{"href":"https:\/\/www.seleneshop.net\/es\/wp-json\/wp\/v2\/media?parent=52794"}],"wp:term":[{"taxonomy":"product_brand","embeddable":true,"href":"https:\/\/www.seleneshop.net\/es\/wp-json\/wp\/v2\/product_brand?post=52794"},{"taxonomy":"product_cat","embeddable":true,"href":"https:\/\/www.seleneshop.net\/es\/wp-json\/wp\/v2\/product_cat?post=52794"},{"taxonomy":"product_tag","embeddable":true,"href":"https:\/\/www.seleneshop.net\/es\/wp-json\/wp\/v2\/product_tag?post=52794"}],"curies":[{"name":"wp","href":"https:\/\/api.w.org\/{rel}","templated":true}]}}