{"id":53254,"date":"2026-03-20T20:39:47","date_gmt":"2026-03-20T19:39:47","guid":{"rendered":"https:\/\/www.seleneshop.net\/shop\/sin categor\u00eda\/incienso-granos-de-plata-lluvia-de-plata\/"},"modified":"2026-03-20T20:46:27","modified_gmt":"2026-03-20T19:46:27","slug":"incienso-granos-de-plata-lluvia-de-plata","status":"publish","type":"product","link":"https:\/\/www.seleneshop.net\/es\/shop\/incienso\/incienso-granos-de-plata-lluvia-de-plata\/","title":{"rendered":"Incienso Granos de Plata &#8211; Lluvia de Plata"},"content":{"rendered":"<h2 data-section-id=\"5z7zls\" data-start=\"175\" data-end=\"261\">Incienso Granos de Plata &#8211; Lluvia de Plata &#8211; Purificaci\u00f3n, Protecci\u00f3n e Intuici\u00f3n<\/h2>\n<p data-start=\"263\" data-end=\"320\"><strong data-start=\"266\" data-end=\"320\">Energ\u00eda de plata para purificar y proteger<\/strong><\/p>\n<p data-start=\"322\" data-end=\"514\"><strong data-start=\"324\" data-end=\"362\">El Incienso Plata &#8211; Lluvia de Plata<\/strong> es una mezcla ritual de granos utilizada en las pr\u00e1cticas esot\u00e9ricas para la <strong data-start=\"435\" data-end=\"513\">purificaci\u00f3n energ\u00e9tica, la protecci\u00f3n espiritual y el desarrollo de la intuici\u00f3n<\/strong>.<\/p>\n<p data-start=\"516\" data-end=\"787\">El color plata est\u00e1 tradicionalmente vinculado a la <strong data-start=\"568\" data-end=\"626\">Luna, la sensibilidad ps\u00edquica y las energ\u00edas sutiles<\/strong>. En la tradici\u00f3n esot\u00e9rica se utiliza para <strong data-start=\"675\" data-end=\"786\">limpiar las habitaciones de energ\u00edas negativas, reforzar la protecci\u00f3n espiritual y favorecer la clarividencia<\/strong>. <\/p>\n<p data-start=\"789\" data-end=\"985\">Cuando se quema en carb\u00f3n lit\u00fargico, este incienso desprende una fragancia intensa y envolvente que crea una atm\u00f3sfera ideal para la <strong data-start=\"923\" data-end=\"984\">meditaci\u00f3n, los rituales de protecci\u00f3n y las pr\u00e1cticas adivinatorias<\/strong>.<\/p>\n<h2 data-section-id=\"1mlf0qk\" data-start=\"992\" data-end=\"1018\">\ud83d\udd2e Propiedades esot\u00e9ricas<\/h2>\n<p data-start=\"1020\" data-end=\"1125\">Seg\u00fan la tradici\u00f3n m\u00e1gica y espiritual,<strong data-start=\"1065\" data-end=\"1103\">el incienso de plata (Lluvia de Plata)<\/strong> se utiliza para:<\/p>\n<p data-start=\"1127\" data-end=\"1367\"><strong data-start=\"1130\" data-end=\"1155\">\ud83e\uddff protecci\u00f3n espiritual<\/strong><br data-start=\"1155\" data-end=\"1158\">\u2728 <strong data-start=\"1160\" data-end=\"1210\">purificaci\u00f3n energ\u00e9tica de habitaciones y objetos<\/strong><br data-start=\"1210\" data-end=\"1213\">\ud83c\udf19 refuerzo de <strong data-start=\"1227\" data-end=\"1262\">la intuici\u00f3n y las percepciones sutiles<\/strong><br data-start=\"1262\" data-end=\"1265\">\ud83d\udd2e apoyo a <strong data-start=\"1279\" data-end=\"1315\">los rituales de adivinaci\u00f3n y a la adivinaci\u00f3n<\/strong><br data-start=\"1315\" data-end=\"1318\">\ud83d\udd4a fomento de la <strong data-start=\"1330\" data-end=\"1367\">paz mental y la armon\u00eda espiritual<\/strong><\/p>\n<p data-start=\"1369\" data-end=\"1411\">Es especialmente adecuado para rituales de:<\/p>\n<ul data-start=\"1413\" data-end=\"1580\">\n<li data-section-id=\"13pf4jm\" data-start=\"1413\" data-end=\"1438\">\n<p data-start=\"1415\" data-end=\"1438\">protecci\u00f3n energ\u00e9tica<\/p>\n<\/li>\n<li data-section-id=\"1vetaj6\" data-start=\"1439\" data-end=\"1472\">\n<p data-start=\"1441\" data-end=\"1472\">limpieza espiritual de la casa<\/p>\n<\/li>\n<li data-section-id=\"1qd9f84\" data-start=\"1473\" data-end=\"1510\">\n<p data-start=\"1475\" data-end=\"1510\">apertura de las capacidades intuitivas<\/p>\n<\/li>\n<li data-section-id=\"5x0w14\" data-start=\"1511\" data-end=\"1548\">\n<p data-start=\"1513\" data-end=\"1548\">meditaci\u00f3n y desarrollo espiritual<\/p>\n<\/li>\n<li data-section-id=\"i9qghc\" data-start=\"1549\" data-end=\"1580\">\n<p data-start=\"1551\" data-end=\"1580\">preparaci\u00f3n para la adivinaci\u00f3n<\/p>\n<\/li>\n<\/ul>\n<h2 data-section-id=\"2xjmay\" data-start=\"1587\" data-end=\"1626\">\ud83d\udd6f C\u00f3mo utilizar el Incienso de Plata<\/h2>\n<ol data-start=\"1628\" data-end=\"1891\">\n<li data-section-id=\"rksb1b\" data-start=\"1628\" data-end=\"1671\">\n<p data-start=\"1631\" data-end=\"1671\">Encender un <strong data-start=\"1644\" data-end=\"1670\">carb\u00f3n de incienso<\/strong>.<\/p>\n<\/li>\n<li data-section-id=\"gthaey\" data-start=\"1672\" data-end=\"1734\">\n<p data-start=\"1675\" data-end=\"1734\">Col\u00f3calo en un <strong data-start=\"1694\" data-end=\"1733\">incensario resistente al calor<\/strong>.<\/p>\n<\/li>\n<li data-section-id=\"3n62ul\" data-start=\"1735\" data-end=\"1804\">\n<p data-start=\"1738\" data-end=\"1804\">Vierte unos <strong data-start=\"1753\" data-end=\"1781\">granos de incienso de plata<\/strong> sobre el carb\u00f3n encendido.<\/p>\n<\/li>\n<li data-section-id=\"1l6vjag\" data-start=\"1805\" data-end=\"1891\">\n<p data-start=\"1808\" data-end=\"1891\">Deja que el humo purifique el entorno mientras concentras la intenci\u00f3n ritual.<\/p>\n<\/li>\n<\/ol>\n<p data-start=\"1893\" data-end=\"2077\">\ud83d\udca1 <strong data-start=\"1896\" data-end=\"1920\">Consejo esot\u00e9rico:<\/strong><br data-start=\"1920\" data-end=\"1923\">Ideal para utilizar <strong data-start=\"1944\" data-end=\"2026\">antes de consultar las cartas del tarot, leer las cartas o realizar rituales espirituales<\/strong>, para crear un campo energ\u00e9tico limpio y protegido.<\/p>\n<h2 data-section-id=\"4uy6q5\" data-start=\"2084\" data-end=\"2099\">\ud83d\udce6 Contenido<\/h2>\n<ul data-start=\"2101\" data-end=\"2196\">\n<li data-section-id=\"dmszn5\" data-start=\"2101\" data-end=\"2158\">\n<p data-start=\"2103\" data-end=\"2158\">Incienso Ritual <strong data-start=\"2119\" data-end=\"2158\">Plata &#8211; Lluvia de Granos de Plata<\/strong><\/p>\n<\/li>\n<li data-section-id=\"1j02zyx\" data-start=\"2159\" data-end=\"2196\">\n<p data-start=\"2161\" data-end=\"2196\">Envase sellado listo para usar<\/p>\n<\/li>\n<\/ul>\n<h2 data-section-id=\"1cuee4\" data-start=\"2203\" data-end=\"2219\">\u26a0\ufe0f Advertencias<\/h2>\n<ul data-start=\"2221\" data-end=\"2363\">\n<li data-section-id=\"1w1gc5k\" data-start=\"2221\" data-end=\"2271\">\n<p data-start=\"2223\" data-end=\"2271\">Util\u00edzalo s\u00f3lo con <strong data-start=\"2242\" data-end=\"2268\">carb\u00f3n de incienso<\/strong>.<\/p>\n<\/li>\n<li data-section-id=\"5mw4h4\" data-start=\"2272\" data-end=\"2324\">\n<p data-start=\"2274\" data-end=\"2324\">No lo dejes sin vigilancia durante la combusti\u00f3n.<\/p>\n<\/li>\n<li data-section-id=\"1dlu6an\" data-start=\"2325\" data-end=\"2363\">\n<p data-start=\"2327\" data-end=\"2363\">Mantenlo alejado de ni\u00f1os y animales.<\/p>\n<\/li>\n<\/ul>\n","protected":false},"excerpt":{"rendered":"<p>Incienso Granos de Plata &#8211; Lluvia de Plata &#8211; Purificaci\u00f3n, Protecci\u00f3n e Intuici\u00f3n Energ\u00eda de plata para purificar y proteger El Incienso Plata &#8211; Lluvia de Plata es una mezcla ritual de granos utilizada en las pr\u00e1cticas esot\u00e9ricas para la purificaci\u00f3n energ\u00e9tica, la protecci\u00f3n espiritual y el desarrollo de la intuici\u00f3n. El color plata est\u00e1 [&hellip;]<\/p>\n","protected":false},"featured_media":53253,"comment_status":"open","ping_status":"closed","template":"","meta":{"_acf_changed":false},"product_brand":[],"product_cat":[904],"product_tag":[1909,1506,1474,6130,1715],"class_list":{"0":"post-53254","1":"product","2":"type-product","3":"status-publish","4":"has-post-thumbnail","6":"product_cat-incienso","7":"product_tag-dinero","8":"product_tag-granos","9":"product_tag-incienso","10":"product_tag-plata","11":"product_tag-proteccion","13":"first","14":"instock","15":"shipping-taxable","16":"purchasable","17":"product-type-simple"},"acf":[],"_links":{"self":[{"href":"https:\/\/www.seleneshop.net\/es\/wp-json\/wp\/v2\/product\/53254","targetHints":{"allow":["GET"]}}],"collection":[{"href":"https:\/\/www.seleneshop.net\/es\/wp-json\/wp\/v2\/product"}],"about":[{"href":"https:\/\/www.seleneshop.net\/es\/wp-json\/wp\/v2\/types\/product"}],"replies":[{"embeddable":true,"href":"https:\/\/www.seleneshop.net\/es\/wp-json\/wp\/v2\/comments?post=53254"}],"wp:featuredmedia":[{"embeddable":true,"href":"https:\/\/www.seleneshop.net\/es\/wp-json\/wp\/v2\/media\/53253"}],"wp:attachment":[{"href":"https:\/\/www.seleneshop.net\/es\/wp-json\/wp\/v2\/media?parent=53254"}],"wp:term":[{"taxonomy":"product_brand","embeddable":true,"href":"https:\/\/www.seleneshop.net\/es\/wp-json\/wp\/v2\/product_brand?post=53254"},{"taxonomy":"product_cat","embeddable":true,"href":"https:\/\/www.seleneshop.net\/es\/wp-json\/wp\/v2\/product_cat?post=53254"},{"taxonomy":"product_tag","embeddable":true,"href":"https:\/\/www.seleneshop.net\/es\/wp-json\/wp\/v2\/product_tag?post=53254"}],"curies":[{"name":"wp","href":"https:\/\/api.w.org\/{rel}","templated":true}]}}