{"id":18473,"date":"2021-08-20T13:48:55","date_gmt":"2021-08-20T11:48:55","guid":{"rendered":"https:\/\/www.seleneshop.net\/shop\/non%20class\u00e9\/bougie-bougie-7-jours-archange-gabriel\/"},"modified":"2026-01-01T03:24:04","modified_gmt":"2026-01-01T02:24:04","slug":"7-jours-archange-gabriel-bougie-bougie","status":"publish","type":"product","link":"https:\/\/www.seleneshop.net\/fr\/shop\/bougies\/7-jours-archange-gabriel-bougie-bougie\/","title":{"rendered":"Bougie de l&#8217;Archange Gabriel &#8211; amour, harmonie et communication"},"content":{"rendered":"<h1>Bougie de l&#8217;Archange Gabriel &#8211; amour, harmonie et communication<\/h1>\n<p>  Il repr\u00e9sente : le bonheur, l&#8217;harmonie, la puret\u00e9, gu\u00e9rit le mal d&#8217;amour, prot\u00e8ge les femmes enceintes, la pers\u00e9v\u00e9rance, chasse les mensonges, attire les bonnes amiti\u00e9s.<br \/>\nSon nom signifie : &#8220;Homme de Dieu&#8221;, &#8220;Force de Dieu&#8221; Jour en son honneur : mercredi Plan\u00e8te : Mercure Bannit les mensonges.<br \/>\nAide \u00e0 \u00eatre coh\u00e9rent.<br \/>\nAttire le soulagement de l&#8217;angoisse amoureuse.<br \/>\nAttire la bonne compagnie.<br \/>\nProt\u00e8ge les femmes enceintes, est l&#8217;archange de l&#8217;amour, de l&#8217;espoir, des r\u00e9v\u00e9lations, de la nature, de la cr\u00e9ativit\u00e9, des arts et des \u00e9motions.<br \/>\nSes vertus sont la puret\u00e9, la r\u00e9surrection et l&#8217;ascension.<br \/>\nIl est l&#8217;ange de la r\u00e9v\u00e9lation.<br \/>\nIl est le prince des anges.<br \/>\nIl est fait de feu.<br \/>\nIl a pour mission d&#8217;annoncer les projets et les actions de Dieu.<br \/>\nIl est le plus proche de l&#8217;homme.<br \/>\nMais il n&#8217;est pas seulement un ange messager puisque c&#8217;est lui que Dieu a envoy\u00e9 pour expliquer au proph\u00e8te Daniel le sens de ses visions, Gabriel est donc aussi un ange associ\u00e9 \u00e0 la voyance ; et \u00e0 la mort, puisqu&#8217;il accompagne les \u00e2mes des d\u00e9funts selon la mystique juive.<br \/>\nSon nom (&#8220;Gebher&#8221; dans l&#8217;original h\u00e9breu) a \u00e9t\u00e9 interpr\u00e9t\u00e9 de diverses mani\u00e8res, mais avec des significations similaires : &#8220;Force de Dieu&#8221;, &#8220;Dieu est ma force&#8221;, &#8220;Homme de Dieu&#8221;, &#8220;H\u00e9ros de Dieu&#8221; ; ou, dans le cas de son nom islamique &#8220;Djibril&#8221;, comme &#8220;L&#8217;esprit fid\u00e8le&#8221;.<br \/>\nPlusieurs titres ont \u00e9galement \u00e9t\u00e9 donn\u00e9s pour exprimer ses fonctions et les attributs qui constituent son essence : Ange de l&#8217;Annonciation, Ange de la R\u00e9v\u00e9lation, Ange de la V\u00e9rit\u00e9, Ange de la Puret\u00e9, Ange de l&#8217;Incarnation, Ange de la R\u00e9surrection, Ange de la Joie, Porteur de Bonne Nouvelle, Ange de la Consolation, Ange de la Mis\u00e9ricorde, parmi d&#8217;autres.                <em>Mais Gabriel, plus qu&#8217;\u00e9tant li\u00e9 \u00e0 la mort elle-m\u00eame, est li\u00e9 au cycle vie-mort-renaissance.<\/em>  Dans l&#8217;\u00e9sot\u00e9risme moderne, Gabriel est consid\u00e9r\u00e9 comme l&#8217;archange des \u00e9motions, de la fertilit\u00e9, de la cr\u00e9ativit\u00e9 et des arts, ainsi que l&#8217;ange de la puret\u00e9, de la naissance, de la r\u00e9surrection, des r\u00e9v\u00e9lations et de tous les autres r\u00f4les qui lui sont attribu\u00e9s.<br \/>\nLe christianisme.  L&#8217;aide spirituelle que Gabriel peut apporter aux \u00eatres humains r\u00e9side principalement dans le pouvoir qu&#8217;il a de les conduire vers un chemin de purification dans lequel les sentiments et les \u00e9motions pures grandissent de plus en plus en compagnie de pens\u00e9es sup\u00e9rieures, conduisant ainsi l&#8217;\u00e2me individuelle vers le bien et l&#8217;amour du Cr\u00e9ateur, de sorte que, en marchant sur ce chemin, les vices, la haine, les habitudes mondaines et tout ce genre de choses soient laiss\u00e9s pour compte, au moyen d&#8217;une alchimie \u00e9nerg\u00e9tique d&#8217;ascension spirituelle dans laquelle le travail de l&#8217;archange Gabriel a a suivi une dynamique intrins\u00e8quement li\u00e9e \u00e0 l&#8217;augmentation, \u00e0 la r\u00e9cup\u00e9ration dans les cas o\u00f9 l&#8217;innocence, la puret\u00e9 et la joie typiques de ces premi\u00e8res ann\u00e9es de vie ont \u00e9t\u00e9 perdues. Enfin, la Kabbale consid\u00e8re Gabriel comme l&#8217;ange de l&#8217;aube, l&#8217;ange qui, aux derni\u00e8res heures du matin, re\u00e7oit une &#8220;\u00e9tincelle&#8221; du feu divin, une \u00e9tincelle que Gabriel \u00e9met lorsque les coqs chantent, que les pieux se l\u00e8vent pour \u00e9tudier la Torah et que le pouvoir des d\u00e9mons s&#8217;effondre car, selon la Kabbale, ils n&#8217;ont de pouvoir que jusqu&#8217;\u00e0 ce que &#8220;le coq chante&#8221;, c&#8217;est pourquoi Dieu, les &#8220;justes&#8221; et les \u00eatres de lumi\u00e8re, \u00e0 minuit, lorsque le coq chante, se retirent au Paradis pour c\u00e9l\u00e9brer, laissant le monde libre aux forces des T\u00e9n\u00e8bres.  &nbsp;<\/p>\n<p>&nbsp;<\/p>\n<p>&nbsp;<\/p>\n","protected":false},"excerpt":{"rendered":"<p>Bougie de l&#8217;Archange Gabriel &#8211; amour, harmonie et communication Il repr\u00e9sente : le bonheur, l&#8217;harmonie, la puret\u00e9, gu\u00e9rit le mal d&#8217;amour, prot\u00e8ge les femmes enceintes, la pers\u00e9v\u00e9rance, chasse les mensonges, attire les bonnes amiti\u00e9s. Son nom signifie : &#8220;Homme de Dieu&#8221;, &#8220;Force de Dieu&#8221; Jour en son honneur : mercredi Plan\u00e8te : Mercure Bannit les [&hellip;]<\/p>\n","protected":false},"featured_media":42179,"comment_status":"open","ping_status":"closed","template":"","meta":{"_acf_changed":false},"product_brand":[],"product_cat":[878,865],"product_tag":[2377,1121,1883,2375,2376,1112,1116],"class_list":{"0":"post-18473","1":"product","2":"type-product","3":"status-publish","4":"has-post-thumbnail","6":"product_cat-bougies","7":"product_cat-anges","8":"product_tag-7-fr","9":"product_tag-archange","10":"product_tag-bougie","11":"product_tag-gabrielle","12":"product_tag-journees","13":"product_tag-sept","14":"product_tag-zero","16":"first","17":"instock","18":"shipping-taxable","19":"purchasable","20":"product-type-simple"},"acf":[],"_links":{"self":[{"href":"https:\/\/www.seleneshop.net\/fr\/wp-json\/wp\/v2\/product\/18473","targetHints":{"allow":["GET"]}}],"collection":[{"href":"https:\/\/www.seleneshop.net\/fr\/wp-json\/wp\/v2\/product"}],"about":[{"href":"https:\/\/www.seleneshop.net\/fr\/wp-json\/wp\/v2\/types\/product"}],"replies":[{"embeddable":true,"href":"https:\/\/www.seleneshop.net\/fr\/wp-json\/wp\/v2\/comments?post=18473"}],"wp:featuredmedia":[{"embeddable":true,"href":"https:\/\/www.seleneshop.net\/fr\/wp-json\/wp\/v2\/media\/42179"}],"wp:attachment":[{"href":"https:\/\/www.seleneshop.net\/fr\/wp-json\/wp\/v2\/media?parent=18473"}],"wp:term":[{"taxonomy":"product_brand","embeddable":true,"href":"https:\/\/www.seleneshop.net\/fr\/wp-json\/wp\/v2\/product_brand?post=18473"},{"taxonomy":"product_cat","embeddable":true,"href":"https:\/\/www.seleneshop.net\/fr\/wp-json\/wp\/v2\/product_cat?post=18473"},{"taxonomy":"product_tag","embeddable":true,"href":"https:\/\/www.seleneshop.net\/fr\/wp-json\/wp\/v2\/product_tag?post=18473"}],"curies":[{"name":"wp","href":"https:\/\/api.w.org\/{rel}","templated":true}]}}