{"id":31650,"date":"2022-09-17T17:18:23","date_gmt":"2022-09-17T15:21:27","guid":{"rendered":"https:\/\/www.seleneshop.net\/shop\/non class\u00e9\/eau-spirituelle-violette-tranquillite\/"},"modified":"2022-09-17T17:21:27","modified_gmt":"2022-09-17T15:21:27","slug":"eau-spirituel-violet-tranquillite","status":"publish","type":"product","link":"https:\/\/www.seleneshop.net\/fr\/shop\/eaux-spirituelles\/eau-spirituel-violet-tranquillite\/","title":{"rendered":"Eau spirituelle violette &#8211; Tranquillit\u00e9"},"content":{"rendered":"<h1>Eau spirituelle violette &#8211; Tranquillit\u00e9<\/h1>\n<p>Son ar\u00f4me doux et d\u00e9licat le rend indispensable dans les routines de beaut\u00e9.<\/p>\n<p>Contribue \u00e0 l&#8217;\u00e9quilibre du caract\u00e8re en favorisant la tranquillit\u00e9<\/p>\n<p>Aussi douce et \u00e9nigmatique que la fleur elle-m\u00eame.<\/p>\n<p><span class=\"VIiyi\" lang=\"it\"><span class=\"JLqJ4b ChMk0b\"><span class=\"Q4iAWc\">Les parfums et les eaux de Cologne peuvent \u00eatre utilis\u00e9s en compl\u00e9ment pour renforcer vos intentions pendant l&#8217;allumage des bougies et l&#8217;ex\u00e9cution des sorts.<\/span><\/span> <span class=\"JLqJ4b ChMk0b\"><span class=\"Q4iAWc\">Veillez \u00e0 l&#8217;utiliser avec foi et priez pendant l&#8217;application.<\/span><\/span><\/span><\/p>\n","protected":false},"excerpt":{"rendered":"<p>Eau spirituelle violette &#8211; Tranquillit\u00e9 Son ar\u00f4me doux et d\u00e9licat le rend indispensable dans les routines de beaut\u00e9. Contribue \u00e0 l&#8217;\u00e9quilibre du caract\u00e8re en favorisant la tranquillit\u00e9 Aussi douce et \u00e9nigmatique que la fleur elle-m\u00eame. Les parfums et les eaux de Cologne peuvent \u00eatre utilis\u00e9s en compl\u00e9ment pour renforcer vos intentions pendant l&#8217;allumage des bougies [&hellip;]<\/p>\n","protected":false},"featured_media":31694,"comment_status":"open","ping_status":"closed","template":"","meta":{"_acf_changed":false},"product_brand":[],"product_cat":[3248],"product_tag":[3249,3250,4842,4841],"class_list":{"0":"post-31650","1":"product","2":"type-product","3":"status-publish","4":"has-post-thumbnail","6":"product_cat-eaux-spirituelles","7":"product_tag-leau","8":"product_tag-spirituel","9":"product_tag-tranquillite-fr","10":"product_tag-violet-fr","12":"first","13":"instock","14":"shipping-taxable","15":"purchasable","16":"product-type-simple"},"acf":[],"_links":{"self":[{"href":"https:\/\/www.seleneshop.net\/fr\/wp-json\/wp\/v2\/product\/31650","targetHints":{"allow":["GET"]}}],"collection":[{"href":"https:\/\/www.seleneshop.net\/fr\/wp-json\/wp\/v2\/product"}],"about":[{"href":"https:\/\/www.seleneshop.net\/fr\/wp-json\/wp\/v2\/types\/product"}],"replies":[{"embeddable":true,"href":"https:\/\/www.seleneshop.net\/fr\/wp-json\/wp\/v2\/comments?post=31650"}],"wp:featuredmedia":[{"embeddable":true,"href":"https:\/\/www.seleneshop.net\/fr\/wp-json\/wp\/v2\/media\/31694"}],"wp:attachment":[{"href":"https:\/\/www.seleneshop.net\/fr\/wp-json\/wp\/v2\/media?parent=31650"}],"wp:term":[{"taxonomy":"product_brand","embeddable":true,"href":"https:\/\/www.seleneshop.net\/fr\/wp-json\/wp\/v2\/product_brand?post=31650"},{"taxonomy":"product_cat","embeddable":true,"href":"https:\/\/www.seleneshop.net\/fr\/wp-json\/wp\/v2\/product_cat?post=31650"},{"taxonomy":"product_tag","embeddable":true,"href":"https:\/\/www.seleneshop.net\/fr\/wp-json\/wp\/v2\/product_tag?post=31650"}],"curies":[{"name":"wp","href":"https:\/\/api.w.org\/{rel}","templated":true}]}}