{"id":40123,"date":"2021-03-27T18:11:19","date_gmt":"2023-10-09T10:53:28","guid":{"rendered":"https:\/\/www.seleneshop.net\/shop\/non%20class\u00e9\/pendule-egyptien-de-luxe-plaque-argent\/"},"modified":"2023-10-09T12:54:27","modified_gmt":"2023-10-09T10:54:27","slug":"pendule-deluxe-gyptien-argente","status":"publish","type":"product","link":"https:\/\/www.seleneshop.net\/fr\/shop\/pendule-de-radioesthesie\/pendule-deluxe-gyptien-argente\/","title":{"rendered":"Pendule \u00e9gyptien de luxe plaqu\u00e9 argent"},"content":{"rendered":"<h2><strong>Pendule \u00e9gyptien de luxe plaqu\u00e9 argent : D\u00e9couvrez le pouvoir de la divination et de la recherche<\/strong><\/h2>\n<p>Le pendule \u00e9gyptien de luxe plaqu\u00e9 argent est un instrument extraordinaire souvent utilis\u00e9 pour d\u00e9couvrir des v\u00e9rit\u00e9s cach\u00e9es ou retrouver des objets perdus. Son histoire trouve ses racines dans l&#8217;\u00c9gypte ancienne, o\u00f9 la divination faisait partie int\u00e9grante de la culture.<\/p>\n<p>La fonction premi\u00e8re de ce pendule est de manifester de l&#8217;\u00e9nergie par ses mouvements. Lorsqu&#8217;il est mani\u00e9 avec soin, il amplifie et rend \u00e9vidente la vibration \u00e9nerg\u00e9tique qu&#8217;une personne peut percevoir. Son mouvement fournit des informations pr\u00e9cieuses sur le type d&#8217;\u00e9nergie pr\u00e9sent dans l&#8217;environnement, ce qui permet au radiesth\u00e9siste d&#8217;obtenir des informations d\u00e9taill\u00e9es et des r\u00e9ponses aux questions pos\u00e9es.<\/p>\n<p>Le pendule de luxe \u00e9gyptien plaqu\u00e9 argent est un exemple de savoir-faire artisanal, avec un design inspir\u00e9 de l&#8217;\u00c9gypte ancienne, connue pour ses liens profonds avec le monde spirituel. Ce pendule est fabriqu\u00e9 avec soin et pr\u00e9cision, en utilisant des mat\u00e9riaux de haute qualit\u00e9 pour garantir une sensibilit\u00e9 et une pr\u00e9cision maximales dans ses r\u00e9ponses.<\/p>\n<p>Si vous souhaitez approfondir l&#8217;utilisation de ce pendule et apprendre des techniques avanc\u00e9es de divination, veuillez visiter notre page compl\u00e8te sur le <a href=\"https:\/\/www.wiccashop.eu\/2023\/10\/il-pendolo-divinatorio\/\" target=\"_blank\" rel=\"noopener\">pendule<\/a> sur notre blog. Vous trouverez ici des informations d\u00e9taill\u00e9es sur l&#8217;art de la divination et sur la mani\u00e8re d&#8217;utiliser pleinement le pouvoir de cet outil extraordinaire.<\/p>\n<p>Pour rendre cette exp\u00e9rience encore plus sp\u00e9ciale, le pendule est livr\u00e9 avec un sac original, id\u00e9al pour le ranger en toute s\u00e9curit\u00e9 et le garder \u00e0 l&#8217;abri des \u00e9nergies ext\u00e9rieures.<\/p>\n<p>Choisissez le pendule \u00e9gyptien de luxe plaqu\u00e9 argent pour explorer le monde myst\u00e9rieux de la divination et de la recherche avec style et \u00e9l\u00e9gance. Faites confiance \u00e0 un outil ancien qui a r\u00e9sist\u00e9 \u00e0 l&#8217;\u00e9preuve du temps et qui continue d&#8217;offrir un \u00e9clairage et des r\u00e9ponses aux questions les plus profondes de la vie.<\/p>\n","protected":false},"excerpt":{"rendered":"<p><strong>Pendule \u00e9gyptien de luxe plaqu\u00e9 argent<\/strong>: un outil de divination inspir\u00e9 de l&#8217;\u00c9gypte ancienne pour d\u00e9couvrir des v\u00e9rit\u00e9s cach\u00e9es et des objets perdus. D&#8217;une grande qualit\u00e9 de fabrication, le pendule amplifie et manifeste les \u00e9nergies, fournissant de pr\u00e9cieuses indications.<\/p>\n","protected":false},"featured_media":20997,"comment_status":"open","ping_status":"closed","template":"","meta":{"_acf_changed":false},"product_brand":[],"product_cat":[942],"product_tag":[5615,4898,2492,2857,1413,2490],"class_list":{"0":"post-40123","1":"product","2":"type-product","3":"status-publish","4":"has-post-thumbnail","6":"product_cat-pendule-de-radioesthesie","7":"product_tag-argente","8":"product_tag-deluxe-fr","9":"product_tag-egyptien","10":"product_tag-esprit","11":"product_tag-pendule","12":"product_tag-radiesthesiste","14":"first","15":"instock","16":"shipping-taxable","17":"purchasable","18":"product-type-simple"},"acf":[],"_links":{"self":[{"href":"https:\/\/www.seleneshop.net\/fr\/wp-json\/wp\/v2\/product\/40123","targetHints":{"allow":["GET"]}}],"collection":[{"href":"https:\/\/www.seleneshop.net\/fr\/wp-json\/wp\/v2\/product"}],"about":[{"href":"https:\/\/www.seleneshop.net\/fr\/wp-json\/wp\/v2\/types\/product"}],"replies":[{"embeddable":true,"href":"https:\/\/www.seleneshop.net\/fr\/wp-json\/wp\/v2\/comments?post=40123"}],"wp:featuredmedia":[{"embeddable":true,"href":"https:\/\/www.seleneshop.net\/fr\/wp-json\/wp\/v2\/media\/20997"}],"wp:attachment":[{"href":"https:\/\/www.seleneshop.net\/fr\/wp-json\/wp\/v2\/media?parent=40123"}],"wp:term":[{"taxonomy":"product_brand","embeddable":true,"href":"https:\/\/www.seleneshop.net\/fr\/wp-json\/wp\/v2\/product_brand?post=40123"},{"taxonomy":"product_cat","embeddable":true,"href":"https:\/\/www.seleneshop.net\/fr\/wp-json\/wp\/v2\/product_cat?post=40123"},{"taxonomy":"product_tag","embeddable":true,"href":"https:\/\/www.seleneshop.net\/fr\/wp-json\/wp\/v2\/product_tag?post=40123"}],"curies":[{"name":"wp","href":"https:\/\/api.w.org\/{rel}","templated":true}]}}