{"id":45406,"date":"2024-06-24T15:22:28","date_gmt":"2024-06-24T13:22:28","guid":{"rendered":"https:\/\/www.seleneshop.net\/shop\/non%20class\u00e9\/spray-pour-lenvironnement-du-ligament-male\/"},"modified":"2024-08-16T14:11:59","modified_gmt":"2024-08-16T12:11:59","slug":"spray-pour-lenvironnement-du-ligament-male","status":"publish","type":"product","link":"https:\/\/www.seleneshop.net\/fr\/shop\/vaporisateur-dambiance\/spray-pour-lenvironnement-du-ligament-male\/","title":{"rendered":"Spray pour l&#8217;environnement du ligament m\u00e2le"},"content":{"rendered":"<h2><strong>Spray environnemental Bonding masculin<\/strong><\/h2>\n<p>  Ce puissant fluide parfum\u00e9 a \u00e9t\u00e9 cr\u00e9\u00e9 pour unir le couple et renforcer le lien amoureux. Id\u00e9al pour pulv\u00e9riser dans toute la maison, en particulier dans les coins, pour favoriser l&#8217;harmonie et la connexion entre les partenaires.  <strong>Caract\u00e9ristiques :<\/strong><\/p>\n<ul>\n<li>Formule puissante pour renforcer les liens du couple.<\/li>\n<li>Il parfume agr\u00e9ablement l&#8217;environnement tout en agissant sur le niveau d&#8217;\u00e9nergie.<\/li>\n<li>Id\u00e9al pour cr\u00e9er une atmosph\u00e8re d&#8217;amour et d&#8217;intimit\u00e9 dans la maison.<\/li>\n<li>Produit de haute qualit\u00e9, formul\u00e9 avec des ingr\u00e9dients s\u00e9lectionn\u00e9s.<\/li>\n<\/ul>\n<p><strong>Mode d&#8217;emploi :<\/strong> Vaporisez loin des yeux et des enfants. Agitez bien avant de l&#8217;utiliser. Utilisez-le r\u00e9guli\u00e8rement pour obtenir les meilleurs r\u00e9sultats.  &nbsp;<\/p>\n","protected":false},"excerpt":{"rendered":"<p>Spray environnemental Bonding masculin Ce puissant fluide parfum\u00e9 a \u00e9t\u00e9 cr\u00e9\u00e9 pour unir le couple et renforcer le lien amoureux. Id\u00e9al pour pulv\u00e9riser dans toute la maison, en particulier dans les coins, pour favoriser l&#8217;harmonie et la connexion entre les partenaires. Caract\u00e9ristiques : Formule puissante pour renforcer les liens du couple. Il parfume agr\u00e9ablement l&#8217;environnement [&hellip;]<\/p>\n","protected":false},"featured_media":45402,"comment_status":"open","ping_status":"closed","template":"","meta":{"_acf_changed":false},"product_brand":[],"product_cat":[4540],"product_tag":[1897,4601,2729,2730,4600],"class_list":{"0":"post-45406","1":"product","2":"type-product","3":"status-publish","4":"has-post-thumbnail","6":"product_cat-vaporisateur-dambiance","7":"product_tag-amour","8":"product_tag-environnement","9":"product_tag-ligament-fr","10":"product_tag-masculin","11":"product_tag-vaporiser","13":"first","14":"instock","15":"shipping-taxable","16":"purchasable","17":"product-type-simple"},"acf":[],"_links":{"self":[{"href":"https:\/\/www.seleneshop.net\/fr\/wp-json\/wp\/v2\/product\/45406","targetHints":{"allow":["GET"]}}],"collection":[{"href":"https:\/\/www.seleneshop.net\/fr\/wp-json\/wp\/v2\/product"}],"about":[{"href":"https:\/\/www.seleneshop.net\/fr\/wp-json\/wp\/v2\/types\/product"}],"replies":[{"embeddable":true,"href":"https:\/\/www.seleneshop.net\/fr\/wp-json\/wp\/v2\/comments?post=45406"}],"wp:featuredmedia":[{"embeddable":true,"href":"https:\/\/www.seleneshop.net\/fr\/wp-json\/wp\/v2\/media\/45402"}],"wp:attachment":[{"href":"https:\/\/www.seleneshop.net\/fr\/wp-json\/wp\/v2\/media?parent=45406"}],"wp:term":[{"taxonomy":"product_brand","embeddable":true,"href":"https:\/\/www.seleneshop.net\/fr\/wp-json\/wp\/v2\/product_brand?post=45406"},{"taxonomy":"product_cat","embeddable":true,"href":"https:\/\/www.seleneshop.net\/fr\/wp-json\/wp\/v2\/product_cat?post=45406"},{"taxonomy":"product_tag","embeddable":true,"href":"https:\/\/www.seleneshop.net\/fr\/wp-json\/wp\/v2\/product_tag?post=45406"}],"curies":[{"name":"wp","href":"https:\/\/api.w.org\/{rel}","templated":true}]}}