{"id":46542,"date":"2024-08-21T17:09:06","date_gmt":"2024-08-21T15:09:06","guid":{"rendered":"https:\/\/www.seleneshop.net\/shop\/non class\u00e9\/bougie-cle-open-road\/"},"modified":"2024-08-21T17:11:45","modified_gmt":"2024-08-21T15:11:45","slug":"bougie-cle-open-road","status":"publish","type":"product","link":"https:\/\/www.seleneshop.net\/fr\/shop\/bougies\/bougie-cle-open-road\/","title":{"rendered":"Bougie cl\u00e9 Open Road"},"content":{"rendered":"<h2>Bougie cl\u00e9 Open Road<\/h2>\n<p>  La bougie pr\u00e9paratoire Open Roads Key est une bougie \u00e0 base de plantes con\u00e7ue pour vous aider \u00e0 surmonter les situations difficiles et \u00e0 \u00e9liminer les obstacles qui bloquent votre chemin.<br \/>\nCe puissant outil \u00e9sot\u00e9rique est con\u00e7u pour attirer de nouvelles opportunit\u00e9s favorables et promouvoir des changements positifs dans votre vie.   <strong>Caract\u00e9ristiques et avantages :<\/strong><\/p>\n<ul>\n<li><strong>\u00c9limination des obstacles :<\/strong> la r\u00e9duction progressive est con\u00e7ue pour \u00e9liminer les obstacles qui vous emp\u00eachent d&#8217;aller de l&#8217;avant, qu&#8217;ils soient d&#8217;ordre \u00e9motionnel, professionnel, financier ou personnel.<\/li>\n<li><strong>Attraction des opportunit\u00e9s :<\/strong> En allumant la bougie, vous pouvez cr\u00e9er une ouverture \u00e9nerg\u00e9tique qui permet l&#8217;arriv\u00e9e de nouvelles possibilit\u00e9s et d&#8217;opportunit\u00e9s b\u00e9n\u00e9fiques.<\/li>\n<li><strong>Soutien dans les moments difficiles :<\/strong> Id\u00e9ale dans les phases de confusion mentale ou de stagnation \u00e9conomique, la bougie &#8216;Road Openers&#8217; agit comme un guide lumineux pour surmonter les difficult\u00e9s.<\/li>\n<li><strong>Polyvalence d&#8217;utilisation :<\/strong> Que vous souhaitiez am\u00e9liorer votre situation en amour, au travail, en sant\u00e9 ou en famille, cette bougie est votre alli\u00e9e pour atteindre ce que vous d\u00e9sirez.<\/li>\n<\/ul>\n<p><strong>Conseil \u00e9sot\u00e9rique :<\/strong> Pour renforcer l&#8217;efficacit\u00e9 de la bougie Key Road Opening, il est recommand\u00e9 de l&#8217;utiliser avec l&#8217;huile Key Road Opening.<br \/>\nCette combinaison amplifie l&#8217;\u00e9nergie positive et vous permet d&#8217;atteindre plus facilement vos objectifs.   <strong>Sp\u00e9cifications :<\/strong><\/p>\n<ul>\n<li>Bougie herbac\u00e9e<\/li>\n<li>Utilisation : Supprimer les obstacles et attirer les opportunit\u00e9s<\/li>\n<li>Consommation : enterrer les restes apr\u00e8s utilisation<\/li>\n<li>Recommand\u00e9 pour : Amour, Travail, Famille, Economie<\/li>\n<\/ul>\n<p>  Rendez votre vie plus fluide et plus riche en possibilit\u00e9s avec la bougie Key Road Opening Candle.<br \/>\nUn produit unique pour ouvrir de nouvelles voies vers le succ\u00e8s et le bonheur. <\/p>\n","protected":false},"excerpt":{"rendered":"<p>Bougie cl\u00e9 Open Road La bougie pr\u00e9paratoire Open Roads Key est une bougie \u00e0 base de plantes con\u00e7ue pour vous aider \u00e0 surmonter les situations difficiles et \u00e0 \u00e9liminer les obstacles qui bloquent votre chemin. Ce puissant outil \u00e9sot\u00e9rique est con\u00e7u pour attirer de nouvelles opportunit\u00e9s favorables et promouvoir des changements positifs dans votre vie. [&hellip;]<\/p>\n","protected":false},"featured_media":46538,"comment_status":"open","ping_status":"closed","template":"","meta":{"_acf_changed":false},"product_brand":[],"product_cat":[878],"product_tag":[1883,4642,3871,1116],"class_list":{"0":"post-46542","1":"product","2":"type-product","3":"status-publish","4":"has-post-thumbnail","6":"product_cat-bougies","7":"product_tag-bougie","8":"product_tag-cle","9":"product_tag-ouvrir-la-voie","10":"product_tag-zero","12":"first","13":"instock","14":"shipping-taxable","15":"purchasable","16":"product-type-simple"},"acf":[],"_links":{"self":[{"href":"https:\/\/www.seleneshop.net\/fr\/wp-json\/wp\/v2\/product\/46542","targetHints":{"allow":["GET"]}}],"collection":[{"href":"https:\/\/www.seleneshop.net\/fr\/wp-json\/wp\/v2\/product"}],"about":[{"href":"https:\/\/www.seleneshop.net\/fr\/wp-json\/wp\/v2\/types\/product"}],"replies":[{"embeddable":true,"href":"https:\/\/www.seleneshop.net\/fr\/wp-json\/wp\/v2\/comments?post=46542"}],"wp:featuredmedia":[{"embeddable":true,"href":"https:\/\/www.seleneshop.net\/fr\/wp-json\/wp\/v2\/media\/46538"}],"wp:attachment":[{"href":"https:\/\/www.seleneshop.net\/fr\/wp-json\/wp\/v2\/media?parent=46542"}],"wp:term":[{"taxonomy":"product_brand","embeddable":true,"href":"https:\/\/www.seleneshop.net\/fr\/wp-json\/wp\/v2\/product_brand?post=46542"},{"taxonomy":"product_cat","embeddable":true,"href":"https:\/\/www.seleneshop.net\/fr\/wp-json\/wp\/v2\/product_cat?post=46542"},{"taxonomy":"product_tag","embeddable":true,"href":"https:\/\/www.seleneshop.net\/fr\/wp-json\/wp\/v2\/product_tag?post=46542"}],"curies":[{"name":"wp","href":"https:\/\/api.w.org\/{rel}","templated":true}]}}