{"id":46590,"date":"2024-08-21T21:02:10","date_gmt":"2024-08-21T19:02:10","guid":{"rendered":"https:\/\/www.seleneshop.net\/shop\/non%20class\u00e9\/grand-rituel-dimploration-pour-faire-revenir-letre-aime\/"},"modified":"2026-02-01T03:36:03","modified_gmt":"2026-02-01T02:36:03","slug":"grand-rituel-dimploration-pour-faire-revenir-letre-aime","status":"publish","type":"product","link":"https:\/\/www.seleneshop.net\/fr\/shop\/rituels-puissants\/grand-rituel-dimploration-pour-faire-revenir-letre-aime\/","title":{"rendered":"Grand rituel d&#8217;imploration pour faire revenir l&#8217;\u00eatre aim\u00e9"},"content":{"rendered":"<h2>Grand rituel d&#8217;imploration pour faire revenir l&#8217;\u00eatre aim\u00e9<\/h2>\n<p>Le Grand Rituel de Supplication a \u00e9t\u00e9 cr\u00e9\u00e9 pour ceux qui d\u00e9sirent ardemment ramener l&#8217;\u00eatre aim\u00e9 dans leur vie. Ce puissant rituel est con\u00e7u pour envoyer un message \u00e9nerg\u00e9tique de supplication, \u00e9veillant les sentiments et le d\u00e9sir de r\u00e9conciliation dans le c\u0153ur de la personne aim\u00e9e.<\/p>\n<p><strong>Le kit du Grand Rituel de plaidoirie pour r\u00e9cup\u00e9rer votre bien-aim\u00e9(e) comprend<\/strong><\/p>\n<ul>\n<li>1 Bougie ritualis\u00e9e, remplie de cire d&#8217;abeille : fabriqu\u00e9e \u00e0 partir de cire d&#8217;abeille, cette bougie a \u00e9t\u00e9 charg\u00e9e \u00e9nerg\u00e9tiquement pour renforcer l&#8217;efficacit\u00e9 du rituel.<\/li>\n<li>1 bougie \u00e0 main<\/li>\n<li>Des instructions pas \u00e0 pas pour effectuer le rituel correctement, en veillant \u00e0 ce que chaque \u00e9tape soit r\u00e9alis\u00e9e avec l&#8217;intention et la concentration ad\u00e9quates.<\/li>\n<\/ul>\n<p>Ce rituel est id\u00e9al pour ceux qui ressentent un lien fort avec l&#8217;\u00eatre aim\u00e9 et qui souhaitent le supplier de revenir, ravivant ainsi l&#8217;amour et le lien qui vous unissent. Utilisez-le avec foi et intention, en suivant attentivement les instructions fournies. <\/p>\n<p>&nbsp;<\/p>\n","protected":false},"excerpt":{"rendered":"<p>Grand rituel d&#8217;imploration pour faire revenir l&#8217;\u00eatre aim\u00e9 Le Grand Rituel de Supplication a \u00e9t\u00e9 cr\u00e9\u00e9 pour ceux qui d\u00e9sirent ardemment ramener l&#8217;\u00eatre aim\u00e9 dans leur vie. Ce puissant rituel est con\u00e7u pour envoyer un message \u00e9nerg\u00e9tique de supplication, \u00e9veillant les sentiments et le d\u00e9sir de r\u00e9conciliation dans le c\u0153ur de la personne aim\u00e9e. Le [&hellip;]<\/p>\n","protected":false},"featured_media":49965,"comment_status":"open","ping_status":"closed","template":"","meta":{"_acf_changed":false},"product_brand":[],"product_cat":[4356,910],"product_tag":[1897,2332,5886,2089],"class_list":{"0":"post-46590","1":"product","2":"type-product","3":"status-publish","4":"has-post-thumbnail","6":"product_cat-rituels-puissants","7":"product_cat-kits-rituels","8":"product_tag-amour","9":"product_tag-je-reviens","10":"product_tag-retour","11":"product_tag-rituel","13":"first","14":"instock","15":"shipping-taxable","16":"purchasable","17":"product-type-simple"},"acf":[],"_links":{"self":[{"href":"https:\/\/www.seleneshop.net\/fr\/wp-json\/wp\/v2\/product\/46590","targetHints":{"allow":["GET"]}}],"collection":[{"href":"https:\/\/www.seleneshop.net\/fr\/wp-json\/wp\/v2\/product"}],"about":[{"href":"https:\/\/www.seleneshop.net\/fr\/wp-json\/wp\/v2\/types\/product"}],"replies":[{"embeddable":true,"href":"https:\/\/www.seleneshop.net\/fr\/wp-json\/wp\/v2\/comments?post=46590"}],"wp:featuredmedia":[{"embeddable":true,"href":"https:\/\/www.seleneshop.net\/fr\/wp-json\/wp\/v2\/media\/49965"}],"wp:attachment":[{"href":"https:\/\/www.seleneshop.net\/fr\/wp-json\/wp\/v2\/media?parent=46590"}],"wp:term":[{"taxonomy":"product_brand","embeddable":true,"href":"https:\/\/www.seleneshop.net\/fr\/wp-json\/wp\/v2\/product_brand?post=46590"},{"taxonomy":"product_cat","embeddable":true,"href":"https:\/\/www.seleneshop.net\/fr\/wp-json\/wp\/v2\/product_cat?post=46590"},{"taxonomy":"product_tag","embeddable":true,"href":"https:\/\/www.seleneshop.net\/fr\/wp-json\/wp\/v2\/product_tag?post=46590"}],"curies":[{"name":"wp","href":"https:\/\/api.w.org\/{rel}","templated":true}]}}