{"id":47451,"date":"2024-10-25T19:25:23","date_gmt":"2024-10-25T17:26:49","guid":{"rendered":"https:\/\/www.seleneshop.net\/shop\/non class\u00e9\/ruda-en-feuilles-defense-de-purification-spirituelle\/"},"modified":"2024-10-25T19:26:49","modified_gmt":"2024-10-25T17:26:49","slug":"ruda-en-feuilles-defense-de-purification-spirituelle","status":"publish","type":"product","link":"https:\/\/www.seleneshop.net\/fr\/shop\/poudres-esoteriques\/ruda-en-feuilles-defense-de-purification-spirituelle\/","title":{"rendered":"Ruda en feuilles &#8211; d\u00e9fense de purification spirituelle"},"content":{"rendered":"<h2><strong>Ruda dans les feuilles<\/strong><\/h2>\n<p>Le ruda <strong>en feuilles<\/strong> (Ruta graveolens) est un puissant alli\u00e9 de l&#8217;\u00e9sot\u00e9risme, pris\u00e9 pour ses nombreuses propri\u00e9t\u00e9s protectrices, purificatrices et porte-bonheur. Utilis\u00e9 depuis l&#8217;Antiquit\u00e9, le ruda est une ressource indispensable pour ceux qui d\u00e9sirent une protection spirituelle, une purification \u00e9nerg\u00e9tique et de l&#8217;harmonie. <\/p>\n<p><strong>Propri\u00e9t\u00e9s et usages \u00e9sot\u00e9riques :<\/strong><\/p>\n<ol>\n<li>\nP<strong>rotection et d\u00e9fense<\/strong> Le ruda est consid\u00e9r\u00e9 comme l&#8217;une des plantes les plus puissantes pour se prot\u00e9ger des \u00e9nergies n\u00e9gatives et du mauvais \u0153il. Porter une amulette de ruda ou la br\u00fbler dans la maison cr\u00e9e une barri\u00e8re contre les influences n\u00e9gatives. <\/li>\n<li>\nP<strong>urification et nettoyage spirituel<\/strong> Un bain infus\u00e9 de ruda nettoie le corps et l&#8217;\u00e2me, lib\u00e9rant les blocages \u00e9nerg\u00e9tiques et cr\u00e9ant un sentiment d&#8217;\u00e9quilibre int\u00e9rieur. Il est \u00e9galement id\u00e9al pour purifier l&#8217;environnement domestique \u00e0 l&#8217;aide d&#8217;un bouquet de feuilles. <\/li>\n<li>\nA<strong>ttraction de la fortune et de la prosp\u00e9rit\u00e9<\/strong> Connu sous le nom d'&#8221;herbe de la fortune&#8221;, le ruda est souvent inclus dans les sacs de prosp\u00e9rit\u00e9 et br\u00fbl\u00e9 lors de rituels visant \u00e0 promouvoir le bien-\u00eatre \u00e9conomique et \u00e0 ouvrir de nouvelles opportunit\u00e9s.<\/li>\n<li>\nE<strong>limination du mauvais \u0153il et purification karmique<\/strong> Utilis\u00e9 dans les rituels contre le mauvais \u0153il et pour \u00e9liminer les \u00e9nergies n\u00e9gatives, le ruda br\u00fbl\u00e9 sous forme d&#8217;encens aide \u00e0 neutraliser les lourdes influences karmiques.<\/li>\n<li>\n\u00c9quilibre spirituel et s\u00e9r\u00e9nit\u00e9 <strong> Une infusion de ruda en usage externe apporte calme et harmonie, tandis qu&#8217;une plante de ruda dans la maison apporte la paix entre les membres de la famille.<\/strong><\/li>\n<li>\nD<strong>ivination et clairvoyance<\/strong> Br\u00fbl\u00e9 avant un rituel de divination, le ruda favorise la clart\u00e9 mentale et l&#8217;intuition, cr\u00e9ant un environnement \u00e9nerg\u00e9tiquement propre, pr\u00eat pour la m\u00e9ditation.<\/li>\n<\/ol>\n<p><strong>Format :<\/strong> Feuilles de Ruda s\u00e9ch\u00e9es Le Ruda est un alli\u00e9 puissant pour ceux qui veulent \u00eatre prot\u00e9g\u00e9s, purifi\u00e9s et guid\u00e9s spirituellement dans leurs rituels.<\/p>\n","protected":false},"excerpt":{"rendered":"<p>Ruda dans les feuilles Le ruda en feuilles (Ruta graveolens) est un puissant alli\u00e9 de l&#8217;\u00e9sot\u00e9risme, pris\u00e9 pour ses nombreuses propri\u00e9t\u00e9s protectrices, purificatrices et porte-bonheur. Utilis\u00e9 depuis l&#8217;Antiquit\u00e9, le ruda est une ressource indispensable pour ceux qui d\u00e9sirent une protection spirituelle, une purification \u00e9nerg\u00e9tique et de l&#8217;harmonie. Propri\u00e9t\u00e9s et usages \u00e9sot\u00e9riques : Protection et d\u00e9fense [&hellip;]<\/p>\n","protected":false},"featured_media":47446,"comment_status":"open","ping_status":"closed","template":"","meta":{"_acf_changed":false},"product_brand":[],"product_cat":[2434,902],"product_tag":[1462,5901,2088,2454,1722,2019,3586,4097,3250],"class_list":{"0":"post-47451","1":"product","2":"type-product","3":"status-publish","4":"has-post-thumbnail","6":"product_cat-poudres-esoteriques","7":"product_cat-encens","8":"product_tag-encens","9":"product_tag-feuilles","10":"product_tag-karma-fr","11":"product_tag-la-defense-fr","12":"product_tag-nettoyage","13":"product_tag-purification-fr","14":"product_tag-ruda-fr","15":"product_tag-rue-fr","16":"product_tag-spirituel","18":"first","19":"instock","20":"shipping-taxable","21":"purchasable","22":"product-type-simple"},"acf":[],"_links":{"self":[{"href":"https:\/\/www.seleneshop.net\/fr\/wp-json\/wp\/v2\/product\/47451","targetHints":{"allow":["GET"]}}],"collection":[{"href":"https:\/\/www.seleneshop.net\/fr\/wp-json\/wp\/v2\/product"}],"about":[{"href":"https:\/\/www.seleneshop.net\/fr\/wp-json\/wp\/v2\/types\/product"}],"replies":[{"embeddable":true,"href":"https:\/\/www.seleneshop.net\/fr\/wp-json\/wp\/v2\/comments?post=47451"}],"wp:featuredmedia":[{"embeddable":true,"href":"https:\/\/www.seleneshop.net\/fr\/wp-json\/wp\/v2\/media\/47446"}],"wp:attachment":[{"href":"https:\/\/www.seleneshop.net\/fr\/wp-json\/wp\/v2\/media?parent=47451"}],"wp:term":[{"taxonomy":"product_brand","embeddable":true,"href":"https:\/\/www.seleneshop.net\/fr\/wp-json\/wp\/v2\/product_brand?post=47451"},{"taxonomy":"product_cat","embeddable":true,"href":"https:\/\/www.seleneshop.net\/fr\/wp-json\/wp\/v2\/product_cat?post=47451"},{"taxonomy":"product_tag","embeddable":true,"href":"https:\/\/www.seleneshop.net\/fr\/wp-json\/wp\/v2\/product_tag?post=47451"}],"curies":[{"name":"wp","href":"https:\/\/api.w.org\/{rel}","templated":true}]}}