{"id":47474,"date":"2024-10-25T20:25:20","date_gmt":"2024-10-25T18:25:20","guid":{"rendered":"https:\/\/www.seleneshop.net\/shop\/non class\u00e9\/encens-de-resine-de-guggul-succes\/"},"modified":"2024-10-25T20:27:43","modified_gmt":"2024-10-25T18:27:43","slug":"encens-de-resine-de-guggul-succes","status":"publish","type":"product","link":"https:\/\/www.seleneshop.net\/fr\/shop\/encens\/encens-de-resine-de-guggul-succes\/","title":{"rendered":"Encens de r\u00e9sine de guggul &#8211; succ\u00e8s"},"content":{"rendered":"<h2><strong>Encens de r\u00e9sine de guggul &#8211; succ\u00e8s<\/strong><\/h2>\n<p>L&#8217;<strong>encens Guggul Resin<\/strong> est une r\u00e9sine aromatique naturelle, id\u00e9ale pour les d\u00e9cors, les rituels et les offrandes. S\u00e9lectionn\u00e9e et sans additif, cette r\u00e9sine est extraite de l&#8217;arbre <strong>Balsamodendron Mukul<\/strong>, originaire d&#8217;Asie du Sud, notamment de l&#8217;Himalaya, du Myanmar, de l&#8217;Inde, du Bangladesh et du N\u00e9pal. Pris\u00e9 pour sa qualit\u00e9, le bois de l&#8217;arbre est connu pour sa duret\u00e9, tandis que les graines et les fruits sont utilis\u00e9s pour la production d&#8217;huiles v\u00e9g\u00e9tales.  <\/p>\n<p><strong>Propri\u00e9t\u00e9s et usages \u00e9sot\u00e9riques :<\/strong><\/p>\n<ul>\n<li><strong>Protection<\/strong>: favorise la protection spirituelle et nettoie l&#8217;environnement des \u00e9nergies ind\u00e9sirables.<\/li>\n<li><strong>Succ\u00e8s et force<\/strong>: le guggul est souvent utilis\u00e9 dans les rituels pour renforcer la d\u00e9termination et attirer le succ\u00e8s.<\/li>\n<li><strong>Purification \u00e9nerg\u00e9tique<\/strong>: son parfum de myrrhe est id\u00e9al pour les c\u00e9r\u00e9monies de purification \u00e9nerg\u00e9tique et la m\u00e9ditation.<\/li>\n<\/ul>\n<p><strong>Utilisations traditionnelles et culturelles :<\/strong> Utilis\u00e9 en parfumerie et en m\u00e9decine ayurv\u00e9dique pour ses propri\u00e9t\u00e9s b\u00e9n\u00e9fiques, le guggul est \u00e9galement tr\u00e8s appr\u00e9ci\u00e9 dans les c\u00e9r\u00e9monies hindoues, o\u00f9 il constitue une offrande sacr\u00e9e. <strong>Utilisation :<\/strong> Br\u00fblez le guggul dans les pi\u00e8ces \u00e0 purifier ou lors de rituels de protection et de prosp\u00e9rit\u00e9, en laissant son parfum naturel et intense cr\u00e9er une atmosph\u00e8re de sacr\u00e9 et de force spirituelle. <strong>Format :<\/strong> R\u00e9sine naturelle<\/p>\n","protected":false},"excerpt":{"rendered":"<p>Encens de r\u00e9sine de guggul &#8211; succ\u00e8s L&#8217;encens Guggul Resin est une r\u00e9sine aromatique naturelle, id\u00e9ale pour les d\u00e9cors, les rituels et les offrandes. S\u00e9lectionn\u00e9e et sans additif, cette r\u00e9sine est extraite de l&#8217;arbre Balsamodendron Mukul, originaire d&#8217;Asie du Sud, notamment de l&#8217;Himalaya, du Myanmar, de l&#8217;Inde, du Bangladesh et du N\u00e9pal. Pris\u00e9 pour sa [&hellip;]<\/p>\n","protected":false},"featured_media":47470,"comment_status":"open","ping_status":"closed","template":"","meta":{"_acf_changed":false},"product_brand":[],"product_cat":[902],"product_tag":[5913,1462,5914,1951],"class_list":{"0":"post-47474","1":"product","2":"type-product","3":"status-publish","4":"has-post-thumbnail","6":"product_cat-encens","7":"product_tag-en-resine","8":"product_tag-encens","9":"product_tag-guggul-fr","10":"product_tag-succes","12":"first","13":"instock","14":"shipping-taxable","15":"purchasable","16":"product-type-simple"},"acf":[],"_links":{"self":[{"href":"https:\/\/www.seleneshop.net\/fr\/wp-json\/wp\/v2\/product\/47474","targetHints":{"allow":["GET"]}}],"collection":[{"href":"https:\/\/www.seleneshop.net\/fr\/wp-json\/wp\/v2\/product"}],"about":[{"href":"https:\/\/www.seleneshop.net\/fr\/wp-json\/wp\/v2\/types\/product"}],"replies":[{"embeddable":true,"href":"https:\/\/www.seleneshop.net\/fr\/wp-json\/wp\/v2\/comments?post=47474"}],"wp:featuredmedia":[{"embeddable":true,"href":"https:\/\/www.seleneshop.net\/fr\/wp-json\/wp\/v2\/media\/47470"}],"wp:attachment":[{"href":"https:\/\/www.seleneshop.net\/fr\/wp-json\/wp\/v2\/media?parent=47474"}],"wp:term":[{"taxonomy":"product_brand","embeddable":true,"href":"https:\/\/www.seleneshop.net\/fr\/wp-json\/wp\/v2\/product_brand?post=47474"},{"taxonomy":"product_cat","embeddable":true,"href":"https:\/\/www.seleneshop.net\/fr\/wp-json\/wp\/v2\/product_cat?post=47474"},{"taxonomy":"product_tag","embeddable":true,"href":"https:\/\/www.seleneshop.net\/fr\/wp-json\/wp\/v2\/product_tag?post=47474"}],"curies":[{"name":"wp","href":"https:\/\/api.w.org\/{rel}","templated":true}]}}