{"id":47489,"date":"2024-10-26T13:02:29","date_gmt":"2024-10-26T11:13:28","guid":{"rendered":"https:\/\/www.seleneshop.net\/shop\/non class\u00e9\/savon-esoterique-pusanga-amore\/"},"modified":"2024-11-11T14:46:04","modified_gmt":"2024-11-11T13:46:04","slug":"savon-esoterique-pusanga-amore","status":"publish","type":"product","link":"https:\/\/www.seleneshop.net\/fr\/shop\/savons\/savon-esoterique-pusanga-amore\/","title":{"rendered":"Savon \u00e9sot\u00e9rique Pusanga Amore"},"content":{"rendered":"<h2>Savon \u00e9sot\u00e9rique Pusanga Amore<\/h2>\n<div class=\"flex-shrink-0 flex flex-col relative items-end\">\n<div>\n<div class=\"pt-0\">\n<div class=\"gizmo-bot-avatar flex h-8 w-8 items-center justify-center overflow-hidden rounded-full\">\n<div class=\"relative p-1 rounded-sm flex items-center justify-center bg-token-main-surface-primary text-token-text-primary h-8 w-8\">Le <strong>savon \u00e9sot\u00e9rique Pusanga<\/strong> est un produit profond\u00e9ment enracin\u00e9 dans les traditions chamaniques et spirituelles de l&#8217;Amazonie, particuli\u00e8rement utilis\u00e9 par les curanderos p\u00e9ruviens et br\u00e9siliens. Pr\u00e9par\u00e9 avec des ingr\u00e9dients naturels et sacr\u00e9s, il est formul\u00e9 pour favoriser l&#8217;attirance, la protection des relations et l&#8217;augmentation du charme personnel. <\/div>\n<\/div>\n<\/div>\n<\/div>\n<\/div>\n<div class=\"group\/conversation-turn relative flex w-full min-w-0 flex-col agent-turn\">\n<div class=\"flex-col gap-1 md:gap-3\">\n<div class=\"flex max-w-full flex-col flex-grow\">\n<div class=\"min-h-8 text-message flex w-full flex-col items-end gap-2 whitespace-normal break-words [.text-message+&amp;]:mt-5\" dir=\"auto\" data-message-author-role=\"assistant\" data-message-id=\"b0a34634-8fff-403d-8bab-991875a85116\" data-message-model-slug=\"gpt-4o\">\n<div class=\"flex w-full flex-col gap-1 empty:hidden first:pt-[3px]\">\n<div class=\"markdown prose w-full break-words dark:prose-invert dark\">\n<p><strong>Caract\u00e9ristiques de Pusanga :<\/strong><\/p>\n<ul>\n<li><strong>Origine<\/strong>: d\u00e9riv\u00e9 des traditions chamaniques amazoniennes, o\u00f9 les curanderos utilisent les propri\u00e9t\u00e9s \u00e9sot\u00e9riques des plantes \u00e0 travers des rituels et des chants spirituels.<\/li>\n<li><strong>Ingr\u00e9dients sacr\u00e9s<\/strong>: contient des plantes amazoniennes telles que le guayusa, le to\u00e9, le sang de dragon et le chiric sanango, ainsi que des fleurs intens\u00e9ment aromatiques (rose, lotus, jasmin) et des bases liquides pour l&#8217;extraction et la conservation des essences.<\/li>\n<\/ul>\n<p><strong>Utilisations \u00e9sot\u00e9riques du Pusanga :<\/strong><\/p>\n<ul>\n<li><strong>Attraction et liens affectifs<\/strong>: utilis\u00e9 pour \u00e9veiller le d\u00e9sir romantique et intensifier les liens affectifs.<\/li>\n<li><strong>Augmentation du charme personnel<\/strong>: am\u00e9liore le charisme et facilite l&#8217;\u00e9tablissement de nouvelles relations, rendant l&#8217;utilisateur plus attrayant et plus magn\u00e9tique.<\/li>\n<li><strong>Liens spirituels et protection<\/strong>: favorise les liens profonds et prot\u00e8ge les relations des \u00e9nergies n\u00e9gatives ou des influences ext\u00e9rieures.<\/li>\n<\/ul>\n<p><strong>Utilisation :<\/strong> Appliquez le savon pendant le bain pour purifier le corps et l&#8217;aura, en maintenant l&#8217;intention d&#8217;attirer l&#8217;amour, le charme et l&#8217;harmonie dans les relations. Parfait pour les rituels d&#8217;attraction ou comme protection \u00e9nerg\u00e9tique quotidienne. <\/p>\n<\/div>\n<\/div>\n<\/div>\n<\/div>\n<\/div>\n<\/div>\n","protected":false},"excerpt":{"rendered":"<p>Savon \u00e9sot\u00e9rique Pusanga Amore Le savon \u00e9sot\u00e9rique Pusanga est un produit profond\u00e9ment enracin\u00e9 dans les traditions chamaniques et spirituelles de l&#8217;Amazonie, particuli\u00e8rement utilis\u00e9 par les curanderos p\u00e9ruviens et br\u00e9siliens. Pr\u00e9par\u00e9 avec des ingr\u00e9dients naturels et sacr\u00e9s, il est formul\u00e9 pour favoriser l&#8217;attirance, la protection des relations et l&#8217;augmentation du charme personnel. Caract\u00e9ristiques de Pusanga : [&hellip;]<\/p>\n","protected":false},"featured_media":47484,"comment_status":"open","ping_status":"closed","template":"","meta":{"_acf_changed":false},"product_brand":[],"product_cat":[5442],"product_tag":[5921,1897,4694,5449],"class_list":{"0":"post-47489","1":"product","2":"type-product","3":"status-publish","4":"has-post-thumbnail","6":"product_cat-savons","7":"product_tag-amor-fr","8":"product_tag-amour","9":"product_tag-pusanga-fr","10":"product_tag-savon","12":"first","13":"instock","14":"shipping-taxable","15":"purchasable","16":"product-type-simple"},"acf":[],"_links":{"self":[{"href":"https:\/\/www.seleneshop.net\/fr\/wp-json\/wp\/v2\/product\/47489","targetHints":{"allow":["GET"]}}],"collection":[{"href":"https:\/\/www.seleneshop.net\/fr\/wp-json\/wp\/v2\/product"}],"about":[{"href":"https:\/\/www.seleneshop.net\/fr\/wp-json\/wp\/v2\/types\/product"}],"replies":[{"embeddable":true,"href":"https:\/\/www.seleneshop.net\/fr\/wp-json\/wp\/v2\/comments?post=47489"}],"wp:featuredmedia":[{"embeddable":true,"href":"https:\/\/www.seleneshop.net\/fr\/wp-json\/wp\/v2\/media\/47484"}],"wp:attachment":[{"href":"https:\/\/www.seleneshop.net\/fr\/wp-json\/wp\/v2\/media?parent=47489"}],"wp:term":[{"taxonomy":"product_brand","embeddable":true,"href":"https:\/\/www.seleneshop.net\/fr\/wp-json\/wp\/v2\/product_brand?post=47489"},{"taxonomy":"product_cat","embeddable":true,"href":"https:\/\/www.seleneshop.net\/fr\/wp-json\/wp\/v2\/product_cat?post=47489"},{"taxonomy":"product_tag","embeddable":true,"href":"https:\/\/www.seleneshop.net\/fr\/wp-json\/wp\/v2\/product_tag?post=47489"}],"curies":[{"name":"wp","href":"https:\/\/api.w.org\/{rel}","templated":true}]}}