{"id":48154,"date":"2024-12-06T17:31:45","date_gmt":"2024-12-06T16:31:45","guid":{"rendered":"https:\/\/www.seleneshop.net\/shop\/non%20class\u00e9\/bain-de-purification-de-san-alejo-contre-les-ennemis\/"},"modified":"2025-04-01T01:00:05","modified_gmt":"2025-03-31T23:00:05","slug":"bain-de-purification-de-san-alejo-contre-les-ennemis","status":"publish","type":"product","link":"https:\/\/www.seleneshop.net\/fr\/shop\/bains-esoteriques\/bain-de-purification-de-san-alejo-contre-les-ennemis\/","title":{"rendered":"Bain de purification de San Alejo &#8211; contre les ennemis"},"content":{"rendered":"<div class=\"flex-shrink-0 flex flex-col relative items-end\">\n<div>\n<div class=\"pt-0\">\n<div class=\"gizmo-bot-avatar flex h-8 w-8 items-center justify-center overflow-hidden rounded-full\">\n<h2 class=\"relative p-1 rounded-sm flex items-center justify-center bg-token-main-surface-primary text-token-text-primary h-8 w-8\"><strong>San Alejo Bain de purification contre les ennemis<\/strong><\/h2>\n<\/div>\n<\/div>\n<\/div>\n<\/div>\n<div class=\"group\/conversation-turn relative flex w-full min-w-0 flex-col agent-turn\">\n<div class=\"flex-col gap-1 md:gap-3\">\n<div class=\"flex max-w-full flex-col flex-grow\">\n<div class=\"min-h-8 text-message flex w-full flex-col items-end gap-2 whitespace-normal break-words text-start [.text-message+&amp;]:mt-5\" dir=\"auto\" data-message-author-role=\"assistant\" data-message-id=\"70e13cb5-c839-4032-9c4c-da710120c477\" data-message-model-slug=\"gpt-4o\">\n<div class=\"flex w-full flex-col gap-1 empty:hidden first:pt-[3px]\">\n<div class=\"markdown prose w-full break-words dark:prose-invert dark\">\n<p>Le <strong>bain de purification San Alejo<\/strong> est un outil \u00e9sot\u00e9rique puissant con\u00e7u pour invoquer l&#8217;aide de San Alejo et bannir les ennemis, les \u00e9nergies n\u00e9gatives et les mauvaises influences de votre vie. Gr\u00e2ce \u00e0 ses propri\u00e9t\u00e9s purificatrices, ce bain favorise la protection spirituelle et la s\u00e9r\u00e9nit\u00e9, r\u00e9tablit l&#8217;\u00e9quilibre \u00e9nerg\u00e9tique et cr\u00e9e un bouclier contre les interf\u00e9rences ext\u00e9rieures. <\/p>\n<p><strong>Caract\u00e9ristiques principales :<\/strong><\/p>\n<ul>\n<li><strong>Format<\/strong>: 250 ml<\/li>\n<li><strong>Propri\u00e9t\u00e9s \u00e9sot\u00e9riques<\/strong>: Purification \u00e9nerg\u00e9tique, \u00e9loignement des ennemis et protection contre les mauvaises influences.<\/li>\n<li><strong>Inspiration spirituelle<\/strong>: Invocation de San Alejo, connu pour sa capacit\u00e9 \u00e0 s\u00e9parer les \u00e9nergies n\u00e9gatives et \u00e0 prot\u00e9ger ceux qui lui demandent de l&#8217;aide.<\/li>\n<\/ul>\n<p><strong>Avantages :<\/strong><\/p>\n<ul>\n<li>Il \u00e9loigne les personnes toxiques et les mauvaises fr\u00e9quentations.<\/li>\n<li>Il prot\u00e8ge contre les mauvais regards, l&#8217;envie et les influences n\u00e9gatives.<\/li>\n<li>Il favorise un environnement \u00e9nerg\u00e9tiquement propre et harmonieux.<\/li>\n<\/ul>\n<p><strong>Parfait pour :<\/strong><\/p>\n<ul>\n<li>Toute personne se sentant entour\u00e9e d&#8217;\u00e9nergies hostiles ou souhaitant purifier son espace personnel.<\/li>\n<li>Situations dans lesquelles il est n\u00e9cessaire de se s\u00e9parer d&#8217;ennemis ou de mauvaises fr\u00e9quentations.<\/li>\n<\/ul>\n<p><strong>Remarque particuli\u00e8re :<\/strong> pour renforcer l&#8217;efficacit\u00e9 du bain rituel, associez-le \u00e0 des bougies ou \u00e0 de l&#8217;encens d\u00e9di\u00e9s \u00e0 San Alejo, ou \u00e0 des produits similaires, afin d&#8217;amplifier le lien spirituel et l&#8217;intention de protection.<\/p>\n<p><strong>Un alli\u00e9 pr\u00e9cieux<\/strong> pour ceux qui recherchent la s\u00e9r\u00e9nit\u00e9 et la protection dans leur vie quotidienne.<\/p>\n<\/div>\n<\/div>\n<\/div>\n<\/div>\n<\/div>\n<\/div>\n","protected":false},"excerpt":{"rendered":"<p>San Alejo Bain de purification contre les ennemis Le bain de purification San Alejo est un outil \u00e9sot\u00e9rique puissant con\u00e7u pour invoquer l&#8217;aide de San Alejo et bannir les ennemis, les \u00e9nergies n\u00e9gatives et les mauvaises influences de votre vie. Gr\u00e2ce \u00e0 ses propri\u00e9t\u00e9s purificatrices, ce bain favorise la protection spirituelle et la s\u00e9r\u00e9nit\u00e9, r\u00e9tablit [&hellip;]<\/p>\n","protected":false},"featured_media":48150,"comment_status":"open","ping_status":"closed","template":"","meta":{"_acf_changed":false},"product_brand":[],"product_cat":[3572],"product_tag":[3778,2454,3573,5945],"class_list":{"0":"post-48154","1":"product","2":"type-product","3":"status-publish","4":"has-post-thumbnail","6":"product_cat-bains-esoteriques","7":"product_tag-ennemis","8":"product_tag-la-defense-fr","9":"product_tag-salle-de-bain","10":"product_tag-san-alejo-fr","12":"first","13":"instock","14":"shipping-taxable","15":"purchasable","16":"product-type-simple"},"acf":[],"_links":{"self":[{"href":"https:\/\/www.seleneshop.net\/fr\/wp-json\/wp\/v2\/product\/48154","targetHints":{"allow":["GET"]}}],"collection":[{"href":"https:\/\/www.seleneshop.net\/fr\/wp-json\/wp\/v2\/product"}],"about":[{"href":"https:\/\/www.seleneshop.net\/fr\/wp-json\/wp\/v2\/types\/product"}],"replies":[{"embeddable":true,"href":"https:\/\/www.seleneshop.net\/fr\/wp-json\/wp\/v2\/comments?post=48154"}],"wp:featuredmedia":[{"embeddable":true,"href":"https:\/\/www.seleneshop.net\/fr\/wp-json\/wp\/v2\/media\/48150"}],"wp:attachment":[{"href":"https:\/\/www.seleneshop.net\/fr\/wp-json\/wp\/v2\/media?parent=48154"}],"wp:term":[{"taxonomy":"product_brand","embeddable":true,"href":"https:\/\/www.seleneshop.net\/fr\/wp-json\/wp\/v2\/product_brand?post=48154"},{"taxonomy":"product_cat","embeddable":true,"href":"https:\/\/www.seleneshop.net\/fr\/wp-json\/wp\/v2\/product_cat?post=48154"},{"taxonomy":"product_tag","embeddable":true,"href":"https:\/\/www.seleneshop.net\/fr\/wp-json\/wp\/v2\/product_tag?post=48154"}],"curies":[{"name":"wp","href":"https:\/\/api.w.org\/{rel}","templated":true}]}}