{"id":48223,"date":"2024-12-07T21:33:14","date_gmt":"2024-12-07T20:35:04","guid":{"rendered":"https:\/\/www.seleneshop.net\/shop\/non class\u00e9\/parfum-lesbian-attraction\/"},"modified":"2024-12-07T21:35:04","modified_gmt":"2024-12-07T20:35:04","slug":"parfum-lesbian-attraction","status":"publish","type":"product","link":"https:\/\/www.seleneshop.net\/fr\/shop\/essences-fr\/parfum-lesbian-attraction\/","title":{"rendered":"Parfum Lesbian Attraction"},"content":{"rendered":"<h2>Parfum Lesbian Attraction<\/h2>\n<p>Lesbian Attraction Perfume est un m\u00e9lange raffin\u00e9 de fragrances cr\u00e9\u00e9 pour favoriser le magn\u00e9tisme et la s\u00e9duction de femme \u00e0 femme. Gr\u00e2ce \u00e0 sa formule exclusive, ce parfum d\u00e9gage un ar\u00f4me enveloppant et captivant, con\u00e7u pour cr\u00e9er une atmosph\u00e8re d&#8217;approche et d&#8217;attraction. <\/p>\n<p><strong>Caract\u00e9ristiques principales :<\/strong><\/p>\n<ul>\n<li>Un <strong>parfum unique<\/strong>: un m\u00e9lange d&#8217;ar\u00f4mes s\u00e9duisants et f\u00e9minins, con\u00e7u pour amplifier l&#8217;\u00e9nergie attractive.<\/li>\n<li><strong>Format<\/strong>: \u00c9l\u00e9gant flacon de 100 ml, id\u00e9al pour un usage quotidien ou pour les occasions sp\u00e9ciales.<\/li>\n<li><strong>Fonction \u00e9sot\u00e9rique et personnelle<\/strong>: Favorise l&#8217;attraction \u00e9nerg\u00e9tique et le renforcement du charisme personnel.<\/li>\n<\/ul>\n<p><strong>Usage:<\/strong><\/p>\n<ul>\n<li>Appliquez le parfum sur les points de pulsation (cou, poignets) pour maximiser l&#8217;effet de la fragrance.<\/li>\n<li>Parfait \u00e0 porter dans les moments intimes ou lors de rencontres significatives.<\/li>\n<\/ul>\n<p><strong>Parfait pour :<\/strong><\/p>\n<ul>\n<li>Les femmes qui souhaitent exprimer leur charme et renforcer le lien \u00e9motionnel et physique avec d&#8217;autres femmes.<\/li>\n<li>Cr\u00e9er une aura de s\u00e9duction et de connexion dans des contextes sociaux ou personnels.<\/li>\n<\/ul>\n<p>N<strong>ote sp\u00e9ciale :<\/strong> Le pouvoir du parfum Lesbian Attraction ne r\u00e9side pas seulement dans la fragrance, mais aussi dans l&#8217;intention de celle qui le porte. C&#8217;est un alli\u00e9 parfait pour celles qui souhaitent exprimer leur f\u00e9minit\u00e9 et leur attirance de mani\u00e8re \u00e9l\u00e9gante et subtile. Une id\u00e9e de cadeau id\u00e9ale ou une touche personnelle pour des moments sp\u00e9ciaux ! <\/p>\n","protected":false},"excerpt":{"rendered":"<p>Parfum Lesbian Attraction Lesbian Attraction Perfume est un m\u00e9lange raffin\u00e9 de fragrances cr\u00e9\u00e9 pour favoriser le magn\u00e9tisme et la s\u00e9duction de femme \u00e0 femme. Gr\u00e2ce \u00e0 sa formule exclusive, ce parfum d\u00e9gage un ar\u00f4me enveloppant et captivant, con\u00e7u pour cr\u00e9er une atmosph\u00e8re d&#8217;approche et d&#8217;attraction. Caract\u00e9ristiques principales : Un parfum unique: un m\u00e9lange d&#8217;ar\u00f4mes s\u00e9duisants [&hellip;]<\/p>\n","protected":false},"featured_media":48219,"comment_status":"open","ping_status":"closed","template":"","meta":{"_acf_changed":false},"product_brand":[],"product_cat":[3524],"product_tag":[4362,3552,5960],"class_list":{"0":"post-48223","1":"product","2":"type-product","3":"status-publish","4":"has-post-thumbnail","6":"product_cat-essences-fr","7":"product_tag-attraction-fr","8":"product_tag-flairer","9":"product_tag-lesbienne","11":"first","12":"instock","13":"shipping-taxable","14":"purchasable","15":"product-type-simple"},"acf":[],"_links":{"self":[{"href":"https:\/\/www.seleneshop.net\/fr\/wp-json\/wp\/v2\/product\/48223","targetHints":{"allow":["GET"]}}],"collection":[{"href":"https:\/\/www.seleneshop.net\/fr\/wp-json\/wp\/v2\/product"}],"about":[{"href":"https:\/\/www.seleneshop.net\/fr\/wp-json\/wp\/v2\/types\/product"}],"replies":[{"embeddable":true,"href":"https:\/\/www.seleneshop.net\/fr\/wp-json\/wp\/v2\/comments?post=48223"}],"wp:featuredmedia":[{"embeddable":true,"href":"https:\/\/www.seleneshop.net\/fr\/wp-json\/wp\/v2\/media\/48219"}],"wp:attachment":[{"href":"https:\/\/www.seleneshop.net\/fr\/wp-json\/wp\/v2\/media?parent=48223"}],"wp:term":[{"taxonomy":"product_brand","embeddable":true,"href":"https:\/\/www.seleneshop.net\/fr\/wp-json\/wp\/v2\/product_brand?post=48223"},{"taxonomy":"product_cat","embeddable":true,"href":"https:\/\/www.seleneshop.net\/fr\/wp-json\/wp\/v2\/product_cat?post=48223"},{"taxonomy":"product_tag","embeddable":true,"href":"https:\/\/www.seleneshop.net\/fr\/wp-json\/wp\/v2\/product_tag?post=48223"}],"curies":[{"name":"wp","href":"https:\/\/api.w.org\/{rel}","templated":true}]}}